{"id":24526,"date":"2025-05-21T10:51:03","date_gmt":"2025-05-21T08:51:03","guid":{"rendered":"https:\/\/www.benefitax.de\/german-subsidiary-or-branch-of-a-foreign-company\/"},"modified":"2025-05-21T14:49:11","modified_gmt":"2025-05-21T12:49:11","slug":"german-subsidiary-or-branch-of-a-foreign-company","status":"publish","type":"page","link":"https:\/\/www.benefitax.de\/en\/german-subsidiary-or-branch-of-a-foreign-company\/","title":{"rendered":"German subsidiary or branch of a foreign company"},"content":{"rendered":"\t\t<div data-elementor-type=\"wp-page\" data-elementor-id=\"24526\" class=\"elementor elementor-24526 elementor-24423\" data-elementor-post-type=\"page\">\n\t\t\t\t\t\t<section class=\"elementor-section elementor-top-section elementor-element elementor-element-7fd3cab elementor-section-height-min-height elementor-section-boxed elementor-section-height-default elementor-section-items-middle\" data-id=\"7fd3cab\" data-element_type=\"section\" data-e-type=\"section\" data-settings=\"{&quot;background_background&quot;:&quot;classic&quot;}\">\n\t\t\t\t\t\t<div class=\"elementor-container elementor-column-gap-default\">\n\t\t\t\t\t<div class=\"elementor-column elementor-col-100 elementor-top-column elementor-element elementor-element-b291cc7\" data-id=\"b291cc7\" data-element_type=\"column\" data-e-type=\"column\">\n\t\t\t<div class=\"elementor-widget-wrap elementor-element-populated\">\n\t\t\t\t\t\t<div class=\"elementor-element elementor-element-a9e681b elementor-widget elementor-widget-heading\" data-id=\"a9e681b\" data-element_type=\"widget\" data-e-type=\"widget\" data-widget_type=\"heading.default\">\n\t\t\t\t<div class=\"elementor-widget-container\">\n\t\t\t\t\t<h1 class=\"elementor-heading-title elementor-size-default\">German subsidiary or branch of a foreign company\n<\/h1>\t\t\t\t<\/div>\n\t\t\t\t<\/div>\n\t\t\t\t\t<\/div>\n\t\t<\/div>\n\t\t\t\t\t<\/div>\n\t\t<\/section>\n\t\t\t\t<section class=\"elementor-section elementor-top-section elementor-element elementor-element-c5ca5fb elementor-section-boxed elementor-section-height-default elementor-section-height-default\" data-id=\"c5ca5fb\" data-element_type=\"section\" data-e-type=\"section\">\n\t\t\t\t\t\t<div class=\"elementor-container elementor-column-gap-default\">\n\t\t\t\t\t<div class=\"elementor-column elementor-col-100 elementor-top-column elementor-element elementor-element-0bd6b9b\" data-id=\"0bd6b9b\" data-element_type=\"column\" data-e-type=\"column\">\n\t\t\t<div class=\"elementor-widget-wrap elementor-element-populated\">\n\t\t\t\t\t\t<section class=\"elementor-section elementor-inner-section elementor-element elementor-element-73a1520 elementor-section-boxed elementor-section-height-default elementor-section-height-default\" data-id=\"73a1520\" data-element_type=\"section\" data-e-type=\"section\">\n\t\t\t\t\t\t<div class=\"elementor-container elementor-column-gap-default\">\n\t\t\t\t\t<div class=\"elementor-column elementor-col-50 elementor-inner-column elementor-element elementor-element-d4e5c83\" data-id=\"d4e5c83\" data-element_type=\"column\" data-e-type=\"column\">\n\t\t\t<div class=\"elementor-widget-wrap elementor-element-populated\">\n\t\t\t\t\t\t<div class=\"elementor-element elementor-element-b47484f elementor-widget elementor-widget-heading\" data-id=\"b47484f\" data-element_type=\"widget\" data-e-type=\"widget\" data-widget_type=\"heading.default\">\n\t\t\t\t<div class=\"elementor-widget-container\">\n\t\t\t\t\t<h4 class=\"elementor-heading-title elementor-size-default\">How to conquer Germany!<\/h4>\t\t\t\t<\/div>\n\t\t\t\t<\/div>\n\t\t\t\t<div class=\"elementor-element elementor-element-9e26e4b elementor-widget elementor-widget-text-editor\" data-id=\"9e26e4b\" data-element_type=\"widget\" data-e-type=\"widget\" data-widget_type=\"text-editor.default\">\n\t\t\t\t<div class=\"elementor-widget-container\">\n\t\t\t\t\t\t\t\t\t<p>Do you run a successful company abroad? Are you planning to offer your products or services professionally on the German market via your own legal entity? There are many ways to achieve this: permanent establishment, registered branch or subsidiary. No matter how &#8211; German tax law is a challenge for every foreign investor. It&#8217;s a good thing that with Benefitax you have a partner who acts as a one-stop store for numerous foreign companies, offering all the services you need to make your market entry in Germany a fiscal success story, from start-up advice to correct VAT treatment and disclosure of the annual financial statements:    <\/p>\t\t\t\t\t\t\t\t<\/div>\n\t\t\t\t<\/div>\n\t\t\t\t\t<\/div>\n\t\t<\/div>\n\t\t\t\t<div class=\"elementor-column elementor-col-50 elementor-inner-column elementor-element elementor-element-dfc6e41\" data-id=\"dfc6e41\" data-element_type=\"column\" data-e-type=\"column\">\n\t\t\t<div class=\"elementor-widget-wrap elementor-element-populated\">\n\t\t\t\t\t\t<div class=\"elementor-element elementor-element-ca8c981 elementor-widget elementor-widget-image\" data-id=\"ca8c981\" data-element_type=\"widget\" data-e-type=\"widget\" data-widget_type=\"image.default\">\n\t\t\t\t<div class=\"elementor-widget-container\">\n\t\t\t\t\t\t\t\t\t\t\t\t\t\t\t<img fetchpriority=\"high\" decoding=\"async\" width=\"692\" height=\"692\" src=\"https:\/\/www.benefitax.de\/wp-content\/uploads\/2025\/05\/20327260_Sprung-zwischen-den-Felsen_s.jpg\" class=\"attachment-large size-large wp-image-24426\" alt=\"\" srcset=\"https:\/\/www.benefitax.de\/wp-content\/uploads\/2025\/05\/20327260_Sprung-zwischen-den-Felsen_s.jpg 692w, https:\/\/www.benefitax.de\/wp-content\/uploads\/2025\/05\/20327260_Sprung-zwischen-den-Felsen_s-300x300.jpg 300w, https:\/\/www.benefitax.de\/wp-content\/uploads\/2025\/05\/20327260_Sprung-zwischen-den-Felsen_s-150x150.jpg 150w, https:\/\/www.benefitax.de\/wp-content\/uploads\/2025\/05\/20327260_Sprung-zwischen-den-Felsen_s-33x33.jpg 33w\" sizes=\"(max-width: 692px) 100vw, 692px\" \/>\t\t\t\t\t\t\t\t\t\t\t\t\t\t\t<\/div>\n\t\t\t\t<\/div>\n\t\t\t\t<div class=\"elementor-element elementor-element-f666e36 elementor-align-center elementor-widget elementor-widget-button\" data-id=\"f666e36\" data-element_type=\"widget\" data-e-type=\"widget\" data-widget_type=\"button.default\">\n\t\t\t\t<div class=\"elementor-widget-container\">\n\t\t\t\t\t\t\t\t\t<div class=\"elementor-button-wrapper\">\n\t\t\t\t\t<a class=\"elementor-button elementor-button-link elementor-size-sm\" href=\"\/kontakt\/\">\n\t\t\t\t\t\t<span class=\"elementor-button-content-wrapper\">\n\t\t\t\t\t\t\t\t\t<span class=\"elementor-button-text\">Contact us now<\/span>\n\t\t\t\t\t<\/span>\n\t\t\t\t\t<\/a>\n\t\t\t\t<\/div>\n\t\t\t\t\t\t\t\t<\/div>\n\t\t\t\t<\/div>\n\t\t\t\t\t<\/div>\n\t\t<\/div>\n\t\t\t\t\t<\/div>\n\t\t<\/section>\n\t\t\t\t\t<\/div>\n\t\t<\/div>\n\t\t\t\t\t<\/div>\n\t\t<\/section>\n\t\t\t\t<section class=\"elementor-section elementor-top-section elementor-element elementor-element-e93463b elementor-section-boxed elementor-section-height-default elementor-section-height-default\" data-id=\"e93463b\" data-element_type=\"section\" data-e-type=\"section\" data-settings=\"{&quot;background_background&quot;:&quot;classic&quot;}\">\n\t\t\t\t\t\t<div class=\"elementor-container elementor-column-gap-default\">\n\t\t\t\t\t<div class=\"elementor-column elementor-col-100 elementor-top-column elementor-element elementor-element-97b341e\" data-id=\"97b341e\" data-element_type=\"column\" data-e-type=\"column\">\n\t\t\t<div class=\"elementor-widget-wrap elementor-element-populated\">\n\t\t\t\t\t\t<div class=\"elementor-element elementor-element-f6586f8 elementor-widget elementor-widget-heading\" data-id=\"f6586f8\" data-element_type=\"widget\" data-e-type=\"widget\" data-widget_type=\"heading.default\">\n\t\t\t\t<div class=\"elementor-widget-container\">\n\t\t\t\t\t<h2 class=\"elementor-heading-title elementor-size-default\">Take the leap to Germany  <\/h2>\t\t\t\t<\/div>\n\t\t\t\t<\/div>\n\t\t\t\t<section class=\"elementor-section elementor-inner-section elementor-element elementor-element-8b6b959 elementor-section-boxed elementor-section-height-default elementor-section-height-default\" data-id=\"8b6b959\" data-element_type=\"section\" data-e-type=\"section\">\n\t\t\t\t\t\t<div class=\"elementor-container elementor-column-gap-default\">\n\t\t\t\t\t<div class=\"elementor-column elementor-col-50 elementor-inner-column elementor-element elementor-element-5a69373\" data-id=\"5a69373\" data-element_type=\"column\" data-e-type=\"column\">\n\t\t\t<div class=\"elementor-widget-wrap elementor-element-populated\">\n\t\t\t\t\t\t<div class=\"elementor-element elementor-element-4207a11 elementor-widget elementor-widget-text-editor\" data-id=\"4207a11\" data-element_type=\"widget\" data-e-type=\"widget\" data-widget_type=\"text-editor.default\">\n\t\t\t\t<div class=\"elementor-widget-container\">\n\t\t\t\t\t\t\t\t\t<ul><li><a href=\"https:\/\/www.benefitax.de\/en\/financial-accounting\/\">Financial accounting<\/a><\/li><li><a href=\"https:\/\/www.benefitax.de\/en\/payroll-accounting-2\/\">Payroll accounting<\/a><\/li><li><a href=\"https:\/\/www.benefitax.de\/en\/payment-transactions-and-creditor-management\/\">Payment transactions<\/a><\/li><li><a href=\"https:\/\/www.benefitax.de\/en\/value-added-tax-avoid-expensive-mistakes\/\">Value Added Tax<\/a><\/li><li><a href=\"https:\/\/www.benefitax.de\/en\/quarterly-and-monthly-financial-statements\/\">Interim financial statements<\/a><\/li><li><a href=\"https:\/\/www.benefitax.de\/en\/get-company-tax-returns-prepared\/\">Company tax returns<\/a><\/li><li><a href=\"https:\/\/www.benefitax.de\/en\/preparation-of-professional-annual-financial-statements\/\">Annual financial statements according to commercial law and tax law<\/a><\/li><li><a href=\"https:\/\/www.benefitax.de\/en\/cash-basis-accounting\/\">Cash basis accounting<\/a><\/li><li><a href=\"https:\/\/www.benefitax.de\/en\/checking-and-settlement-of-travel-expenses\/\">Travel expenses<\/a><\/li><li><a href=\"https:\/\/www.benefitax.de\/en\/support-in-tax-field-audits\/\">Support in tax field audits<\/a><\/li><li><a href=\"https:\/\/www.benefitax.de\/en\/tax-compliance-management-systems\/\">Tax Compliance Management Systems<\/a><\/li><li><a href=\"https:\/\/www.benefitax.de\/en\/international-taxation-for-companies\/international-vat-and-expert-opinions-on-vat\/\">International VAT and expert opinions on VAT<\/a><\/li><\/ul>\t\t\t\t\t\t\t\t<\/div>\n\t\t\t\t<\/div>\n\t\t\t\t\t<\/div>\n\t\t<\/div>\n\t\t\t\t<div class=\"elementor-column elementor-col-50 elementor-inner-column elementor-element elementor-element-5dfcdf0\" data-id=\"5dfcdf0\" data-element_type=\"column\" data-e-type=\"column\">\n\t\t\t<div class=\"elementor-widget-wrap elementor-element-populated\">\n\t\t\t\t\t\t<div class=\"elementor-element elementor-element-6b0a70d elementor-widget elementor-widget-text-editor\" data-id=\"6b0a70d\" data-element_type=\"widget\" data-e-type=\"widget\" data-widget_type=\"text-editor.default\">\n\t\t\t\t<div class=\"elementor-widget-container\">\n\t\t\t\t\t\t\t\t\t<ul><li><a href=\"https:\/\/www.benefitax.de\/en\/international-taxation-for-companies\/transfer-pricing-2\/\">Transfer Prices and their documentation<\/a><\/li><li><a href=\"https:\/\/www.benefitax.de\/en\/international-assignment-of-employees-from-germany-to-a-foreign-country\/\">International assignment of employees from Germany to a foreign country<\/a><\/li><li><a href=\"https:\/\/www.benefitax.de\/en\/international-assignment-of-foreign-employees-to-germany\/\">International assignment of foreign employees to Germany<\/a><\/li><li><a href=\"https:\/\/www.benefitax.de\/en\/international-taxation-for-companies\/tax-planning-for-a-group-of-companies\/\">Tax Planning for a group of companies<\/a><\/li><li><a href=\"https:\/\/www.benefitax.de\/en\/expansion-from-germany-to-a-foreign-country-outbound-investments\/\">Expansion from Germany to a Foreign Country (Outbound Investment)<\/a><\/li><li>Travel activities of employees to other EU countries<\/li><li><a href=\"https:\/\/www.benefitax.de\/en\/foundation-of-a-company\/\">Foundation of a company<\/a><\/li><li><a href=\"https:\/\/www.benefitax.de\/en\/providing-a-local-director\/\">Providing a local director<\/a><\/li><li><a href=\"https:\/\/www.benefitax.de\/en\/fiscal-registration\/\">Fiscal registration<\/a><\/li><li><a href=\"https:\/\/www.benefitax.de\/en\/support-for-meetings-with-the-bank\/\" target=\"_blank\" rel=\"noopener\">Support for meetings with the bank<\/a><\/li><li><a href=\"https:\/\/www.benefitax.de\/en\/cost-and-control-systems\/\">Cost accounting and Controlling<\/a><\/li><\/ul>\t\t\t\t\t\t\t\t<\/div>\n\t\t\t\t<\/div>\n\t\t\t\t\t<\/div>\n\t\t<\/div>\n\t\t\t\t\t<\/div>\n\t\t<\/section>\n\t\t\t\t\t<\/div>\n\t\t<\/div>\n\t\t\t\t\t<\/div>\n\t\t<\/section>\n\t\t\t\t<section class=\"elementor-section elementor-top-section elementor-element elementor-element-47092b1 elementor-section-boxed elementor-section-height-default elementor-section-height-default\" data-id=\"47092b1\" data-element_type=\"section\" data-e-type=\"section\">\n\t\t\t\t\t\t<div class=\"elementor-container elementor-column-gap-default\">\n\t\t\t\t\t<div class=\"elementor-column elementor-col-100 elementor-top-column elementor-element elementor-element-d05c583\" data-id=\"d05c583\" data-element_type=\"column\" data-e-type=\"column\">\n\t\t\t<div class=\"elementor-widget-wrap elementor-element-populated\">\n\t\t\t\t\t\t<section class=\"elementor-section elementor-inner-section elementor-element elementor-element-202f19f elementor-section-boxed elementor-section-height-default elementor-section-height-default\" data-id=\"202f19f\" data-element_type=\"section\" data-e-type=\"section\">\n\t\t\t\t\t\t<div class=\"elementor-container elementor-column-gap-default\">\n\t\t\t\t\t<div class=\"elementor-column elementor-col-100 elementor-inner-column elementor-element elementor-element-30b1fb1\" data-id=\"30b1fb1\" data-element_type=\"column\" data-e-type=\"column\">\n\t\t\t<div class=\"elementor-widget-wrap elementor-element-populated\">\n\t\t\t\t\t\t<div class=\"elementor-element elementor-element-20f24be elementor-widget elementor-widget-text-editor\" data-id=\"20f24be\" data-element_type=\"widget\" data-e-type=\"widget\" data-widget_type=\"text-editor.default\">\n\t\t\t\t<div class=\"elementor-widget-container\">\n\t\t\t\t\t\t\t\t\t<h4>Contact us if you would like to conquer the German market!<br>Phone: <a href=\"tel:+496925622760\">+49 69-25622760<\/a><br>or e-mail: <a href=\"mailto:info@benefitax.de\">info@benefitax.de<\/a><\/h4>\t\t\t\t\t\t\t\t<\/div>\n\t\t\t\t<\/div>\n\t\t\t\t\t<\/div>\n\t\t<\/div>\n\t\t\t\t\t<\/div>\n\t\t<\/section>\n\t\t\t\t\t<\/div>\n\t\t<\/div>\n\t\t\t\t\t<\/div>\n\t\t<\/section>\n\t\t\t\t<\/div>\n\t\t","protected":false},"excerpt":{"rendered":"<p>German subsidiary or branch of a foreign company How to conquer Germany! Do you run a successful company abroad? Are you planning to offer your products or services professionally on the German market via your own legal entity? There are many ways to achieve this: permanent establishment, registered branch or subsidiary. No matter how &#8211; [&hellip;]<\/p>\n","protected":false},"author":2,"featured_media":0,"parent":0,"menu_order":0,"comment_status":"closed","ping_status":"closed","template":"","meta":{"_acf_changed":false,"footnotes":""},"class_list":["post-24526","page","type-page","status-publish","hentry"],"acf":[],"yoast_head":"<!-- This site is optimized with the Yoast SEO plugin v27.3 - https:\/\/yoast.com\/product\/yoast-seo-wordpress\/ -->\n<title>German subsidiary or branch of a foreign company - Steuerberatung | Wirtschaftspr\u00fcfung<\/title>\n<meta name=\"description\" content=\"Are you a foreign company planning to conquer the German market? Here you can find out how to be successful in Germany.\" \/>\n<meta name=\"robots\" content=\"index, follow, max-snippet:-1, max-image-preview:large, max-video-preview:-1\" \/>\n<link rel=\"canonical\" href=\"https:\/\/www.benefitax.de\/en\/german-subsidiary-or-branch-of-a-foreign-company\/\" \/>\n<meta property=\"og:locale\" content=\"en_US\" \/>\n<meta property=\"og:type\" content=\"article\" \/>\n<meta property=\"og:title\" content=\"German subsidiary or branch of a foreign company - Steuerberatung | Wirtschaftspr\u00fcfung\" \/>\n<meta property=\"og:description\" content=\"Are you a foreign company planning to conquer the German market? Here you can find out how to be successful in Germany.\" \/>\n<meta property=\"og:url\" content=\"https:\/\/www.benefitax.de\/en\/german-subsidiary-or-branch-of-a-foreign-company\/\" \/>\n<meta property=\"og:site_name\" content=\"Steuerberatung | Wirtschaftspr\u00fcfung\" \/>\n<meta property=\"article:publisher\" content=\"https:\/\/www.facebook.com\/Benefitax\/\" \/>\n<meta property=\"article:modified_time\" content=\"2025-05-21T12:49:11+00:00\" \/>\n<meta property=\"og:image\" content=\"https:\/\/www.benefitax.de\/wp-content\/uploads\/2025\/05\/20327260_Sprung-zwischen-den-Felsen_s.jpg\" \/>\n\t<meta property=\"og:image:width\" content=\"692\" \/>\n\t<meta property=\"og:image:height\" content=\"692\" \/>\n\t<meta property=\"og:image:type\" content=\"image\/jpeg\" \/>\n<meta name=\"twitter:card\" content=\"summary_large_image\" \/>\n<meta name=\"twitter:site\" content=\"@Benefitax\" \/>\n<meta name=\"twitter:label1\" content=\"Est. reading time\" \/>\n\t<meta name=\"twitter:data1\" content=\"2 minutes\" \/>\n<script type=\"application\/ld+json\" class=\"yoast-schema-graph\">{\"@context\":\"https:\\\/\\\/schema.org\",\"@graph\":[{\"@type\":\"WebPage\",\"@id\":\"https:\\\/\\\/www.benefitax.de\\\/en\\\/german-subsidiary-or-branch-of-a-foreign-company\\\/\",\"url\":\"https:\\\/\\\/www.benefitax.de\\\/en\\\/german-subsidiary-or-branch-of-a-foreign-company\\\/\",\"name\":\"German subsidiary or branch of a foreign company - Steuerberatung | Wirtschaftspr\u00fcfung\",\"isPartOf\":{\"@id\":\"https:\\\/\\\/www.benefitax.de\\\/en\\\/#website\"},\"primaryImageOfPage\":{\"@id\":\"https:\\\/\\\/www.benefitax.de\\\/en\\\/german-subsidiary-or-branch-of-a-foreign-company\\\/#primaryimage\"},\"image\":{\"@id\":\"https:\\\/\\\/www.benefitax.de\\\/en\\\/german-subsidiary-or-branch-of-a-foreign-company\\\/#primaryimage\"},\"thumbnailUrl\":\"https:\\\/\\\/www.benefitax.de\\\/wp-content\\\/uploads\\\/2025\\\/05\\\/20327260_Sprung-zwischen-den-Felsen_s.jpg\",\"datePublished\":\"2025-05-21T08:51:03+00:00\",\"dateModified\":\"2025-05-21T12:49:11+00:00\",\"description\":\"Are you a foreign company planning to conquer the German market? Here you can find out how to be successful in Germany.\",\"breadcrumb\":{\"@id\":\"https:\\\/\\\/www.benefitax.de\\\/en\\\/german-subsidiary-or-branch-of-a-foreign-company\\\/#breadcrumb\"},\"inLanguage\":\"en-US\",\"potentialAction\":[{\"@type\":\"ReadAction\",\"target\":[\"https:\\\/\\\/www.benefitax.de\\\/en\\\/german-subsidiary-or-branch-of-a-foreign-company\\\/\"]}]},{\"@type\":\"ImageObject\",\"inLanguage\":\"en-US\",\"@id\":\"https:\\\/\\\/www.benefitax.de\\\/en\\\/german-subsidiary-or-branch-of-a-foreign-company\\\/#primaryimage\",\"url\":\"https:\\\/\\\/www.benefitax.de\\\/wp-content\\\/uploads\\\/2025\\\/05\\\/20327260_Sprung-zwischen-den-Felsen_s.jpg\",\"contentUrl\":\"https:\\\/\\\/www.benefitax.de\\\/wp-content\\\/uploads\\\/2025\\\/05\\\/20327260_Sprung-zwischen-den-Felsen_s.jpg\"},{\"@type\":\"BreadcrumbList\",\"@id\":\"https:\\\/\\\/www.benefitax.de\\\/en\\\/german-subsidiary-or-branch-of-a-foreign-company\\\/#breadcrumb\",\"itemListElement\":[{\"@type\":\"ListItem\",\"position\":1,\"name\":\"Startseite\",\"item\":\"https:\\\/\\\/www.benefitax.de\\\/en\\\/\"},{\"@type\":\"ListItem\",\"position\":2,\"name\":\"German subsidiary or branch of a foreign company\"}]},{\"@type\":\"WebSite\",\"@id\":\"https:\\\/\\\/www.benefitax.de\\\/en\\\/#website\",\"url\":\"https:\\\/\\\/www.benefitax.de\\\/en\\\/\",\"name\":\"Steuerberatung | Wirtschaftspr\u00fcfung\",\"description\":\"Steuerberater f\u00fcr den Mittelstand und f\u00fcr verm\u00f6gende Privatpersonen\",\"publisher\":{\"@id\":\"https:\\\/\\\/www.benefitax.de\\\/en\\\/#organization\"},\"potentialAction\":[{\"@type\":\"SearchAction\",\"target\":{\"@type\":\"EntryPoint\",\"urlTemplate\":\"https:\\\/\\\/www.benefitax.de\\\/en\\\/?s={search_term_string}\"},\"query-input\":{\"@type\":\"PropertyValueSpecification\",\"valueRequired\":true,\"valueName\":\"search_term_string\"}}],\"inLanguage\":\"en-US\"},{\"@type\":\"Organization\",\"@id\":\"https:\\\/\\\/www.benefitax.de\\\/en\\\/#organization\",\"name\":\"Steuerberatung | Wirtschaftspr\u00fcfung\",\"url\":\"https:\\\/\\\/www.benefitax.de\\\/en\\\/\",\"logo\":{\"@type\":\"ImageObject\",\"inLanguage\":\"en-US\",\"@id\":\"https:\\\/\\\/www.benefitax.de\\\/en\\\/#\\\/schema\\\/logo\\\/image\\\/\",\"url\":\"https:\\\/\\\/www.benefitax.de\\\/wp-content\\\/uploads\\\/2022\\\/12\\\/Logo2009_RGB_0_81_205-300x120-1.jpg\",\"contentUrl\":\"https:\\\/\\\/www.benefitax.de\\\/wp-content\\\/uploads\\\/2022\\\/12\\\/Logo2009_RGB_0_81_205-300x120-1.jpg\",\"width\":300,\"height\":120,\"caption\":\"Steuerberatung | Wirtschaftspr\u00fcfung\"},\"image\":{\"@id\":\"https:\\\/\\\/www.benefitax.de\\\/en\\\/#\\\/schema\\\/logo\\\/image\\\/\"},\"sameAs\":[\"https:\\\/\\\/www.facebook.com\\\/Benefitax\\\/\",\"https:\\\/\\\/x.com\\\/Benefitax\",\"https:\\\/\\\/www.xing.com\\\/pages\\\/benefitaxgmbh\"]}]}<\/script>\n<!-- \/ Yoast SEO plugin. -->","yoast_head_json":{"title":"German subsidiary or branch of a foreign company - Steuerberatung | Wirtschaftspr\u00fcfung","description":"Are you a foreign company planning to conquer the German market? Here you can find out how to be successful in Germany.","robots":{"index":"index","follow":"follow","max-snippet":"max-snippet:-1","max-image-preview":"max-image-preview:large","max-video-preview":"max-video-preview:-1"},"canonical":"https:\/\/www.benefitax.de\/en\/german-subsidiary-or-branch-of-a-foreign-company\/","og_locale":"en_US","og_type":"article","og_title":"German subsidiary or branch of a foreign company - Steuerberatung | Wirtschaftspr\u00fcfung","og_description":"Are you a foreign company planning to conquer the German market? Here you can find out how to be successful in Germany.","og_url":"https:\/\/www.benefitax.de\/en\/german-subsidiary-or-branch-of-a-foreign-company\/","og_site_name":"Steuerberatung | Wirtschaftspr\u00fcfung","article_publisher":"https:\/\/www.facebook.com\/Benefitax\/","article_modified_time":"2025-05-21T12:49:11+00:00","og_image":[{"width":692,"height":692,"url":"https:\/\/www.benefitax.de\/wp-content\/uploads\/2025\/05\/20327260_Sprung-zwischen-den-Felsen_s.jpg","type":"image\/jpeg"}],"twitter_card":"summary_large_image","twitter_site":"@Benefitax","twitter_misc":{"Est. reading time":"2 minutes"},"schema":{"@context":"https:\/\/schema.org","@graph":[{"@type":"WebPage","@id":"https:\/\/www.benefitax.de\/en\/german-subsidiary-or-branch-of-a-foreign-company\/","url":"https:\/\/www.benefitax.de\/en\/german-subsidiary-or-branch-of-a-foreign-company\/","name":"German subsidiary or branch of a foreign company - Steuerberatung | Wirtschaftspr\u00fcfung","isPartOf":{"@id":"https:\/\/www.benefitax.de\/en\/#website"},"primaryImageOfPage":{"@id":"https:\/\/www.benefitax.de\/en\/german-subsidiary-or-branch-of-a-foreign-company\/#primaryimage"},"image":{"@id":"https:\/\/www.benefitax.de\/en\/german-subsidiary-or-branch-of-a-foreign-company\/#primaryimage"},"thumbnailUrl":"https:\/\/www.benefitax.de\/wp-content\/uploads\/2025\/05\/20327260_Sprung-zwischen-den-Felsen_s.jpg","datePublished":"2025-05-21T08:51:03+00:00","dateModified":"2025-05-21T12:49:11+00:00","description":"Are you a foreign company planning to conquer the German market? Here you can find out how to be successful in Germany.","breadcrumb":{"@id":"https:\/\/www.benefitax.de\/en\/german-subsidiary-or-branch-of-a-foreign-company\/#breadcrumb"},"inLanguage":"en-US","potentialAction":[{"@type":"ReadAction","target":["https:\/\/www.benefitax.de\/en\/german-subsidiary-or-branch-of-a-foreign-company\/"]}]},{"@type":"ImageObject","inLanguage":"en-US","@id":"https:\/\/www.benefitax.de\/en\/german-subsidiary-or-branch-of-a-foreign-company\/#primaryimage","url":"https:\/\/www.benefitax.de\/wp-content\/uploads\/2025\/05\/20327260_Sprung-zwischen-den-Felsen_s.jpg","contentUrl":"https:\/\/www.benefitax.de\/wp-content\/uploads\/2025\/05\/20327260_Sprung-zwischen-den-Felsen_s.jpg"},{"@type":"BreadcrumbList","@id":"https:\/\/www.benefitax.de\/en\/german-subsidiary-or-branch-of-a-foreign-company\/#breadcrumb","itemListElement":[{"@type":"ListItem","position":1,"name":"Startseite","item":"https:\/\/www.benefitax.de\/en\/"},{"@type":"ListItem","position":2,"name":"German subsidiary or branch of a foreign company"}]},{"@type":"WebSite","@id":"https:\/\/www.benefitax.de\/en\/#website","url":"https:\/\/www.benefitax.de\/en\/","name":"Steuerberatung | Wirtschaftspr\u00fcfung","description":"Steuerberater f\u00fcr den Mittelstand und f\u00fcr verm\u00f6gende Privatpersonen","publisher":{"@id":"https:\/\/www.benefitax.de\/en\/#organization"},"potentialAction":[{"@type":"SearchAction","target":{"@type":"EntryPoint","urlTemplate":"https:\/\/www.benefitax.de\/en\/?s={search_term_string}"},"query-input":{"@type":"PropertyValueSpecification","valueRequired":true,"valueName":"search_term_string"}}],"inLanguage":"en-US"},{"@type":"Organization","@id":"https:\/\/www.benefitax.de\/en\/#organization","name":"Steuerberatung | Wirtschaftspr\u00fcfung","url":"https:\/\/www.benefitax.de\/en\/","logo":{"@type":"ImageObject","inLanguage":"en-US","@id":"https:\/\/www.benefitax.de\/en\/#\/schema\/logo\/image\/","url":"https:\/\/www.benefitax.de\/wp-content\/uploads\/2022\/12\/Logo2009_RGB_0_81_205-300x120-1.jpg","contentUrl":"https:\/\/www.benefitax.de\/wp-content\/uploads\/2022\/12\/Logo2009_RGB_0_81_205-300x120-1.jpg","width":300,"height":120,"caption":"Steuerberatung | Wirtschaftspr\u00fcfung"},"image":{"@id":"https:\/\/www.benefitax.de\/en\/#\/schema\/logo\/image\/"},"sameAs":["https:\/\/www.facebook.com\/Benefitax\/","https:\/\/x.com\/Benefitax","https:\/\/www.xing.com\/pages\/benefitaxgmbh"]}]}},"_links":{"self":[{"href":"https:\/\/www.benefitax.de\/en\/wp-json\/wp\/v2\/pages\/24526","targetHints":{"allow":["GET"]}}],"collection":[{"href":"https:\/\/www.benefitax.de\/en\/wp-json\/wp\/v2\/pages"}],"about":[{"href":"https:\/\/www.benefitax.de\/en\/wp-json\/wp\/v2\/types\/page"}],"author":[{"embeddable":true,"href":"https:\/\/www.benefitax.de\/en\/wp-json\/wp\/v2\/users\/2"}],"replies":[{"embeddable":true,"href":"https:\/\/www.benefitax.de\/en\/wp-json\/wp\/v2\/comments?post=24526"}],"version-history":[{"count":5,"href":"https:\/\/www.benefitax.de\/en\/wp-json\/wp\/v2\/pages\/24526\/revisions"}],"predecessor-version":[{"id":24536,"href":"https:\/\/www.benefitax.de\/en\/wp-json\/wp\/v2\/pages\/24526\/revisions\/24536"}],"wp:attachment":[{"href":"https:\/\/www.benefitax.de\/en\/wp-json\/wp\/v2\/media?parent=24526"}],"curies":[{"name":"wp","href":"https:\/\/api.w.org\/{rel}","templated":true}]}}