{"id":4323,"date":"2023-11-13T14:16:16","date_gmt":"2023-11-13T13:16:16","guid":{"rendered":"https:\/\/www.benefitax.de\/tax-compliance-management-systems\/"},"modified":"2025-04-14T15:05:10","modified_gmt":"2025-04-14T13:05:10","slug":"tax-compliance-management-systems","status":"publish","type":"page","link":"https:\/\/www.benefitax.de\/en\/tax-compliance-management-systems\/","title":{"rendered":"Tax Compliance Management Systems"},"content":{"rendered":"\t\t<div data-elementor-type=\"wp-page\" data-elementor-id=\"4323\" class=\"elementor elementor-4323 elementor-2164\" data-elementor-post-type=\"page\">\n\t\t\t\t\t\t<section class=\"elementor-section elementor-top-section elementor-element elementor-element-7fd3cab elementor-section-height-min-height elementor-section-boxed elementor-section-height-default elementor-section-items-middle\" data-id=\"7fd3cab\" data-element_type=\"section\" data-e-type=\"section\" data-settings=\"{&quot;background_background&quot;:&quot;classic&quot;}\">\n\t\t\t\t\t\t<div class=\"elementor-container elementor-column-gap-default\">\n\t\t\t\t\t<div class=\"elementor-column elementor-col-100 elementor-top-column elementor-element elementor-element-b291cc7\" data-id=\"b291cc7\" data-element_type=\"column\" data-e-type=\"column\">\n\t\t\t<div class=\"elementor-widget-wrap elementor-element-populated\">\n\t\t\t\t\t\t<div class=\"elementor-element elementor-element-a9e681b elementor-widget elementor-widget-heading\" data-id=\"a9e681b\" data-element_type=\"widget\" data-e-type=\"widget\" data-widget_type=\"heading.default\">\n\t\t\t\t<div class=\"elementor-widget-container\">\n\t\t\t\t\t<h1 class=\"elementor-heading-title elementor-size-default\">Tax compliance management systems  <\/h1>\t\t\t\t<\/div>\n\t\t\t\t<\/div>\n\t\t\t\t\t<\/div>\n\t\t<\/div>\n\t\t\t\t\t<\/div>\n\t\t<\/section>\n\t\t\t\t<section class=\"elementor-section elementor-top-section elementor-element elementor-element-c5ca5fb elementor-section-boxed elementor-section-height-default elementor-section-height-default\" data-id=\"c5ca5fb\" data-element_type=\"section\" data-e-type=\"section\">\n\t\t\t\t\t\t<div class=\"elementor-container elementor-column-gap-default\">\n\t\t\t\t\t<div class=\"elementor-column elementor-col-100 elementor-top-column elementor-element elementor-element-0bd6b9b\" data-id=\"0bd6b9b\" data-element_type=\"column\" data-e-type=\"column\">\n\t\t\t<div class=\"elementor-widget-wrap elementor-element-populated\">\n\t\t\t\t\t\t<div class=\"elementor-element elementor-element-1c3cd2e elementor-widget elementor-widget-spacer\" data-id=\"1c3cd2e\" data-element_type=\"widget\" data-e-type=\"widget\" data-widget_type=\"spacer.default\">\n\t\t\t\t<div class=\"elementor-widget-container\">\n\t\t\t\t\t\t\t<div class=\"elementor-spacer\">\n\t\t\t<div class=\"elementor-spacer-inner\"><\/div>\n\t\t<\/div>\n\t\t\t\t\t\t<\/div>\n\t\t\t\t<\/div>\n\t\t\t\t<div class=\"elementor-element elementor-element-afb8743 elementor-widget elementor-widget-heading\" data-id=\"afb8743\" data-element_type=\"widget\" data-e-type=\"widget\" data-widget_type=\"heading.default\">\n\t\t\t\t<div class=\"elementor-widget-container\">\n\t\t\t\t\t<h2 class=\"elementor-heading-title elementor-size-default\">Why should someone have a tax compliance management system?<\/h2>\t\t\t\t<\/div>\n\t\t\t\t<\/div>\n\t\t\t\t<div class=\"elementor-element elementor-element-6ee067f elementor-widget elementor-widget-text-editor\" data-id=\"6ee067f\" data-element_type=\"widget\" data-e-type=\"widget\" data-widget_type=\"text-editor.default\">\n\t\t\t\t<div class=\"elementor-widget-container\">\n\t\t\t\t\t\t\t\t\t<p>Tax evasion is a crime in Germany and can be punished with up to 10 years in prison. This also applies to people who act on behalf of a company, e.g. as a managing director or board member. In addition to D&amp;O insurance, a tax compliance management system can help to protect those responsible if something goes wrong. If you can then prove that you have not acted deliberately and have introduced procedures to ensure that the company complies with the rules, you may get off lightly.<\/p><p><br \/>According to the Federal Ministry of Finance, the following then applies: &#8220;If the taxpayer has introduced an internal control system that includes the fulfillment of tax obligations, this may indicate that there is neither intent nor reckless understatement of taxes.&#8221; If a serious mistake has been made, the chances of directors and managers getting away with no penalty or with reckless understatement of tax (which is usually only punishable by a fine) are much higher. A tax compliance management system protects those responsible and helps you to fulfill your monitoring function.<\/p>\t\t\t\t\t\t\t\t<\/div>\n\t\t\t\t<\/div>\n\t\t\t\t<section class=\"elementor-section elementor-inner-section elementor-element elementor-element-73a1520 elementor-section-boxed elementor-section-height-default elementor-section-height-default\" data-id=\"73a1520\" data-element_type=\"section\" data-e-type=\"section\">\n\t\t\t\t\t\t<div class=\"elementor-container elementor-column-gap-default\">\n\t\t\t\t\t<div class=\"elementor-column elementor-col-50 elementor-inner-column elementor-element elementor-element-d4e5c83\" data-id=\"d4e5c83\" data-element_type=\"column\" data-e-type=\"column\">\n\t\t\t<div class=\"elementor-widget-wrap elementor-element-populated\">\n\t\t\t\t\t\t<div class=\"elementor-element elementor-element-17a7c16 elementor-widget elementor-widget-accordion\" data-id=\"17a7c16\" data-element_type=\"widget\" data-e-type=\"widget\" data-widget_type=\"accordion.default\">\n\t\t\t\t<div class=\"elementor-widget-container\">\n\t\t\t\t\t\t\t<div class=\"elementor-accordion\">\n\t\t\t\t\t\t\t<div class=\"elementor-accordion-item\">\n\t\t\t\t\t<div id=\"elementor-tab-title-2481\" class=\"elementor-tab-title\" data-tab=\"1\" role=\"button\" aria-controls=\"elementor-tab-content-2481\" aria-expanded=\"false\">\n\t\t\t\t\t\t\t\t\t\t\t\t\t<span class=\"elementor-accordion-icon elementor-accordion-icon-left\" aria-hidden=\"true\">\n\t\t\t\t\t\t\t\t\t\t\t\t\t\t\t<span class=\"elementor-accordion-icon-closed\"><i class=\"fas fa-plus\"><\/i><\/span>\n\t\t\t\t\t\t\t\t<span class=\"elementor-accordion-icon-opened\"><i class=\"fas fa-minus\"><\/i><\/span>\n\t\t\t\t\t\t\t\t\t\t\t\t\t\t<\/span>\n\t\t\t\t\t\t\t\t\t\t\t\t<a class=\"elementor-accordion-title\" tabindex=\"0\">Interesting information on the topic of Tax CMS<\/a>\n\t\t\t\t\t<\/div>\n\t\t\t\t\t<div id=\"elementor-tab-content-2481\" class=\"elementor-tab-content elementor-clearfix\" data-tab=\"1\" role=\"region\" aria-labelledby=\"elementor-tab-title-2481\"><ul><li>What is a tax CMS?<\/li><li>Who needs a tax CMS?<\/li><li>Basic elements of a tax CMS<\/li><li>Audit of a tax CMS<\/li><li>Advantages of a tax CMS<\/li><\/ul><p>we have compiled for you on an <a href=\"https:\/\/www.benefitax.de\/en\/tax-cms-2\/\" target=\"_blank\" rel=\"noopener\"><u>information page<\/u><\/a><u><\/u> for you.<\/p><\/div>\n\t\t\t\t<\/div>\n\t\t\t\t\t\t\t\t<\/div>\n\t\t\t\t\t\t<\/div>\n\t\t\t\t<\/div>\n\t\t\t\t<div class=\"elementor-element elementor-element-43cff5a elementor-widget elementor-widget-heading\" data-id=\"43cff5a\" data-element_type=\"widget\" data-e-type=\"widget\" data-widget_type=\"heading.default\">\n\t\t\t\t<div class=\"elementor-widget-container\">\n\t\t\t\t\t<h4 class=\"elementor-heading-title elementor-size-default\">How can we help?  <\/h4>\t\t\t\t<\/div>\n\t\t\t\t<\/div>\n\t\t\t\t<div class=\"elementor-element elementor-element-08af5f9 elementor-widget elementor-widget-text-editor\" data-id=\"08af5f9\" data-element_type=\"widget\" data-e-type=\"widget\" data-widget_type=\"text-editor.default\">\n\t\t\t\t<div class=\"elementor-widget-container\">\n\t\t\t\t\t\t\t\t\t<p>Benefitax supports you in setting up your individual<span style=\"color: var( --e-global-color-text ); font-family: var( --e-global-typography-text-font-family ), Sans-serif; font-weight: var( --e-global-typography-text-font-weight ); font-size: 1rem;\">tax compliance management system<\/span><span style=\"color: var( --e-global-color-text ); font-family: var( --e-global-typography-text-font-family ), Sans-serif; font-weight: var( --e-global-typography-text-font-weight ); font-size: 1rem;\">. <\/span><span style=\"color: var( --e-global-color-text ); font-family: var( --e-global-typography-text-font-family ), Sans-serif; font-weight: var( --e-global-typography-text-font-weight ); font-size: 1rem;\">We can either support the responsible person in your company in setting up the system or &#8211; if you provide us with sufficient information and documentation &#8211; we can set up a complete tax compliance management system for you.<br \/><\/span><\/p><p>If we were not involved in the preparation, we can audit your tax CMS and prepare an audit report on the results, which you can use for your marketing and sales support. The scope of the audit can range from a pure adequacy audit as an absolute minimum to an effectiveness audit, which is more intensive and therefore preferable.<\/p>\t\t\t\t\t\t\t\t<\/div>\n\t\t\t\t<\/div>\n\t\t\t\t\t<\/div>\n\t\t<\/div>\n\t\t\t\t<div class=\"elementor-column elementor-col-50 elementor-inner-column elementor-element elementor-element-dfc6e41\" data-id=\"dfc6e41\" data-element_type=\"column\" data-e-type=\"column\">\n\t\t\t<div class=\"elementor-widget-wrap elementor-element-populated\">\n\t\t\t\t\t\t<div class=\"elementor-element elementor-element-ca8c981 elementor-widget elementor-widget-image\" data-id=\"ca8c981\" data-element_type=\"widget\" data-e-type=\"widget\" data-widget_type=\"image.default\">\n\t\t\t\t<div class=\"elementor-widget-container\">\n\t\t\t\t\t\t\t\t\t\t\t\t\t\t\t<img fetchpriority=\"high\" decoding=\"async\" width=\"800\" height=\"450\" src=\"https:\/\/www.benefitax.de\/wp-content\/uploads\/2023\/11\/Tax-Compliance-klein-1024x576.jpg\" class=\"attachment-large size-large wp-image-3646\" alt=\"\" srcset=\"https:\/\/www.benefitax.de\/wp-content\/uploads\/2023\/11\/Tax-Compliance-klein-1024x576.jpg 1024w, https:\/\/www.benefitax.de\/wp-content\/uploads\/2023\/11\/Tax-Compliance-klein-300x169.jpg 300w, https:\/\/www.benefitax.de\/wp-content\/uploads\/2023\/11\/Tax-Compliance-klein-768x432.jpg 768w, https:\/\/www.benefitax.de\/wp-content\/uploads\/2023\/11\/Tax-Compliance-klein.jpg 1382w\" sizes=\"(max-width: 800px) 100vw, 800px\" \/>\t\t\t\t\t\t\t\t\t\t\t\t\t\t\t<\/div>\n\t\t\t\t<\/div>\n\t\t\t\t<div class=\"elementor-element elementor-element-f666e36 elementor-align-center elementor-widget elementor-widget-button\" data-id=\"f666e36\" data-element_type=\"widget\" data-e-type=\"widget\" data-widget_type=\"button.default\">\n\t\t\t\t<div class=\"elementor-widget-container\">\n\t\t\t\t\t\t\t\t\t<div class=\"elementor-button-wrapper\">\n\t\t\t\t\t<a class=\"elementor-button elementor-button-link elementor-size-sm\" href=\"https:\/\/www.benefitax.de\/en\/contact\/\">\n\t\t\t\t\t\t<span class=\"elementor-button-content-wrapper\">\n\t\t\t\t\t\t\t\t\t<span class=\"elementor-button-text\">Contact us now<\/span>\n\t\t\t\t\t<\/span>\n\t\t\t\t\t<\/a>\n\t\t\t\t<\/div>\n\t\t\t\t\t\t\t\t<\/div>\n\t\t\t\t<\/div>\n\t\t\t\t\t<\/div>\n\t\t<\/div>\n\t\t\t\t\t<\/div>\n\t\t<\/section>\n\t\t\t\t\t<\/div>\n\t\t<\/div>\n\t\t\t\t\t<\/div>\n\t\t<\/section>\n\t\t\t\t<\/div>\n\t\t","protected":false},"excerpt":{"rendered":"<p>Tax compliance management systems Why should someone have a tax compliance management system? Tax evasion is a crime in Germany and can be punished with up to 10 years in prison. This also applies to people who act on behalf of a company, e.g. as a managing director or board member. In addition to D&amp;O [&hellip;]<\/p>\n","protected":false},"author":2,"featured_media":0,"parent":0,"menu_order":0,"comment_status":"closed","ping_status":"closed","template":"","meta":{"_acf_changed":false,"footnotes":""},"class_list":["post-4323","page","type-page","status-publish","hentry"],"acf":[],"yoast_head":"<!-- This site is optimized with the Yoast SEO plugin v27.4 - https:\/\/yoast.com\/product\/yoast-seo-wordpress\/ -->\n<title>Tax Compliance Management Systems - Steuerberatung | Wirtschaftspr\u00fcfung<\/title>\n<meta name=\"description\" content=\"Benefitax supports you in setting up your individual tax CMS. Why do you need a Tax CMS? We&#039;ll tell you!\" \/>\n<meta name=\"robots\" content=\"index, follow, max-snippet:-1, max-image-preview:large, max-video-preview:-1\" \/>\n<link rel=\"canonical\" href=\"https:\/\/www.benefitax.de\/en\/tax-compliance-management-systems\/\" \/>\n<meta property=\"og:locale\" content=\"en_US\" \/>\n<meta property=\"og:type\" content=\"article\" \/>\n<meta property=\"og:title\" content=\"Tax Compliance Management Systems - Steuerberatung | Wirtschaftspr\u00fcfung\" \/>\n<meta property=\"og:description\" content=\"Benefitax supports you in setting up your individual tax CMS. Why do you need a Tax CMS? We&#039;ll tell you!\" \/>\n<meta property=\"og:url\" content=\"https:\/\/www.benefitax.de\/en\/tax-compliance-management-systems\/\" \/>\n<meta property=\"og:site_name\" content=\"Steuerberatung | Wirtschaftspr\u00fcfung\" \/>\n<meta property=\"article:publisher\" content=\"https:\/\/www.facebook.com\/Benefitax\/\" \/>\n<meta property=\"article:modified_time\" content=\"2025-04-14T13:05:10+00:00\" \/>\n<meta property=\"og:image\" content=\"https:\/\/www.benefitax.de\/wp-content\/uploads\/2023\/11\/Tax-Compliance-klein-1024x576.jpg\" \/>\n<meta name=\"twitter:card\" content=\"summary_large_image\" \/>\n<meta name=\"twitter:site\" content=\"@Benefitax\" \/>\n<meta name=\"twitter:label1\" content=\"Est. reading time\" \/>\n\t<meta name=\"twitter:data1\" content=\"2 minutes\" \/>\n<script type=\"application\/ld+json\" class=\"yoast-schema-graph\">{\"@context\":\"https:\\\/\\\/schema.org\",\"@graph\":[{\"@type\":\"WebPage\",\"@id\":\"https:\\\/\\\/www.benefitax.de\\\/en\\\/tax-compliance-management-systems\\\/\",\"url\":\"https:\\\/\\\/www.benefitax.de\\\/en\\\/tax-compliance-management-systems\\\/\",\"name\":\"Tax Compliance Management Systems - Steuerberatung | Wirtschaftspr\u00fcfung\",\"isPartOf\":{\"@id\":\"https:\\\/\\\/www.benefitax.de\\\/en\\\/#website\"},\"primaryImageOfPage\":{\"@id\":\"https:\\\/\\\/www.benefitax.de\\\/en\\\/tax-compliance-management-systems\\\/#primaryimage\"},\"image\":{\"@id\":\"https:\\\/\\\/www.benefitax.de\\\/en\\\/tax-compliance-management-systems\\\/#primaryimage\"},\"thumbnailUrl\":\"https:\\\/\\\/www.benefitax.de\\\/wp-content\\\/uploads\\\/2023\\\/11\\\/Tax-Compliance-klein-1024x576.jpg\",\"datePublished\":\"2023-11-13T13:16:16+00:00\",\"dateModified\":\"2025-04-14T13:05:10+00:00\",\"description\":\"Benefitax supports you in setting up your individual tax CMS. Why do you need a Tax CMS? We'll tell you!\",\"breadcrumb\":{\"@id\":\"https:\\\/\\\/www.benefitax.de\\\/en\\\/tax-compliance-management-systems\\\/#breadcrumb\"},\"inLanguage\":\"en-US\",\"potentialAction\":[{\"@type\":\"ReadAction\",\"target\":[\"https:\\\/\\\/www.benefitax.de\\\/en\\\/tax-compliance-management-systems\\\/\"]}]},{\"@type\":\"ImageObject\",\"inLanguage\":\"en-US\",\"@id\":\"https:\\\/\\\/www.benefitax.de\\\/en\\\/tax-compliance-management-systems\\\/#primaryimage\",\"url\":\"https:\\\/\\\/www.benefitax.de\\\/wp-content\\\/uploads\\\/2023\\\/11\\\/Tax-Compliance-klein-1024x576.jpg\",\"contentUrl\":\"https:\\\/\\\/www.benefitax.de\\\/wp-content\\\/uploads\\\/2023\\\/11\\\/Tax-Compliance-klein-1024x576.jpg\"},{\"@type\":\"BreadcrumbList\",\"@id\":\"https:\\\/\\\/www.benefitax.de\\\/en\\\/tax-compliance-management-systems\\\/#breadcrumb\",\"itemListElement\":[{\"@type\":\"ListItem\",\"position\":1,\"name\":\"Startseite\",\"item\":\"https:\\\/\\\/www.benefitax.de\\\/en\\\/\"},{\"@type\":\"ListItem\",\"position\":2,\"name\":\"Tax Compliance Management Systems\"}]},{\"@type\":\"WebSite\",\"@id\":\"https:\\\/\\\/www.benefitax.de\\\/en\\\/#website\",\"url\":\"https:\\\/\\\/www.benefitax.de\\\/en\\\/\",\"name\":\"Steuerberatung | Wirtschaftspr\u00fcfung\",\"description\":\"Steuerberater f\u00fcr den Mittelstand und f\u00fcr verm\u00f6gende Privatpersonen\",\"publisher\":{\"@id\":\"https:\\\/\\\/www.benefitax.de\\\/en\\\/#organization\"},\"potentialAction\":[{\"@type\":\"SearchAction\",\"target\":{\"@type\":\"EntryPoint\",\"urlTemplate\":\"https:\\\/\\\/www.benefitax.de\\\/en\\\/?s={search_term_string}\"},\"query-input\":{\"@type\":\"PropertyValueSpecification\",\"valueRequired\":true,\"valueName\":\"search_term_string\"}}],\"inLanguage\":\"en-US\"},{\"@type\":\"Organization\",\"@id\":\"https:\\\/\\\/www.benefitax.de\\\/en\\\/#organization\",\"name\":\"Steuerberatung | Wirtschaftspr\u00fcfung\",\"url\":\"https:\\\/\\\/www.benefitax.de\\\/en\\\/\",\"logo\":{\"@type\":\"ImageObject\",\"inLanguage\":\"en-US\",\"@id\":\"https:\\\/\\\/www.benefitax.de\\\/en\\\/#\\\/schema\\\/logo\\\/image\\\/\",\"url\":\"https:\\\/\\\/www.benefitax.de\\\/wp-content\\\/uploads\\\/2022\\\/12\\\/Logo2009_RGB_0_81_205-300x120-1.jpg\",\"contentUrl\":\"https:\\\/\\\/www.benefitax.de\\\/wp-content\\\/uploads\\\/2022\\\/12\\\/Logo2009_RGB_0_81_205-300x120-1.jpg\",\"width\":300,\"height\":120,\"caption\":\"Steuerberatung | Wirtschaftspr\u00fcfung\"},\"image\":{\"@id\":\"https:\\\/\\\/www.benefitax.de\\\/en\\\/#\\\/schema\\\/logo\\\/image\\\/\"},\"sameAs\":[\"https:\\\/\\\/www.facebook.com\\\/Benefitax\\\/\",\"https:\\\/\\\/x.com\\\/Benefitax\",\"https:\\\/\\\/www.xing.com\\\/pages\\\/benefitaxgmbh\"]}]}<\/script>\n<!-- \/ Yoast SEO plugin. -->","yoast_head_json":{"title":"Tax Compliance Management Systems - Steuerberatung | Wirtschaftspr\u00fcfung","description":"Benefitax supports you in setting up your individual tax CMS. Why do you need a Tax CMS? We'll tell you!","robots":{"index":"index","follow":"follow","max-snippet":"max-snippet:-1","max-image-preview":"max-image-preview:large","max-video-preview":"max-video-preview:-1"},"canonical":"https:\/\/www.benefitax.de\/en\/tax-compliance-management-systems\/","og_locale":"en_US","og_type":"article","og_title":"Tax Compliance Management Systems - Steuerberatung | Wirtschaftspr\u00fcfung","og_description":"Benefitax supports you in setting up your individual tax CMS. Why do you need a Tax CMS? We'll tell you!","og_url":"https:\/\/www.benefitax.de\/en\/tax-compliance-management-systems\/","og_site_name":"Steuerberatung | Wirtschaftspr\u00fcfung","article_publisher":"https:\/\/www.facebook.com\/Benefitax\/","article_modified_time":"2025-04-14T13:05:10+00:00","og_image":[{"url":"https:\/\/www.benefitax.de\/wp-content\/uploads\/2023\/11\/Tax-Compliance-klein-1024x576.jpg","type":"","width":"","height":""}],"twitter_card":"summary_large_image","twitter_site":"@Benefitax","twitter_misc":{"Est. reading time":"2 minutes"},"schema":{"@context":"https:\/\/schema.org","@graph":[{"@type":"WebPage","@id":"https:\/\/www.benefitax.de\/en\/tax-compliance-management-systems\/","url":"https:\/\/www.benefitax.de\/en\/tax-compliance-management-systems\/","name":"Tax Compliance Management Systems - Steuerberatung | Wirtschaftspr\u00fcfung","isPartOf":{"@id":"https:\/\/www.benefitax.de\/en\/#website"},"primaryImageOfPage":{"@id":"https:\/\/www.benefitax.de\/en\/tax-compliance-management-systems\/#primaryimage"},"image":{"@id":"https:\/\/www.benefitax.de\/en\/tax-compliance-management-systems\/#primaryimage"},"thumbnailUrl":"https:\/\/www.benefitax.de\/wp-content\/uploads\/2023\/11\/Tax-Compliance-klein-1024x576.jpg","datePublished":"2023-11-13T13:16:16+00:00","dateModified":"2025-04-14T13:05:10+00:00","description":"Benefitax supports you in setting up your individual tax CMS. Why do you need a Tax CMS? We'll tell you!","breadcrumb":{"@id":"https:\/\/www.benefitax.de\/en\/tax-compliance-management-systems\/#breadcrumb"},"inLanguage":"en-US","potentialAction":[{"@type":"ReadAction","target":["https:\/\/www.benefitax.de\/en\/tax-compliance-management-systems\/"]}]},{"@type":"ImageObject","inLanguage":"en-US","@id":"https:\/\/www.benefitax.de\/en\/tax-compliance-management-systems\/#primaryimage","url":"https:\/\/www.benefitax.de\/wp-content\/uploads\/2023\/11\/Tax-Compliance-klein-1024x576.jpg","contentUrl":"https:\/\/www.benefitax.de\/wp-content\/uploads\/2023\/11\/Tax-Compliance-klein-1024x576.jpg"},{"@type":"BreadcrumbList","@id":"https:\/\/www.benefitax.de\/en\/tax-compliance-management-systems\/#breadcrumb","itemListElement":[{"@type":"ListItem","position":1,"name":"Startseite","item":"https:\/\/www.benefitax.de\/en\/"},{"@type":"ListItem","position":2,"name":"Tax Compliance Management Systems"}]},{"@type":"WebSite","@id":"https:\/\/www.benefitax.de\/en\/#website","url":"https:\/\/www.benefitax.de\/en\/","name":"Steuerberatung | Wirtschaftspr\u00fcfung","description":"Steuerberater f\u00fcr den Mittelstand und f\u00fcr verm\u00f6gende Privatpersonen","publisher":{"@id":"https:\/\/www.benefitax.de\/en\/#organization"},"potentialAction":[{"@type":"SearchAction","target":{"@type":"EntryPoint","urlTemplate":"https:\/\/www.benefitax.de\/en\/?s={search_term_string}"},"query-input":{"@type":"PropertyValueSpecification","valueRequired":true,"valueName":"search_term_string"}}],"inLanguage":"en-US"},{"@type":"Organization","@id":"https:\/\/www.benefitax.de\/en\/#organization","name":"Steuerberatung | Wirtschaftspr\u00fcfung","url":"https:\/\/www.benefitax.de\/en\/","logo":{"@type":"ImageObject","inLanguage":"en-US","@id":"https:\/\/www.benefitax.de\/en\/#\/schema\/logo\/image\/","url":"https:\/\/www.benefitax.de\/wp-content\/uploads\/2022\/12\/Logo2009_RGB_0_81_205-300x120-1.jpg","contentUrl":"https:\/\/www.benefitax.de\/wp-content\/uploads\/2022\/12\/Logo2009_RGB_0_81_205-300x120-1.jpg","width":300,"height":120,"caption":"Steuerberatung | Wirtschaftspr\u00fcfung"},"image":{"@id":"https:\/\/www.benefitax.de\/en\/#\/schema\/logo\/image\/"},"sameAs":["https:\/\/www.facebook.com\/Benefitax\/","https:\/\/x.com\/Benefitax","https:\/\/www.xing.com\/pages\/benefitaxgmbh"]}]}},"_links":{"self":[{"href":"https:\/\/www.benefitax.de\/en\/wp-json\/wp\/v2\/pages\/4323","targetHints":{"allow":["GET"]}}],"collection":[{"href":"https:\/\/www.benefitax.de\/en\/wp-json\/wp\/v2\/pages"}],"about":[{"href":"https:\/\/www.benefitax.de\/en\/wp-json\/wp\/v2\/types\/page"}],"author":[{"embeddable":true,"href":"https:\/\/www.benefitax.de\/en\/wp-json\/wp\/v2\/users\/2"}],"replies":[{"embeddable":true,"href":"https:\/\/www.benefitax.de\/en\/wp-json\/wp\/v2\/comments?post=4323"}],"version-history":[{"count":5,"href":"https:\/\/www.benefitax.de\/en\/wp-json\/wp\/v2\/pages\/4323\/revisions"}],"predecessor-version":[{"id":23893,"href":"https:\/\/www.benefitax.de\/en\/wp-json\/wp\/v2\/pages\/4323\/revisions\/23893"}],"wp:attachment":[{"href":"https:\/\/www.benefitax.de\/en\/wp-json\/wp\/v2\/media?parent=4323"}],"curies":[{"name":"wp","href":"https:\/\/api.w.org\/{rel}","templated":true}]}}