{"id":4433,"date":"2023-12-20T12:45:45","date_gmt":"2023-12-20T11:45:45","guid":{"rendered":"https:\/\/www.benefitax.de\/support-with-bank-discussions\/"},"modified":"2025-04-28T16:33:28","modified_gmt":"2025-04-28T14:33:28","slug":"support-for-meetings-with-the-bank","status":"publish","type":"page","link":"https:\/\/www.benefitax.de\/en\/support-for-meetings-with-the-bank\/","title":{"rendered":"Support for meetings with the bank"},"content":{"rendered":"\t\t<div data-elementor-type=\"wp-page\" data-elementor-id=\"4433\" class=\"elementor elementor-4433 elementor-2567\" data-elementor-post-type=\"page\">\n\t\t\t\t\t\t<section class=\"elementor-section elementor-top-section elementor-element elementor-element-7fd3cab elementor-section-height-min-height elementor-section-boxed elementor-section-height-default elementor-section-items-middle\" data-id=\"7fd3cab\" data-element_type=\"section\" data-e-type=\"section\" data-settings=\"{&quot;background_background&quot;:&quot;classic&quot;}\">\n\t\t\t\t\t\t<div class=\"elementor-container elementor-column-gap-default\">\n\t\t\t\t\t<div class=\"elementor-column elementor-col-100 elementor-top-column elementor-element elementor-element-b291cc7\" data-id=\"b291cc7\" data-element_type=\"column\" data-e-type=\"column\">\n\t\t\t<div class=\"elementor-widget-wrap elementor-element-populated\">\n\t\t\t\t\t\t<div class=\"elementor-element elementor-element-a9e681b elementor-widget elementor-widget-heading\" data-id=\"a9e681b\" data-element_type=\"widget\" data-e-type=\"widget\" data-widget_type=\"heading.default\">\n\t\t\t\t<div class=\"elementor-widget-container\">\n\t\t\t\t\t<h1 class=\"elementor-heading-title elementor-size-default\">Support with bank discussions\n<\/h1>\t\t\t\t<\/div>\n\t\t\t\t<\/div>\n\t\t\t\t\t<\/div>\n\t\t<\/div>\n\t\t\t\t\t<\/div>\n\t\t<\/section>\n\t\t\t\t<section class=\"elementor-section elementor-top-section elementor-element elementor-element-c5ca5fb elementor-section-boxed elementor-section-height-default elementor-section-height-default\" data-id=\"c5ca5fb\" data-element_type=\"section\" data-e-type=\"section\">\n\t\t\t\t\t\t<div class=\"elementor-container elementor-column-gap-default\">\n\t\t\t\t\t<div class=\"elementor-column elementor-col-100 elementor-top-column elementor-element elementor-element-0bd6b9b\" data-id=\"0bd6b9b\" data-element_type=\"column\" data-e-type=\"column\">\n\t\t\t<div class=\"elementor-widget-wrap elementor-element-populated\">\n\t\t\t\t\t\t<div class=\"elementor-element elementor-element-1c3cd2e elementor-widget elementor-widget-spacer\" data-id=\"1c3cd2e\" data-element_type=\"widget\" data-e-type=\"widget\" data-widget_type=\"spacer.default\">\n\t\t\t\t<div class=\"elementor-widget-container\">\n\t\t\t\t\t\t\t<div class=\"elementor-spacer\">\n\t\t\t<div class=\"elementor-spacer-inner\"><\/div>\n\t\t<\/div>\n\t\t\t\t\t\t<\/div>\n\t\t\t\t<\/div>\n\t\t\t\t<div class=\"elementor-element elementor-element-6ee067f elementor-widget elementor-widget-text-editor\" data-id=\"6ee067f\" data-element_type=\"widget\" data-e-type=\"widget\" data-widget_type=\"text-editor.default\">\n\t\t\t\t<div class=\"elementor-widget-container\">\n\t\t\t\t\t\t\t\t\t<p>Every company needs money. A minimum level of financial resources is required when setting up and expanding business activities. Not every entrepreneur has sufficient equity. Sometimes it even makes sense to use outside capital in order to utilize the so-called leverage effect and thereby increase the return on equity. But how do I obtain the necessary debt capital as an entrepreneur?    <\/p>\t\t\t\t\t\t\t\t<\/div>\n\t\t\t\t<\/div>\n\t\t\t\t<div class=\"elementor-element elementor-element-f714f76 elementor-widget elementor-widget-heading\" data-id=\"f714f76\" data-element_type=\"widget\" data-e-type=\"widget\" data-widget_type=\"heading.default\">\n\t\t\t\t<div class=\"elementor-widget-container\">\n\t\t\t\t\t<h4 class=\"elementor-heading-title elementor-size-default\">How can you get support?\nAsk us about alternatives to bank financing<\/h4>\t\t\t\t<\/div>\n\t\t\t\t<\/div>\n\t\t\t\t<section class=\"elementor-section elementor-inner-section elementor-element elementor-element-73a1520 elementor-section-boxed elementor-section-height-default elementor-section-height-default\" data-id=\"73a1520\" data-element_type=\"section\" data-e-type=\"section\">\n\t\t\t\t\t\t<div class=\"elementor-container elementor-column-gap-default\">\n\t\t\t\t\t<div class=\"elementor-column elementor-col-50 elementor-inner-column elementor-element elementor-element-d4e5c83\" data-id=\"d4e5c83\" data-element_type=\"column\" data-e-type=\"column\">\n\t\t\t<div class=\"elementor-widget-wrap elementor-element-populated\">\n\t\t\t\t\t\t<div class=\"elementor-element elementor-element-9e26e4b elementor-widget elementor-widget-text-editor\" data-id=\"9e26e4b\" data-element_type=\"widget\" data-e-type=\"widget\" data-widget_type=\"text-editor.default\">\n\t\t\t\t<div class=\"elementor-widget-container\">\n\t\t\t\t\t\t\t\t\t<p>We calculate the tax effect of financing alternatives for you.<\/p><p>If you want to take advantage of state subsidies, subsidized loans or guarantees, we will check suitable subsidies from the federal states, the federal government or the EU or put you in touch with experts.<\/p><p>You can benefit from our support in preparing for the bank interview. We are also happy to help with the professional preparation of all documents such as business plans and documents on past financial circumstances. <\/p><p>If you or third parties have prepared the documents, we can act as a sparring partner and check them for plausibility before you submit them to the bank.<\/p><p>Nowadays, banks generally require that you as the entrepreneur present the business plan yourself and not one of your advisors. If required, we will be happy to explain the business background and help you to really understand the documents. Only then can you be convincing!  <\/p>\t\t\t\t\t\t\t\t<\/div>\n\t\t\t\t<\/div>\n\t\t\t\t\t<\/div>\n\t\t<\/div>\n\t\t\t\t<div class=\"elementor-column elementor-col-50 elementor-inner-column elementor-element elementor-element-dfc6e41\" data-id=\"dfc6e41\" data-element_type=\"column\" data-e-type=\"column\">\n\t\t\t<div class=\"elementor-widget-wrap elementor-element-populated\">\n\t\t\t\t\t\t<div class=\"elementor-element elementor-element-ca8c981 elementor-widget elementor-widget-image\" data-id=\"ca8c981\" data-element_type=\"widget\" data-e-type=\"widget\" data-widget_type=\"image.default\">\n\t\t\t\t<div class=\"elementor-widget-container\">\n\t\t\t\t\t\t\t\t\t\t\t\t\t\t\t<img fetchpriority=\"high\" decoding=\"async\" width=\"800\" height=\"533\" src=\"https:\/\/www.benefitax.de\/wp-content\/uploads\/2023\/12\/Fotolia_Bankgespraech_80007148_S.jpg\" class=\"attachment-large size-large wp-image-3665\" alt=\"\" srcset=\"https:\/\/www.benefitax.de\/wp-content\/uploads\/2023\/12\/Fotolia_Bankgespraech_80007148_S.jpg 849w, https:\/\/www.benefitax.de\/wp-content\/uploads\/2023\/12\/Fotolia_Bankgespraech_80007148_S-300x200.jpg 300w, https:\/\/www.benefitax.de\/wp-content\/uploads\/2023\/12\/Fotolia_Bankgespraech_80007148_S-768x512.jpg 768w\" sizes=\"(max-width: 800px) 100vw, 800px\" \/>\t\t\t\t\t\t\t\t\t\t\t\t\t\t\t<\/div>\n\t\t\t\t<\/div>\n\t\t\t\t<div class=\"elementor-element elementor-element-f666e36 elementor-align-center elementor-widget elementor-widget-button\" data-id=\"f666e36\" data-element_type=\"widget\" data-e-type=\"widget\" data-widget_type=\"button.default\">\n\t\t\t\t<div class=\"elementor-widget-container\">\n\t\t\t\t\t\t\t\t\t<div class=\"elementor-button-wrapper\">\n\t\t\t\t\t<a class=\"elementor-button elementor-button-link elementor-size-sm\" href=\"https:\/\/www.benefitax.de\/en\/contact\/\">\n\t\t\t\t\t\t<span class=\"elementor-button-content-wrapper\">\n\t\t\t\t\t\t\t\t\t<span class=\"elementor-button-text\">Contact us now<\/span>\n\t\t\t\t\t<\/span>\n\t\t\t\t\t<\/a>\n\t\t\t\t<\/div>\n\t\t\t\t\t\t\t\t<\/div>\n\t\t\t\t<\/div>\n\t\t\t\t\t<\/div>\n\t\t<\/div>\n\t\t\t\t\t<\/div>\n\t\t<\/section>\n\t\t\t\t\t<\/div>\n\t\t<\/div>\n\t\t\t\t\t<\/div>\n\t\t<\/section>\n\t\t\t\t<section class=\"elementor-section elementor-top-section elementor-element elementor-element-e93463b elementor-section-boxed elementor-section-height-default elementor-section-height-default\" data-id=\"e93463b\" data-element_type=\"section\" data-e-type=\"section\" data-settings=\"{&quot;background_background&quot;:&quot;classic&quot;}\">\n\t\t\t\t\t\t<div class=\"elementor-container elementor-column-gap-default\">\n\t\t\t\t\t<div class=\"elementor-column elementor-col-100 elementor-top-column elementor-element elementor-element-97b341e\" data-id=\"97b341e\" data-element_type=\"column\" data-e-type=\"column\">\n\t\t\t<div class=\"elementor-widget-wrap elementor-element-populated\">\n\t\t\t\t\t\t<div class=\"elementor-element elementor-element-f6586f8 elementor-widget elementor-widget-heading\" data-id=\"f6586f8\" data-element_type=\"widget\" data-e-type=\"widget\" data-widget_type=\"heading.default\">\n\t\t\t\t<div class=\"elementor-widget-container\">\n\t\t\t\t\t<h2 class=\"elementor-heading-title elementor-size-default\">For more information on the following topics, click here:\n<\/h2>\t\t\t\t<\/div>\n\t\t\t\t<\/div>\n\t\t\t\t<section class=\"elementor-section elementor-inner-section elementor-element elementor-element-c5a830e elementor-section-boxed elementor-section-height-default elementor-section-height-default\" data-id=\"c5a830e\" data-element_type=\"section\" data-e-type=\"section\">\n\t\t\t\t\t\t<div class=\"elementor-container elementor-column-gap-default\">\n\t\t\t\t\t<div class=\"elementor-column elementor-col-100 elementor-inner-column elementor-element elementor-element-605227d\" data-id=\"605227d\" data-element_type=\"column\" data-e-type=\"column\">\n\t\t\t<div class=\"elementor-widget-wrap elementor-element-populated\">\n\t\t\t\t\t\t<section class=\"elementor-section elementor-inner-section elementor-element elementor-element-f8ff06e elementor-section-boxed elementor-section-height-default elementor-section-height-default\" data-id=\"f8ff06e\" data-element_type=\"section\" data-e-type=\"section\">\n\t\t\t\t\t\t<div class=\"elementor-container elementor-column-gap-default\">\n\t\t\t\t\t<div class=\"elementor-column elementor-col-100 elementor-inner-column elementor-element elementor-element-2102a6b\" data-id=\"2102a6b\" data-element_type=\"column\" data-e-type=\"column\" data-settings=\"{&quot;background_background&quot;:&quot;classic&quot;}\">\n\t\t\t<div class=\"elementor-widget-wrap elementor-element-populated\">\n\t\t\t\t\t\t<div class=\"elementor-element elementor-element-b2654cb elementor-icon-list--layout-traditional elementor-list-item-link-full_width elementor-widget elementor-widget-icon-list\" data-id=\"b2654cb\" data-element_type=\"widget\" data-e-type=\"widget\" data-widget_type=\"icon-list.default\">\n\t\t\t\t<div class=\"elementor-widget-container\">\n\t\t\t\t\t\t\t<ul class=\"elementor-icon-list-items\">\n\t\t\t\t\t\t\t<li class=\"elementor-icon-list-item\">\n\t\t\t\t\t\t\t\t\t\t\t<span class=\"elementor-icon-list-icon\">\n\t\t\t\t\t\t\t<i aria-hidden=\"true\" class=\"fas fa-check\"><\/i>\t\t\t\t\t\t<\/span>\n\t\t\t\t\t\t\t\t\t\t<span class=\"elementor-icon-list-text\"><a href=\"https:\/\/www.benefitax.de\/en\/meeting-with-the-bank\/\">How do you prepare for a bank meeting?<\/a><\/span>\n\t\t\t\t\t\t\t\t\t<\/li>\n\t\t\t\t\t\t<\/ul>\n\t\t\t\t\t\t<\/div>\n\t\t\t\t<\/div>\n\t\t\t\t\t<\/div>\n\t\t<\/div>\n\t\t\t\t\t<\/div>\n\t\t<\/section>\n\t\t\t\t\t<\/div>\n\t\t<\/div>\n\t\t\t\t\t<\/div>\n\t\t<\/section>\n\t\t\t\t\t<\/div>\n\t\t<\/div>\n\t\t\t\t\t<\/div>\n\t\t<\/section>\n\t\t\t\t<section class=\"elementor-section elementor-top-section elementor-element elementor-element-18e3b91 elementor-section-boxed elementor-section-height-default elementor-section-height-default\" data-id=\"18e3b91\" data-element_type=\"section\" data-e-type=\"section\">\n\t\t\t\t\t\t<div class=\"elementor-container elementor-column-gap-default\">\n\t\t\t\t\t<div class=\"elementor-column elementor-col-100 elementor-top-column elementor-element elementor-element-7f2c703\" data-id=\"7f2c703\" data-element_type=\"column\" data-e-type=\"column\">\n\t\t\t<div class=\"elementor-widget-wrap elementor-element-populated\">\n\t\t\t\t\t\t<div class=\"elementor-element elementor-element-ae119da elementor-widget elementor-widget-text-editor\" data-id=\"ae119da\" data-element_type=\"widget\" data-e-type=\"widget\" data-widget_type=\"text-editor.default\">\n\t\t\t\t<div class=\"elementor-widget-container\">\n\t\t\t\t\t\t\t\t\t<div class=\"flex_column av-5lr6zp-7ad5fd25e968ee6e4a31d31a9dcb1232 av_one_full avia-builder-el-11 el_after_av_one_full avia-builder-el-last first flex_column_div av-animated-generic fade-in column-top-margin avia_start_animation avia_start_delayed_animation\"><div class=\"hr av-4yln9x-bd4bda71ecbc0c915d58dd52171ebfd2 hr-invisible avia-builder-el-12 el_before_av_textblock avia-builder-el-first \"> <\/div><section class=\"av_textblock_section av-2zox4l-c031dd9c76537a37265624cf3783f3ee \"><div class=\"avia_textblock av_inherit_color\"><h4>Convince your bank. We help you in the run-up to your bank discussions.<br>Call us: <a href=\"tel:+496925622760\">069-25622760<\/a><br>Write to us: <a href=\"mailto:info@benefitax.de\">info@benefitax.de<\/a> <\/h4><\/div><\/section><\/div>\t\t\t\t\t\t\t\t<\/div>\n\t\t\t\t<\/div>\n\t\t\t\t\t<\/div>\n\t\t<\/div>\n\t\t\t\t\t<\/div>\n\t\t<\/section>\n\t\t\t\t<\/div>\n\t\t","protected":false},"excerpt":{"rendered":"<p>Support with bank discussions Every company needs money. A minimum level of financial resources is required when setting up and expanding business activities. Not every entrepreneur has sufficient equity. Sometimes it even makes sense to use outside capital in order to utilize the so-called leverage effect and thereby increase the return on equity. But how [&hellip;]<\/p>\n","protected":false},"author":2,"featured_media":0,"parent":0,"menu_order":0,"comment_status":"closed","ping_status":"closed","template":"","meta":{"_acf_changed":false,"footnotes":""},"class_list":["post-4433","page","type-page","status-publish","hentry"],"acf":[],"yoast_head":"<!-- This site is optimized with the Yoast SEO plugin v27.3 - https:\/\/yoast.com\/product\/yoast-seo-wordpress\/ -->\n<title>Support for meetings with the bank - Steuerberatung | Wirtschaftspr\u00fcfung<\/title>\n<meta name=\"description\" content=\"Bank discussions \u25b7 What is important \u25b7 What you should take with you \u25b7 How to convince your bank \u25b7 We will prepare you: +49-69-25622760\" \/>\n<meta name=\"robots\" content=\"index, follow, max-snippet:-1, max-image-preview:large, max-video-preview:-1\" \/>\n<link rel=\"canonical\" href=\"https:\/\/www.benefitax.de\/en\/support-for-meetings-with-the-bank\/\" \/>\n<meta property=\"og:locale\" content=\"en_US\" \/>\n<meta property=\"og:type\" content=\"article\" \/>\n<meta property=\"og:title\" content=\"Support for meetings with the bank - Steuerberatung | Wirtschaftspr\u00fcfung\" \/>\n<meta property=\"og:description\" content=\"Bank discussions \u25b7 What is important \u25b7 What you should take with you \u25b7 How to convince your bank \u25b7 We will prepare you: +49-69-25622760\" \/>\n<meta property=\"og:url\" content=\"https:\/\/www.benefitax.de\/en\/support-for-meetings-with-the-bank\/\" \/>\n<meta property=\"og:site_name\" content=\"Steuerberatung | Wirtschaftspr\u00fcfung\" \/>\n<meta property=\"article:publisher\" content=\"https:\/\/www.facebook.com\/Benefitax\/\" \/>\n<meta property=\"article:modified_time\" content=\"2025-04-28T14:33:28+00:00\" \/>\n<meta property=\"og:image\" content=\"https:\/\/www.benefitax.de\/wp-content\/uploads\/2023\/12\/Fotolia_Bankgespraech_80007148_S.jpg\" \/>\n<meta name=\"twitter:card\" content=\"summary_large_image\" \/>\n<meta name=\"twitter:site\" content=\"@Benefitax\" \/>\n<meta name=\"twitter:label1\" content=\"Est. reading time\" \/>\n\t<meta name=\"twitter:data1\" content=\"2 minutes\" \/>\n<script type=\"application\/ld+json\" class=\"yoast-schema-graph\">{\"@context\":\"https:\\\/\\\/schema.org\",\"@graph\":[{\"@type\":\"WebPage\",\"@id\":\"https:\\\/\\\/www.benefitax.de\\\/en\\\/support-for-meetings-with-the-bank\\\/\",\"url\":\"https:\\\/\\\/www.benefitax.de\\\/en\\\/support-for-meetings-with-the-bank\\\/\",\"name\":\"Support for meetings with the bank - Steuerberatung | Wirtschaftspr\u00fcfung\",\"isPartOf\":{\"@id\":\"https:\\\/\\\/www.benefitax.de\\\/en\\\/#website\"},\"primaryImageOfPage\":{\"@id\":\"https:\\\/\\\/www.benefitax.de\\\/en\\\/support-for-meetings-with-the-bank\\\/#primaryimage\"},\"image\":{\"@id\":\"https:\\\/\\\/www.benefitax.de\\\/en\\\/support-for-meetings-with-the-bank\\\/#primaryimage\"},\"thumbnailUrl\":\"https:\\\/\\\/www.benefitax.de\\\/wp-content\\\/uploads\\\/2023\\\/12\\\/Fotolia_Bankgespraech_80007148_S.jpg\",\"datePublished\":\"2023-12-20T11:45:45+00:00\",\"dateModified\":\"2025-04-28T14:33:28+00:00\",\"description\":\"Bank discussions \u25b7 What is important \u25b7 What you should take with you \u25b7 How to convince your bank \u25b7 We will prepare you: +49-69-25622760\",\"breadcrumb\":{\"@id\":\"https:\\\/\\\/www.benefitax.de\\\/en\\\/support-for-meetings-with-the-bank\\\/#breadcrumb\"},\"inLanguage\":\"en-US\",\"potentialAction\":[{\"@type\":\"ReadAction\",\"target\":[\"https:\\\/\\\/www.benefitax.de\\\/en\\\/support-for-meetings-with-the-bank\\\/\"]}]},{\"@type\":\"ImageObject\",\"inLanguage\":\"en-US\",\"@id\":\"https:\\\/\\\/www.benefitax.de\\\/en\\\/support-for-meetings-with-the-bank\\\/#primaryimage\",\"url\":\"https:\\\/\\\/www.benefitax.de\\\/wp-content\\\/uploads\\\/2023\\\/12\\\/Fotolia_Bankgespraech_80007148_S.jpg\",\"contentUrl\":\"https:\\\/\\\/www.benefitax.de\\\/wp-content\\\/uploads\\\/2023\\\/12\\\/Fotolia_Bankgespraech_80007148_S.jpg\"},{\"@type\":\"BreadcrumbList\",\"@id\":\"https:\\\/\\\/www.benefitax.de\\\/en\\\/support-for-meetings-with-the-bank\\\/#breadcrumb\",\"itemListElement\":[{\"@type\":\"ListItem\",\"position\":1,\"name\":\"Startseite\",\"item\":\"https:\\\/\\\/www.benefitax.de\\\/en\\\/\"},{\"@type\":\"ListItem\",\"position\":2,\"name\":\"Support for meetings with the bank\"}]},{\"@type\":\"WebSite\",\"@id\":\"https:\\\/\\\/www.benefitax.de\\\/en\\\/#website\",\"url\":\"https:\\\/\\\/www.benefitax.de\\\/en\\\/\",\"name\":\"Steuerberatung | Wirtschaftspr\u00fcfung\",\"description\":\"Steuerberater f\u00fcr den Mittelstand und f\u00fcr verm\u00f6gende Privatpersonen\",\"publisher\":{\"@id\":\"https:\\\/\\\/www.benefitax.de\\\/en\\\/#organization\"},\"potentialAction\":[{\"@type\":\"SearchAction\",\"target\":{\"@type\":\"EntryPoint\",\"urlTemplate\":\"https:\\\/\\\/www.benefitax.de\\\/en\\\/?s={search_term_string}\"},\"query-input\":{\"@type\":\"PropertyValueSpecification\",\"valueRequired\":true,\"valueName\":\"search_term_string\"}}],\"inLanguage\":\"en-US\"},{\"@type\":\"Organization\",\"@id\":\"https:\\\/\\\/www.benefitax.de\\\/en\\\/#organization\",\"name\":\"Steuerberatung | Wirtschaftspr\u00fcfung\",\"url\":\"https:\\\/\\\/www.benefitax.de\\\/en\\\/\",\"logo\":{\"@type\":\"ImageObject\",\"inLanguage\":\"en-US\",\"@id\":\"https:\\\/\\\/www.benefitax.de\\\/en\\\/#\\\/schema\\\/logo\\\/image\\\/\",\"url\":\"https:\\\/\\\/www.benefitax.de\\\/wp-content\\\/uploads\\\/2022\\\/12\\\/Logo2009_RGB_0_81_205-300x120-1.jpg\",\"contentUrl\":\"https:\\\/\\\/www.benefitax.de\\\/wp-content\\\/uploads\\\/2022\\\/12\\\/Logo2009_RGB_0_81_205-300x120-1.jpg\",\"width\":300,\"height\":120,\"caption\":\"Steuerberatung | Wirtschaftspr\u00fcfung\"},\"image\":{\"@id\":\"https:\\\/\\\/www.benefitax.de\\\/en\\\/#\\\/schema\\\/logo\\\/image\\\/\"},\"sameAs\":[\"https:\\\/\\\/www.facebook.com\\\/Benefitax\\\/\",\"https:\\\/\\\/x.com\\\/Benefitax\",\"https:\\\/\\\/www.xing.com\\\/pages\\\/benefitaxgmbh\"]}]}<\/script>\n<!-- \/ Yoast SEO plugin. -->","yoast_head_json":{"title":"Support for meetings with the bank - Steuerberatung | Wirtschaftspr\u00fcfung","description":"Bank discussions \u25b7 What is important \u25b7 What you should take with you \u25b7 How to convince your bank \u25b7 We will prepare you: +49-69-25622760","robots":{"index":"index","follow":"follow","max-snippet":"max-snippet:-1","max-image-preview":"max-image-preview:large","max-video-preview":"max-video-preview:-1"},"canonical":"https:\/\/www.benefitax.de\/en\/support-for-meetings-with-the-bank\/","og_locale":"en_US","og_type":"article","og_title":"Support for meetings with the bank - Steuerberatung | Wirtschaftspr\u00fcfung","og_description":"Bank discussions \u25b7 What is important \u25b7 What you should take with you \u25b7 How to convince your bank \u25b7 We will prepare you: +49-69-25622760","og_url":"https:\/\/www.benefitax.de\/en\/support-for-meetings-with-the-bank\/","og_site_name":"Steuerberatung | Wirtschaftspr\u00fcfung","article_publisher":"https:\/\/www.facebook.com\/Benefitax\/","article_modified_time":"2025-04-28T14:33:28+00:00","og_image":[{"url":"https:\/\/www.benefitax.de\/wp-content\/uploads\/2023\/12\/Fotolia_Bankgespraech_80007148_S.jpg","type":"","width":"","height":""}],"twitter_card":"summary_large_image","twitter_site":"@Benefitax","twitter_misc":{"Est. reading time":"2 minutes"},"schema":{"@context":"https:\/\/schema.org","@graph":[{"@type":"WebPage","@id":"https:\/\/www.benefitax.de\/en\/support-for-meetings-with-the-bank\/","url":"https:\/\/www.benefitax.de\/en\/support-for-meetings-with-the-bank\/","name":"Support for meetings with the bank - Steuerberatung | Wirtschaftspr\u00fcfung","isPartOf":{"@id":"https:\/\/www.benefitax.de\/en\/#website"},"primaryImageOfPage":{"@id":"https:\/\/www.benefitax.de\/en\/support-for-meetings-with-the-bank\/#primaryimage"},"image":{"@id":"https:\/\/www.benefitax.de\/en\/support-for-meetings-with-the-bank\/#primaryimage"},"thumbnailUrl":"https:\/\/www.benefitax.de\/wp-content\/uploads\/2023\/12\/Fotolia_Bankgespraech_80007148_S.jpg","datePublished":"2023-12-20T11:45:45+00:00","dateModified":"2025-04-28T14:33:28+00:00","description":"Bank discussions \u25b7 What is important \u25b7 What you should take with you \u25b7 How to convince your bank \u25b7 We will prepare you: +49-69-25622760","breadcrumb":{"@id":"https:\/\/www.benefitax.de\/en\/support-for-meetings-with-the-bank\/#breadcrumb"},"inLanguage":"en-US","potentialAction":[{"@type":"ReadAction","target":["https:\/\/www.benefitax.de\/en\/support-for-meetings-with-the-bank\/"]}]},{"@type":"ImageObject","inLanguage":"en-US","@id":"https:\/\/www.benefitax.de\/en\/support-for-meetings-with-the-bank\/#primaryimage","url":"https:\/\/www.benefitax.de\/wp-content\/uploads\/2023\/12\/Fotolia_Bankgespraech_80007148_S.jpg","contentUrl":"https:\/\/www.benefitax.de\/wp-content\/uploads\/2023\/12\/Fotolia_Bankgespraech_80007148_S.jpg"},{"@type":"BreadcrumbList","@id":"https:\/\/www.benefitax.de\/en\/support-for-meetings-with-the-bank\/#breadcrumb","itemListElement":[{"@type":"ListItem","position":1,"name":"Startseite","item":"https:\/\/www.benefitax.de\/en\/"},{"@type":"ListItem","position":2,"name":"Support for meetings with the bank"}]},{"@type":"WebSite","@id":"https:\/\/www.benefitax.de\/en\/#website","url":"https:\/\/www.benefitax.de\/en\/","name":"Steuerberatung | Wirtschaftspr\u00fcfung","description":"Steuerberater f\u00fcr den Mittelstand und f\u00fcr verm\u00f6gende Privatpersonen","publisher":{"@id":"https:\/\/www.benefitax.de\/en\/#organization"},"potentialAction":[{"@type":"SearchAction","target":{"@type":"EntryPoint","urlTemplate":"https:\/\/www.benefitax.de\/en\/?s={search_term_string}"},"query-input":{"@type":"PropertyValueSpecification","valueRequired":true,"valueName":"search_term_string"}}],"inLanguage":"en-US"},{"@type":"Organization","@id":"https:\/\/www.benefitax.de\/en\/#organization","name":"Steuerberatung | Wirtschaftspr\u00fcfung","url":"https:\/\/www.benefitax.de\/en\/","logo":{"@type":"ImageObject","inLanguage":"en-US","@id":"https:\/\/www.benefitax.de\/en\/#\/schema\/logo\/image\/","url":"https:\/\/www.benefitax.de\/wp-content\/uploads\/2022\/12\/Logo2009_RGB_0_81_205-300x120-1.jpg","contentUrl":"https:\/\/www.benefitax.de\/wp-content\/uploads\/2022\/12\/Logo2009_RGB_0_81_205-300x120-1.jpg","width":300,"height":120,"caption":"Steuerberatung | Wirtschaftspr\u00fcfung"},"image":{"@id":"https:\/\/www.benefitax.de\/en\/#\/schema\/logo\/image\/"},"sameAs":["https:\/\/www.facebook.com\/Benefitax\/","https:\/\/x.com\/Benefitax","https:\/\/www.xing.com\/pages\/benefitaxgmbh"]}]}},"_links":{"self":[{"href":"https:\/\/www.benefitax.de\/en\/wp-json\/wp\/v2\/pages\/4433","targetHints":{"allow":["GET"]}}],"collection":[{"href":"https:\/\/www.benefitax.de\/en\/wp-json\/wp\/v2\/pages"}],"about":[{"href":"https:\/\/www.benefitax.de\/en\/wp-json\/wp\/v2\/types\/page"}],"author":[{"embeddable":true,"href":"https:\/\/www.benefitax.de\/en\/wp-json\/wp\/v2\/users\/2"}],"replies":[{"embeddable":true,"href":"https:\/\/www.benefitax.de\/en\/wp-json\/wp\/v2\/comments?post=4433"}],"version-history":[{"count":5,"href":"https:\/\/www.benefitax.de\/en\/wp-json\/wp\/v2\/pages\/4433\/revisions"}],"predecessor-version":[{"id":24271,"href":"https:\/\/www.benefitax.de\/en\/wp-json\/wp\/v2\/pages\/4433\/revisions\/24271"}],"wp:attachment":[{"href":"https:\/\/www.benefitax.de\/en\/wp-json\/wp\/v2\/media?parent=4433"}],"curies":[{"name":"wp","href":"https:\/\/api.w.org\/{rel}","templated":true}]}}