{"id":5026,"date":"2025-05-21T14:58:08","date_gmt":"2025-05-21T12:58:08","guid":{"rendered":"https:\/\/www.benefitax.de\/advice-for-wealthy-private-individuals\/"},"modified":"2025-04-15T10:21:37","modified_gmt":"2025-04-15T08:21:37","slug":"tax-consulting-for-individuals","status":"publish","type":"page","link":"https:\/\/www.benefitax.de\/en\/tax-consulting-for-individuals\/","title":{"rendered":"Tax Consulting for Individuals"},"content":{"rendered":"\t\t<div data-elementor-type=\"wp-page\" data-elementor-id=\"5026\" class=\"elementor elementor-5026 elementor-2795\" data-elementor-post-type=\"page\">\n\t\t\t\t\t\t<section class=\"elementor-section elementor-top-section elementor-element elementor-element-7fd3cab elementor-section-height-min-height elementor-section-boxed elementor-section-height-default elementor-section-items-middle\" data-id=\"7fd3cab\" data-element_type=\"section\" data-e-type=\"section\" data-settings=\"{&quot;background_background&quot;:&quot;classic&quot;}\">\n\t\t\t\t\t\t<div class=\"elementor-container elementor-column-gap-default\">\n\t\t\t\t\t<div class=\"elementor-column elementor-col-100 elementor-top-column elementor-element elementor-element-b291cc7\" data-id=\"b291cc7\" data-element_type=\"column\" data-e-type=\"column\">\n\t\t\t<div class=\"elementor-widget-wrap elementor-element-populated\">\n\t\t\t\t\t\t<div class=\"elementor-element elementor-element-a9e681b elementor-widget elementor-widget-heading\" data-id=\"a9e681b\" data-element_type=\"widget\" data-e-type=\"widget\" data-widget_type=\"heading.default\">\n\t\t\t\t<div class=\"elementor-widget-container\">\n\t\t\t\t\t<h1 class=\"elementor-heading-title elementor-size-default\">Tax advice for private individuals: So that your assets are preserved and grow<\/h1>\t\t\t\t<\/div>\n\t\t\t\t<\/div>\n\t\t\t\t\t<\/div>\n\t\t<\/div>\n\t\t\t\t\t<\/div>\n\t\t<\/section>\n\t\t\t\t<section class=\"elementor-section elementor-top-section elementor-element elementor-element-c5ca5fb elementor-section-boxed elementor-section-height-default elementor-section-height-default\" data-id=\"c5ca5fb\" data-element_type=\"section\" data-e-type=\"section\">\n\t\t\t\t\t\t<div class=\"elementor-container elementor-column-gap-default\">\n\t\t\t\t\t<div class=\"elementor-column elementor-col-100 elementor-top-column elementor-element elementor-element-0bd6b9b\" data-id=\"0bd6b9b\" data-element_type=\"column\" data-e-type=\"column\">\n\t\t\t<div class=\"elementor-widget-wrap elementor-element-populated\">\n\t\t\t\t\t\t<div class=\"elementor-element elementor-element-1c3cd2e elementor-widget elementor-widget-spacer\" data-id=\"1c3cd2e\" data-element_type=\"widget\" data-e-type=\"widget\" data-widget_type=\"spacer.default\">\n\t\t\t\t<div class=\"elementor-widget-container\">\n\t\t\t\t\t\t\t<div class=\"elementor-spacer\">\n\t\t\t<div class=\"elementor-spacer-inner\"><\/div>\n\t\t<\/div>\n\t\t\t\t\t\t<\/div>\n\t\t\t\t<\/div>\n\t\t\t\t<section class=\"elementor-section elementor-inner-section elementor-element elementor-element-3116784 elementor-section-boxed elementor-section-height-default elementor-section-height-default\" data-id=\"3116784\" data-element_type=\"section\" data-e-type=\"section\">\n\t\t\t\t\t\t<div class=\"elementor-container elementor-column-gap-default\">\n\t\t\t\t\t<div class=\"elementor-column elementor-col-100 elementor-inner-column elementor-element elementor-element-b55c4e4\" data-id=\"b55c4e4\" data-element_type=\"column\" data-e-type=\"column\">\n\t\t\t<div class=\"elementor-widget-wrap elementor-element-populated\">\n\t\t\t\t\t\t<div class=\"elementor-element elementor-element-9835c9f elementor-widget elementor-widget-text-editor\" data-id=\"9835c9f\" data-element_type=\"widget\" data-e-type=\"widget\" data-widget_type=\"text-editor.default\">\n\t\t\t\t<div class=\"elementor-widget-container\">\n\t\t\t\t\t\t\t\t\t<p>Wealth can be a place to rest, but it also needs to be looked after and managed so that it is preserved and grows. Especially in special life situations, it is reassuring and urgently necessary to have a good advisor at your side. <\/p>\n\t\t\t\t\t\t\t\t<\/div>\n\t\t\t\t<\/div>\n\t\t\t\t\t<\/div>\n\t\t<\/div>\n\t\t\t\t\t<\/div>\n\t\t<\/section>\n\t\t\t\t<section class=\"elementor-section elementor-inner-section elementor-element elementor-element-73a1520 elementor-section-boxed elementor-section-height-default elementor-section-height-default\" data-id=\"73a1520\" data-element_type=\"section\" data-e-type=\"section\">\n\t\t\t\t\t\t<div class=\"elementor-container elementor-column-gap-default\">\n\t\t\t\t\t<div class=\"elementor-column elementor-col-50 elementor-inner-column elementor-element elementor-element-d4e5c83\" data-id=\"d4e5c83\" data-element_type=\"column\" data-e-type=\"column\">\n\t\t\t<div class=\"elementor-widget-wrap elementor-element-populated\">\n\t\t\t\t\t\t<div class=\"elementor-element elementor-element-713f436 elementor-widget elementor-widget-heading\" data-id=\"713f436\" data-element_type=\"widget\" data-e-type=\"widget\" data-widget_type=\"heading.default\">\n\t\t\t\t<div class=\"elementor-widget-container\">\n\t\t\t\t\t<h4 class=\"elementor-heading-title elementor-size-default\">Our typical advisory services for high net worth individuals<\/h4>\t\t\t\t<\/div>\n\t\t\t\t<\/div>\n\t\t\t\t<div class=\"elementor-element elementor-element-ea576d0 elementor-widget elementor-widget-text-editor\" data-id=\"ea576d0\" data-element_type=\"widget\" data-e-type=\"widget\" data-widget_type=\"text-editor.default\">\n\t\t\t\t<div class=\"elementor-widget-container\">\n\t\t\t\t\t\t\t\t\t<section class=\"av_textblock_section av-1n8yck-fd47232a9ec2b2466419771f1b0361c2 \"><div class=\"avia_textblock\"><ul><li><a href=\"https:\/\/www.benefitax.de\/wegzugsbesteuerung\/\" target=\"_blank\" rel=\"noopener\">Exit taxation<\/a> &#8211; Attention: Giving up your German residence can trigger taxes. We check whether you can leave Germany in a tax-optimized way<\/li><li><a href=\"https:\/\/www.benefitax.de\/en\/inheritance-tax-planning\/\" target=\"_blank\" rel=\"noopener\">Inheritance tax planning<\/a> &#8211; Setting the course in good time and saving taxes: Wills, inheritance contracts, legacies and co.<\/li><li><a href=\"https:\/\/www.benefitax.de\/en\/cross-border-gifts-and-inheritance\/\" target=\"_blank\" rel=\"noopener\">Gifts and inheritances across the border<\/a> &#8211; beware: risk of double taxation. Good planning necessary<\/li><li><a href=\"https:\/\/www.benefitax.de\/en\/companies\/self-disclosure\/\" target=\"_blank\" rel=\"noopener\">Self-disclosure<\/a> &#8211; black money &amp; co: How to escape the trap<\/li><li>Foundations &#8211; No heirs in sight? Life&#8217;s work to be continued<\/li><li><a href=\"https:\/\/www.benefitax.de\/en\/companies\/tax-consulting-for-expatriates\/\" target=\"_blank\" rel=\"noopener\">Tax advice on secondment<\/a> &#8211; What you need to consider if you move abroad for your employer for a limited period of time<\/li><li>Clarification of the tax liability of foreign investments<\/li><\/ul><\/div><\/section><section class=\"av_textblock_section av-1e0vvg-bc67789f10435475e3acfc1483bf72ea \"><div class=\"avia_textblock\">\u00a0<\/div><\/section>\t\t\t\t\t\t\t\t<\/div>\n\t\t\t\t<\/div>\n\t\t\t\t\t<\/div>\n\t\t<\/div>\n\t\t\t\t<div class=\"elementor-column elementor-col-50 elementor-inner-column elementor-element elementor-element-dfc6e41\" data-id=\"dfc6e41\" data-element_type=\"column\" data-e-type=\"column\">\n\t\t\t<div class=\"elementor-widget-wrap elementor-element-populated\">\n\t\t\t\t\t\t<div class=\"elementor-element elementor-element-ca8c981 elementor-widget elementor-widget-image\" data-id=\"ca8c981\" data-element_type=\"widget\" data-e-type=\"widget\" data-widget_type=\"image.default\">\n\t\t\t\t<div class=\"elementor-widget-container\">\n\t\t\t\t\t\t\t\t\t\t\t\t\t\t\t<img fetchpriority=\"high\" decoding=\"async\" width=\"430\" height=\"212\" src=\"https:\/\/www.benefitax.de\/wp-content\/uploads\/2024\/02\/Fotolia_152039831_S_Tax_Savings-430x212-1.jpg\" class=\"attachment-large size-large wp-image-3682\" alt=\"\" srcset=\"https:\/\/www.benefitax.de\/wp-content\/uploads\/2024\/02\/Fotolia_152039831_S_Tax_Savings-430x212-1.jpg 430w, https:\/\/www.benefitax.de\/wp-content\/uploads\/2024\/02\/Fotolia_152039831_S_Tax_Savings-430x212-1-300x148.jpg 300w\" sizes=\"(max-width: 430px) 100vw, 430px\" \/>\t\t\t\t\t\t\t\t\t\t\t\t\t\t\t<\/div>\n\t\t\t\t<\/div>\n\t\t\t\t<div class=\"elementor-element elementor-element-f666e36 elementor-align-center elementor-widget elementor-widget-button\" data-id=\"f666e36\" data-element_type=\"widget\" data-e-type=\"widget\" data-widget_type=\"button.default\">\n\t\t\t\t<div class=\"elementor-widget-container\">\n\t\t\t\t\t\t\t\t\t<div class=\"elementor-button-wrapper\">\n\t\t\t\t\t<a class=\"elementor-button elementor-button-link elementor-size-sm\" href=\"https:\/\/www.benefitax.de\/en\/contact\/\">\n\t\t\t\t\t\t<span class=\"elementor-button-content-wrapper\">\n\t\t\t\t\t\t\t\t\t<span class=\"elementor-button-text\">Contact us now<\/span>\n\t\t\t\t\t<\/span>\n\t\t\t\t\t<\/a>\n\t\t\t\t<\/div>\n\t\t\t\t\t\t\t\t<\/div>\n\t\t\t\t<\/div>\n\t\t\t\t\t<\/div>\n\t\t<\/div>\n\t\t\t\t\t<\/div>\n\t\t<\/section>\n\t\t\t\t<section class=\"elementor-section elementor-inner-section elementor-element elementor-element-c44c241 elementor-section-boxed elementor-section-height-default elementor-section-height-default\" data-id=\"c44c241\" data-element_type=\"section\" data-e-type=\"section\">\n\t\t\t\t\t\t<div class=\"elementor-container elementor-column-gap-default\">\n\t\t\t\t\t<div class=\"elementor-column elementor-col-100 elementor-inner-column elementor-element elementor-element-0332633\" data-id=\"0332633\" data-element_type=\"column\" data-e-type=\"column\">\n\t\t\t<div class=\"elementor-widget-wrap elementor-element-populated\">\n\t\t\t\t\t\t<div class=\"elementor-element elementor-element-4be9496 elementor-widget elementor-widget-text-editor\" data-id=\"4be9496\" data-element_type=\"widget\" data-e-type=\"widget\" data-widget_type=\"text-editor.default\">\n\t\t\t\t<div class=\"elementor-widget-container\">\n\t\t\t\t\t\t\t\t\t<p>If you find yourself in one of these or a similar life situation, we are happy to be there for you as a consultant and\/or trusted sparring partner.<\/p>\n\t\t\t\t\t\t\t\t<\/div>\n\t\t\t\t<\/div>\n\t\t\t\t\t<\/div>\n\t\t<\/div>\n\t\t\t\t\t<\/div>\n\t\t<\/section>\n\t\t\t\t\t<\/div>\n\t\t<\/div>\n\t\t\t\t\t<\/div>\n\t\t<\/section>\n\t\t\t\t<section class=\"elementor-section elementor-top-section elementor-element elementor-element-bacf7a1 elementor-section-boxed elementor-section-height-default elementor-section-height-default\" data-id=\"bacf7a1\" data-element_type=\"section\" data-e-type=\"section\">\n\t\t\t\t\t\t<div class=\"elementor-container elementor-column-gap-default\">\n\t\t\t\t\t<div class=\"elementor-column elementor-col-100 elementor-top-column elementor-element elementor-element-b7c31fc\" data-id=\"b7c31fc\" data-element_type=\"column\" data-e-type=\"column\">\n\t\t\t<div class=\"elementor-widget-wrap elementor-element-populated\">\n\t\t\t\t\t\t<div class=\"elementor-element elementor-element-81fbfcf elementor-widget elementor-widget-spacer\" data-id=\"81fbfcf\" data-element_type=\"widget\" data-e-type=\"widget\" data-widget_type=\"spacer.default\">\n\t\t\t\t<div class=\"elementor-widget-container\">\n\t\t\t\t\t\t\t<div class=\"elementor-spacer\">\n\t\t\t<div class=\"elementor-spacer-inner\"><\/div>\n\t\t<\/div>\n\t\t\t\t\t\t<\/div>\n\t\t\t\t<\/div>\n\t\t\t\t<div class=\"elementor-element elementor-element-f00a9ab elementor-widget elementor-widget-text-editor\" data-id=\"f00a9ab\" data-element_type=\"widget\" data-e-type=\"widget\" data-widget_type=\"text-editor.default\">\n\t\t\t\t<div class=\"elementor-widget-container\">\n\t\t\t\t\t\t\t\t\t<div class=\"hr av-h6898-1173ed3245746d4c67c6ca245f66ee90 hr-invisible avia-builder-el-11 el_before_av_textblock avia-builder-el-first \"><h4>Death, moving away or voluntary disclosure &#8211; we are there for you.<\/h4><\/div><h2 class=\"av-special-heading-tag\">Give us a call: <a href=\"tel:+496925622760\">+4969-25622760<\/a><br \/>Write to us: <a href=\"mailto:info@benefitax.de\">info@benefitax.de<\/a><\/h2>\t\t\t\t\t\t\t\t<\/div>\n\t\t\t\t<\/div>\n\t\t\t\t\t<\/div>\n\t\t<\/div>\n\t\t\t\t\t<\/div>\n\t\t<\/section>\n\t\t\t\t<\/div>\n\t\t","protected":false},"excerpt":{"rendered":"<p>Tax advice for private individuals: So that your assets are preserved and grow Wealth can be a place to rest, but it also needs to be looked after and managed so that it is preserved and grows. Especially in special life situations, it is reassuring and urgently necessary to have a good advisor at your [&hellip;]<\/p>\n","protected":false},"author":2,"featured_media":0,"parent":0,"menu_order":0,"comment_status":"closed","ping_status":"closed","template":"","meta":{"_acf_changed":false,"footnotes":""},"class_list":["post-5026","page","type-page","status-publish","hentry"],"acf":[],"yoast_head":"<!-- This site is optimized with the Yoast SEO plugin v27.3 - https:\/\/yoast.com\/product\/yoast-seo-wordpress\/ -->\n<title>Advice for high net worth individuals | Benefitax<\/title>\n<meta name=\"description\" content=\"Advice for wealthy private individuals: Death, departure or voluntary disclosure \u25b7 We at Benefitax are there for you: +49-69-25622760\" \/>\n<meta name=\"robots\" content=\"index, follow, max-snippet:-1, max-image-preview:large, max-video-preview:-1\" \/>\n<link rel=\"canonical\" href=\"https:\/\/www.benefitax.de\/en\/tax-consulting-for-individuals\/\" \/>\n<meta property=\"og:locale\" content=\"en_US\" \/>\n<meta property=\"og:type\" content=\"article\" \/>\n<meta property=\"og:title\" content=\"Advice for high net worth individuals | Benefitax\" \/>\n<meta property=\"og:description\" content=\"Advice for wealthy private individuals: Death, departure or voluntary disclosure \u25b7 We at Benefitax are there for you: +49-69-25622760\" \/>\n<meta property=\"og:url\" content=\"https:\/\/www.benefitax.de\/en\/tax-consulting-for-individuals\/\" \/>\n<meta property=\"og:site_name\" content=\"Steuerberatung | Wirtschaftspr\u00fcfung\" \/>\n<meta property=\"article:publisher\" content=\"https:\/\/www.facebook.com\/Benefitax\/\" \/>\n<meta property=\"og:image\" content=\"https:\/\/www.benefitax.de\/wp-content\/uploads\/2024\/02\/Fotolia_152039831_S_Tax_Savings-430x212-1.jpg\" \/>\n<meta name=\"twitter:card\" content=\"summary_large_image\" \/>\n<meta name=\"twitter:site\" content=\"@Benefitax\" \/>\n<meta name=\"twitter:label1\" content=\"Est. reading time\" \/>\n\t<meta name=\"twitter:data1\" content=\"2 minutes\" \/>\n<script type=\"application\/ld+json\" class=\"yoast-schema-graph\">{\"@context\":\"https:\\\/\\\/schema.org\",\"@graph\":[{\"@type\":\"WebPage\",\"@id\":\"https:\\\/\\\/www.benefitax.de\\\/en\\\/tax-consulting-for-individuals\\\/\",\"url\":\"https:\\\/\\\/www.benefitax.de\\\/en\\\/tax-consulting-for-individuals\\\/\",\"name\":\"Advice for high net worth individuals | Benefitax\",\"isPartOf\":{\"@id\":\"https:\\\/\\\/www.benefitax.de\\\/en\\\/#website\"},\"primaryImageOfPage\":{\"@id\":\"https:\\\/\\\/www.benefitax.de\\\/en\\\/tax-consulting-for-individuals\\\/#primaryimage\"},\"image\":{\"@id\":\"https:\\\/\\\/www.benefitax.de\\\/en\\\/tax-consulting-for-individuals\\\/#primaryimage\"},\"thumbnailUrl\":\"https:\\\/\\\/www.benefitax.de\\\/wp-content\\\/uploads\\\/2024\\\/02\\\/Fotolia_152039831_S_Tax_Savings-430x212-1.jpg\",\"datePublished\":\"2025-05-21T12:58:08+00:00\",\"description\":\"Advice for wealthy private individuals: Death, departure or voluntary disclosure \u25b7 We at Benefitax are there for you: +49-69-25622760\",\"breadcrumb\":{\"@id\":\"https:\\\/\\\/www.benefitax.de\\\/en\\\/tax-consulting-for-individuals\\\/#breadcrumb\"},\"inLanguage\":\"en-US\",\"potentialAction\":[{\"@type\":\"ReadAction\",\"target\":[\"https:\\\/\\\/www.benefitax.de\\\/en\\\/tax-consulting-for-individuals\\\/\"]}]},{\"@type\":\"ImageObject\",\"inLanguage\":\"en-US\",\"@id\":\"https:\\\/\\\/www.benefitax.de\\\/en\\\/tax-consulting-for-individuals\\\/#primaryimage\",\"url\":\"https:\\\/\\\/www.benefitax.de\\\/wp-content\\\/uploads\\\/2024\\\/02\\\/Fotolia_152039831_S_Tax_Savings-430x212-1.jpg\",\"contentUrl\":\"https:\\\/\\\/www.benefitax.de\\\/wp-content\\\/uploads\\\/2024\\\/02\\\/Fotolia_152039831_S_Tax_Savings-430x212-1.jpg\"},{\"@type\":\"BreadcrumbList\",\"@id\":\"https:\\\/\\\/www.benefitax.de\\\/en\\\/tax-consulting-for-individuals\\\/#breadcrumb\",\"itemListElement\":[{\"@type\":\"ListItem\",\"position\":1,\"name\":\"Startseite\",\"item\":\"https:\\\/\\\/www.benefitax.de\\\/en\\\/\"},{\"@type\":\"ListItem\",\"position\":2,\"name\":\"Tax Consulting for Individuals\"}]},{\"@type\":\"WebSite\",\"@id\":\"https:\\\/\\\/www.benefitax.de\\\/en\\\/#website\",\"url\":\"https:\\\/\\\/www.benefitax.de\\\/en\\\/\",\"name\":\"Steuerberatung | Wirtschaftspr\u00fcfung\",\"description\":\"Steuerberater f\u00fcr den Mittelstand und f\u00fcr verm\u00f6gende Privatpersonen\",\"publisher\":{\"@id\":\"https:\\\/\\\/www.benefitax.de\\\/en\\\/#organization\"},\"potentialAction\":[{\"@type\":\"SearchAction\",\"target\":{\"@type\":\"EntryPoint\",\"urlTemplate\":\"https:\\\/\\\/www.benefitax.de\\\/en\\\/?s={search_term_string}\"},\"query-input\":{\"@type\":\"PropertyValueSpecification\",\"valueRequired\":true,\"valueName\":\"search_term_string\"}}],\"inLanguage\":\"en-US\"},{\"@type\":\"Organization\",\"@id\":\"https:\\\/\\\/www.benefitax.de\\\/en\\\/#organization\",\"name\":\"Steuerberatung | Wirtschaftspr\u00fcfung\",\"url\":\"https:\\\/\\\/www.benefitax.de\\\/en\\\/\",\"logo\":{\"@type\":\"ImageObject\",\"inLanguage\":\"en-US\",\"@id\":\"https:\\\/\\\/www.benefitax.de\\\/en\\\/#\\\/schema\\\/logo\\\/image\\\/\",\"url\":\"https:\\\/\\\/www.benefitax.de\\\/wp-content\\\/uploads\\\/2022\\\/12\\\/Logo2009_RGB_0_81_205-300x120-1.jpg\",\"contentUrl\":\"https:\\\/\\\/www.benefitax.de\\\/wp-content\\\/uploads\\\/2022\\\/12\\\/Logo2009_RGB_0_81_205-300x120-1.jpg\",\"width\":300,\"height\":120,\"caption\":\"Steuerberatung | Wirtschaftspr\u00fcfung\"},\"image\":{\"@id\":\"https:\\\/\\\/www.benefitax.de\\\/en\\\/#\\\/schema\\\/logo\\\/image\\\/\"},\"sameAs\":[\"https:\\\/\\\/www.facebook.com\\\/Benefitax\\\/\",\"https:\\\/\\\/x.com\\\/Benefitax\",\"https:\\\/\\\/www.xing.com\\\/pages\\\/benefitaxgmbh\"]}]}<\/script>\n<!-- \/ Yoast SEO plugin. -->","yoast_head_json":{"title":"Advice for high net worth individuals | Benefitax","description":"Advice for wealthy private individuals: Death, departure or voluntary disclosure \u25b7 We at Benefitax are there for you: +49-69-25622760","robots":{"index":"index","follow":"follow","max-snippet":"max-snippet:-1","max-image-preview":"max-image-preview:large","max-video-preview":"max-video-preview:-1"},"canonical":"https:\/\/www.benefitax.de\/en\/tax-consulting-for-individuals\/","og_locale":"en_US","og_type":"article","og_title":"Advice for high net worth individuals | Benefitax","og_description":"Advice for wealthy private individuals: Death, departure or voluntary disclosure \u25b7 We at Benefitax are there for you: +49-69-25622760","og_url":"https:\/\/www.benefitax.de\/en\/tax-consulting-for-individuals\/","og_site_name":"Steuerberatung | Wirtschaftspr\u00fcfung","article_publisher":"https:\/\/www.facebook.com\/Benefitax\/","og_image":[{"url":"https:\/\/www.benefitax.de\/wp-content\/uploads\/2024\/02\/Fotolia_152039831_S_Tax_Savings-430x212-1.jpg","type":"","width":"","height":""}],"twitter_card":"summary_large_image","twitter_site":"@Benefitax","twitter_misc":{"Est. reading time":"2 minutes"},"schema":{"@context":"https:\/\/schema.org","@graph":[{"@type":"WebPage","@id":"https:\/\/www.benefitax.de\/en\/tax-consulting-for-individuals\/","url":"https:\/\/www.benefitax.de\/en\/tax-consulting-for-individuals\/","name":"Advice for high net worth individuals | Benefitax","isPartOf":{"@id":"https:\/\/www.benefitax.de\/en\/#website"},"primaryImageOfPage":{"@id":"https:\/\/www.benefitax.de\/en\/tax-consulting-for-individuals\/#primaryimage"},"image":{"@id":"https:\/\/www.benefitax.de\/en\/tax-consulting-for-individuals\/#primaryimage"},"thumbnailUrl":"https:\/\/www.benefitax.de\/wp-content\/uploads\/2024\/02\/Fotolia_152039831_S_Tax_Savings-430x212-1.jpg","datePublished":"2025-05-21T12:58:08+00:00","description":"Advice for wealthy private individuals: Death, departure or voluntary disclosure \u25b7 We at Benefitax are there for you: +49-69-25622760","breadcrumb":{"@id":"https:\/\/www.benefitax.de\/en\/tax-consulting-for-individuals\/#breadcrumb"},"inLanguage":"en-US","potentialAction":[{"@type":"ReadAction","target":["https:\/\/www.benefitax.de\/en\/tax-consulting-for-individuals\/"]}]},{"@type":"ImageObject","inLanguage":"en-US","@id":"https:\/\/www.benefitax.de\/en\/tax-consulting-for-individuals\/#primaryimage","url":"https:\/\/www.benefitax.de\/wp-content\/uploads\/2024\/02\/Fotolia_152039831_S_Tax_Savings-430x212-1.jpg","contentUrl":"https:\/\/www.benefitax.de\/wp-content\/uploads\/2024\/02\/Fotolia_152039831_S_Tax_Savings-430x212-1.jpg"},{"@type":"BreadcrumbList","@id":"https:\/\/www.benefitax.de\/en\/tax-consulting-for-individuals\/#breadcrumb","itemListElement":[{"@type":"ListItem","position":1,"name":"Startseite","item":"https:\/\/www.benefitax.de\/en\/"},{"@type":"ListItem","position":2,"name":"Tax Consulting for Individuals"}]},{"@type":"WebSite","@id":"https:\/\/www.benefitax.de\/en\/#website","url":"https:\/\/www.benefitax.de\/en\/","name":"Steuerberatung | Wirtschaftspr\u00fcfung","description":"Steuerberater f\u00fcr den Mittelstand und f\u00fcr verm\u00f6gende Privatpersonen","publisher":{"@id":"https:\/\/www.benefitax.de\/en\/#organization"},"potentialAction":[{"@type":"SearchAction","target":{"@type":"EntryPoint","urlTemplate":"https:\/\/www.benefitax.de\/en\/?s={search_term_string}"},"query-input":{"@type":"PropertyValueSpecification","valueRequired":true,"valueName":"search_term_string"}}],"inLanguage":"en-US"},{"@type":"Organization","@id":"https:\/\/www.benefitax.de\/en\/#organization","name":"Steuerberatung | Wirtschaftspr\u00fcfung","url":"https:\/\/www.benefitax.de\/en\/","logo":{"@type":"ImageObject","inLanguage":"en-US","@id":"https:\/\/www.benefitax.de\/en\/#\/schema\/logo\/image\/","url":"https:\/\/www.benefitax.de\/wp-content\/uploads\/2022\/12\/Logo2009_RGB_0_81_205-300x120-1.jpg","contentUrl":"https:\/\/www.benefitax.de\/wp-content\/uploads\/2022\/12\/Logo2009_RGB_0_81_205-300x120-1.jpg","width":300,"height":120,"caption":"Steuerberatung | Wirtschaftspr\u00fcfung"},"image":{"@id":"https:\/\/www.benefitax.de\/en\/#\/schema\/logo\/image\/"},"sameAs":["https:\/\/www.facebook.com\/Benefitax\/","https:\/\/x.com\/Benefitax","https:\/\/www.xing.com\/pages\/benefitaxgmbh"]}]}},"_links":{"self":[{"href":"https:\/\/www.benefitax.de\/en\/wp-json\/wp\/v2\/pages\/5026","targetHints":{"allow":["GET"]}}],"collection":[{"href":"https:\/\/www.benefitax.de\/en\/wp-json\/wp\/v2\/pages"}],"about":[{"href":"https:\/\/www.benefitax.de\/en\/wp-json\/wp\/v2\/types\/page"}],"author":[{"embeddable":true,"href":"https:\/\/www.benefitax.de\/en\/wp-json\/wp\/v2\/users\/2"}],"replies":[{"embeddable":true,"href":"https:\/\/www.benefitax.de\/en\/wp-json\/wp\/v2\/comments?post=5026"}],"version-history":[{"count":5,"href":"https:\/\/www.benefitax.de\/en\/wp-json\/wp\/v2\/pages\/5026\/revisions"}],"predecessor-version":[{"id":23952,"href":"https:\/\/www.benefitax.de\/en\/wp-json\/wp\/v2\/pages\/5026\/revisions\/23952"}],"wp:attachment":[{"href":"https:\/\/www.benefitax.de\/en\/wp-json\/wp\/v2\/media?parent=5026"}],"curies":[{"name":"wp","href":"https:\/\/api.w.org\/{rel}","templated":true}]}}