{"id":5071,"date":"2025-05-21T12:20:51","date_gmt":"2025-05-21T10:20:51","guid":{"rendered":"https:\/\/www.benefitax.de\/foreign-income-of-germans\/"},"modified":"2025-04-10T17:00:35","modified_gmt":"2025-04-10T15:00:35","slug":"foreign-income-of-germans","status":"publish","type":"page","link":"https:\/\/www.benefitax.de\/en\/foreign-income-of-germans\/","title":{"rendered":"Foreign Income of Germans: Income tax"},"content":{"rendered":"\t\t<div data-elementor-type=\"wp-page\" data-elementor-id=\"5071\" class=\"elementor elementor-5071 elementor-2776\" data-elementor-post-type=\"page\">\n\t\t\t\t\t\t<section class=\"elementor-section elementor-top-section elementor-element elementor-element-7fd3cab elementor-section-height-min-height elementor-section-boxed elementor-section-height-default elementor-section-items-middle\" data-id=\"7fd3cab\" data-element_type=\"section\" data-e-type=\"section\" data-settings=\"{&quot;background_background&quot;:&quot;classic&quot;}\">\n\t\t\t\t\t\t<div class=\"elementor-container elementor-column-gap-default\">\n\t\t\t\t\t<div class=\"elementor-column elementor-col-100 elementor-top-column elementor-element elementor-element-b291cc7\" data-id=\"b291cc7\" data-element_type=\"column\" data-e-type=\"column\">\n\t\t\t<div class=\"elementor-widget-wrap elementor-element-populated\">\n\t\t\t\t\t\t<div class=\"elementor-element elementor-element-a9e681b elementor-widget elementor-widget-heading\" data-id=\"a9e681b\" data-element_type=\"widget\" data-e-type=\"widget\" data-widget_type=\"heading.default\">\n\t\t\t\t<div class=\"elementor-widget-container\">\n\t\t\t\t\t<h1 class=\"elementor-heading-title elementor-size-default\">Foreign income of Germans: Duty of disclosure in the income tax return<\/h1>\t\t\t\t<\/div>\n\t\t\t\t<\/div>\n\t\t\t\t\t<\/div>\n\t\t<\/div>\n\t\t\t\t\t<\/div>\n\t\t<\/section>\n\t\t\t\t<section class=\"elementor-section elementor-top-section elementor-element elementor-element-c5ca5fb elementor-section-boxed elementor-section-height-default elementor-section-height-default\" data-id=\"c5ca5fb\" data-element_type=\"section\" data-e-type=\"section\">\n\t\t\t\t\t\t<div class=\"elementor-container elementor-column-gap-default\">\n\t\t\t\t\t<div class=\"elementor-column elementor-col-100 elementor-top-column elementor-element elementor-element-0bd6b9b\" data-id=\"0bd6b9b\" data-element_type=\"column\" data-e-type=\"column\">\n\t\t\t<div class=\"elementor-widget-wrap elementor-element-populated\">\n\t\t\t\t\t\t<div class=\"elementor-element elementor-element-1c3cd2e elementor-widget elementor-widget-spacer\" data-id=\"1c3cd2e\" data-element_type=\"widget\" data-e-type=\"widget\" data-widget_type=\"spacer.default\">\n\t\t\t\t<div class=\"elementor-widget-container\">\n\t\t\t\t\t\t\t<div class=\"elementor-spacer\">\n\t\t\t<div class=\"elementor-spacer-inner\"><\/div>\n\t\t<\/div>\n\t\t\t\t\t\t<\/div>\n\t\t\t\t<\/div>\n\t\t\t\t<section class=\"elementor-section elementor-inner-section elementor-element elementor-element-3116784 elementor-section-boxed elementor-section-height-default elementor-section-height-default\" data-id=\"3116784\" data-element_type=\"section\" data-e-type=\"section\">\n\t\t\t\t\t\t<div class=\"elementor-container elementor-column-gap-default\">\n\t\t\t\t\t<div class=\"elementor-column elementor-col-100 elementor-inner-column elementor-element elementor-element-b55c4e4\" data-id=\"b55c4e4\" data-element_type=\"column\" data-e-type=\"column\">\n\t\t\t<div class=\"elementor-widget-wrap elementor-element-populated\">\n\t\t\t\t\t\t<div class=\"elementor-element elementor-element-9835c9f elementor-widget elementor-widget-text-editor\" data-id=\"9835c9f\" data-element_type=\"widget\" data-e-type=\"widget\" data-widget_type=\"text-editor.default\">\n\t\t\t\t<div class=\"elementor-widget-container\">\n\t\t\t\t\t\t\t\t\t<p>If you are looking for specialists in international tax law, you have come to the right place. This is because there are special features to consider when preparing income tax returns for income from abroad. <\/p>\n\t\t\t\t\t\t\t\t<\/div>\n\t\t\t\t<\/div>\n\t\t\t\t\t<\/div>\n\t\t<\/div>\n\t\t\t\t\t<\/div>\n\t\t<\/section>\n\t\t\t\t<section class=\"elementor-section elementor-inner-section elementor-element elementor-element-73a1520 elementor-section-boxed elementor-section-height-default elementor-section-height-default\" data-id=\"73a1520\" data-element_type=\"section\" data-e-type=\"section\">\n\t\t\t\t\t\t<div class=\"elementor-container elementor-column-gap-default\">\n\t\t\t\t\t<div class=\"elementor-column elementor-col-50 elementor-inner-column elementor-element elementor-element-d4e5c83\" data-id=\"d4e5c83\" data-element_type=\"column\" data-e-type=\"column\">\n\t\t\t<div class=\"elementor-widget-wrap elementor-element-populated\">\n\t\t\t\t\t\t<div class=\"elementor-element elementor-element-ea576d0 elementor-widget elementor-widget-text-editor\" data-id=\"ea576d0\" data-element_type=\"widget\" data-e-type=\"widget\" data-widget_type=\"text-editor.default\">\n\t\t\t\t<div class=\"elementor-widget-container\">\n\t\t\t\t\t\t\t\t\t<p><strong>Foreign income<\/strong> arises for persons who have a place of residence or habitual abode in Germany and earn income from abroad. They are subject to unlimited tax liability in Germany and must disclose all income earned worldwide to the tax office. Whether this income <strong>is taxable in Germany<\/strong> or not is initially irrelevant and depends, for example, on the relevant double taxation agreement.<\/p><p>Even if the income has already been taxed abroad or has been subject to withholding tax there, the income must be declared in Germany. Even if the foreign income is not taxable in Germany, it generally affects the tax rate on German income. This is referred to as the so-called progression proviso. Please remember to declare all foreign income in your German income tax return. If you have forgotten to do this in the past, we can <a href=\"https:\/\/www.benefitax.de\/en\/companies\/self-disclosure\/\" target=\"_blank\" rel=\"noopener\">support you in making a voluntary disclosure<\/a> to avert greater damage.<\/p><p>Particularly problematic are investments in <strong>funds, trusts and foundations<\/strong> as well as <strong>LLCs<\/strong>, which under German law can be both partnerships and corporations, because the shareholders are often unaware that a tax liability may exist even without a distribution or sale of shares. Determining whether and to what extent withholding tax paid abroad can be offset against German income tax is complex and should not be attempted without the advice of a specialist. As a rule, this is only worthwhile if the withholding tax was at least four or five figures.<\/p>\t\t\t\t\t\t\t\t<\/div>\n\t\t\t\t<\/div>\n\t\t\t\t\t<\/div>\n\t\t<\/div>\n\t\t\t\t<div class=\"elementor-column elementor-col-50 elementor-inner-column elementor-element elementor-element-dfc6e41\" data-id=\"dfc6e41\" data-element_type=\"column\" data-e-type=\"column\">\n\t\t\t<div class=\"elementor-widget-wrap elementor-element-populated\">\n\t\t\t\t\t\t<div class=\"elementor-element elementor-element-ca8c981 elementor-widget elementor-widget-image\" data-id=\"ca8c981\" data-element_type=\"widget\" data-e-type=\"widget\" data-widget_type=\"image.default\">\n\t\t\t\t<div class=\"elementor-widget-container\">\n\t\t\t\t\t\t\t\t\t\t\t\t\t\t\t<img fetchpriority=\"high\" decoding=\"async\" width=\"430\" height=\"289\" src=\"https:\/\/www.benefitax.de\/wp-content\/uploads\/2024\/02\/Internationale-Waehrungen-430x289-1.jpg\" class=\"attachment-large size-large wp-image-3681\" alt=\"\" srcset=\"https:\/\/www.benefitax.de\/wp-content\/uploads\/2024\/02\/Internationale-Waehrungen-430x289-1.jpg 430w, https:\/\/www.benefitax.de\/wp-content\/uploads\/2024\/02\/Internationale-Waehrungen-430x289-1-300x202.jpg 300w\" sizes=\"(max-width: 430px) 100vw, 430px\" \/>\t\t\t\t\t\t\t\t\t\t\t\t\t\t\t<\/div>\n\t\t\t\t<\/div>\n\t\t\t\t<div class=\"elementor-element elementor-element-f666e36 elementor-align-center elementor-widget elementor-widget-button\" data-id=\"f666e36\" data-element_type=\"widget\" data-e-type=\"widget\" data-widget_type=\"button.default\">\n\t\t\t\t<div class=\"elementor-widget-container\">\n\t\t\t\t\t\t\t\t\t<div class=\"elementor-button-wrapper\">\n\t\t\t\t\t<a class=\"elementor-button elementor-button-link elementor-size-sm\" href=\"https:\/\/www.benefitax.de\/en\/contact\/\">\n\t\t\t\t\t\t<span class=\"elementor-button-content-wrapper\">\n\t\t\t\t\t\t\t\t\t<span class=\"elementor-button-text\">Contact us now<\/span>\n\t\t\t\t\t<\/span>\n\t\t\t\t\t<\/a>\n\t\t\t\t<\/div>\n\t\t\t\t\t\t\t\t<\/div>\n\t\t\t\t<\/div>\n\t\t\t\t\t<\/div>\n\t\t<\/div>\n\t\t\t\t\t<\/div>\n\t\t<\/section>\n\t\t\t\t\t<\/div>\n\t\t<\/div>\n\t\t\t\t\t<\/div>\n\t\t<\/section>\n\t\t\t\t<section class=\"elementor-section elementor-top-section elementor-element elementor-element-26865bd elementor-section-boxed elementor-section-height-default elementor-section-height-default\" data-id=\"26865bd\" data-element_type=\"section\" data-e-type=\"section\" data-settings=\"{&quot;background_background&quot;:&quot;classic&quot;}\">\n\t\t\t\t\t\t<div class=\"elementor-container elementor-column-gap-default\">\n\t\t\t\t\t<div class=\"elementor-column elementor-col-100 elementor-top-column elementor-element elementor-element-e1c0b18\" data-id=\"e1c0b18\" data-element_type=\"column\" data-e-type=\"column\">\n\t\t\t<div class=\"elementor-widget-wrap elementor-element-populated\">\n\t\t\t\t\t\t<div class=\"elementor-element elementor-element-1955a81 elementor-widget elementor-widget-heading\" data-id=\"1955a81\" data-element_type=\"widget\" data-e-type=\"widget\" data-widget_type=\"heading.default\">\n\t\t\t\t<div class=\"elementor-widget-container\">\n\t\t\t\t\t<h4 class=\"elementor-heading-title elementor-size-default\">Income from bank accounts and custody accounts abroad<\/h4>\t\t\t\t<\/div>\n\t\t\t\t<\/div>\n\t\t\t\t<div class=\"elementor-element elementor-element-1e992f4 elementor-widget elementor-widget-text-editor\" data-id=\"1e992f4\" data-element_type=\"widget\" data-e-type=\"widget\" data-widget_type=\"text-editor.default\">\n\t\t\t\t<div class=\"elementor-widget-container\">\n\t\t\t\t\t\t\t\t\t<p>It is not prohibited to hold accounts and custody accounts abroad, e.g. to achieve a broader diversification and risk reduction for larger assets, to benefit from the lower withholding tax or to achieve an interest gain. <strong>It is only important that income from foreign accounts and custody accounts is declared in the German tax return. <\/strong>Failure to do so may result in criminal tax proceedings in which you will not only have to pay all evaded taxes with interest and any penalties; you may even be sentenced to prison (see Hoene\u00df case). Anyone who has not yet declared income from abroad should check whether it is really worth it. <\/p>\n\t\t\t\t\t\t\t\t<\/div>\n\t\t\t\t<\/div>\n\t\t\t\t<div class=\"elementor-element elementor-element-6b271d7 elementor-widget elementor-widget-heading\" data-id=\"6b271d7\" data-element_type=\"widget\" data-e-type=\"widget\" data-widget_type=\"heading.default\">\n\t\t\t\t<div class=\"elementor-widget-container\">\n\t\t\t\t\t<h4 class=\"elementor-heading-title elementor-size-default\">Playing with open cards - and driving best in the long run<\/h4>\t\t\t\t<\/div>\n\t\t\t\t<\/div>\n\t\t\t\t<div class=\"elementor-element elementor-element-5d26ed7 elementor-widget elementor-widget-text-editor\" data-id=\"5d26ed7\" data-element_type=\"widget\" data-e-type=\"widget\" data-widget_type=\"text-editor.default\">\n\t\t\t\t<div class=\"elementor-widget-container\">\n\t\t\t\t\t\t\t\t\t<p>In an age of international networking of tax authorities, very extensive reporting obligations for banks and the purchase of tax CDs from former bank employees by tax authorities and searches by customs, the risk of discovery is very high. In our experience, it was not worth it in most cases. The tax savings effect is often negated by the high administrative and travel costs, especially for investments of less than \u20ac1 million. In addition, many countries have gradually introduced a withholding tax, which is sometimes even higher than the final withholding tax in Germany. This currently amounts to 26.38% (25% income tax and 5.5% solidarity surcharge). Switzerland, for example, levies a withholding or transfer tax of 35% on dividends from Swiss stock corporations. If this income is not declared in the German tax return, no partial refund of the withholding tax can be claimed. Taxation in Germany would therefore have been cheaper and would have cost less &#8220;nerves&#8221;.<\/p><p>Further information on the preparation of income tax returns and how we can also support you can be found <a href=\"https:\/\/www.benefitax.de\/en\/income-tax-and-income-tax-return\/\" target=\"_blank\" rel=\"noopener\">here<\/a>.<\/p>\t\t\t\t\t\t\t\t<\/div>\n\t\t\t\t<\/div>\n\t\t\t\t\t<\/div>\n\t\t<\/div>\n\t\t\t\t\t<\/div>\n\t\t<\/section>\n\t\t\t\t<section class=\"elementor-section elementor-top-section elementor-element elementor-element-bacf7a1 elementor-section-boxed elementor-section-height-default elementor-section-height-default\" data-id=\"bacf7a1\" data-element_type=\"section\" data-e-type=\"section\">\n\t\t\t\t\t\t<div class=\"elementor-container elementor-column-gap-default\">\n\t\t\t\t\t<div class=\"elementor-column elementor-col-100 elementor-top-column elementor-element elementor-element-b7c31fc\" data-id=\"b7c31fc\" data-element_type=\"column\" data-e-type=\"column\">\n\t\t\t<div class=\"elementor-widget-wrap elementor-element-populated\">\n\t\t\t\t\t\t<div class=\"elementor-element elementor-element-81fbfcf elementor-widget elementor-widget-spacer\" data-id=\"81fbfcf\" data-element_type=\"widget\" data-e-type=\"widget\" data-widget_type=\"spacer.default\">\n\t\t\t\t<div class=\"elementor-widget-container\">\n\t\t\t\t\t\t\t<div class=\"elementor-spacer\">\n\t\t\t<div class=\"elementor-spacer-inner\"><\/div>\n\t\t<\/div>\n\t\t\t\t\t\t<\/div>\n\t\t\t\t<\/div>\n\t\t\t\t<div class=\"elementor-element elementor-element-f00a9ab elementor-widget elementor-widget-text-editor\" data-id=\"f00a9ab\" data-element_type=\"widget\" data-e-type=\"widget\" data-widget_type=\"text-editor.default\">\n\t\t\t\t<div class=\"elementor-widget-container\">\n\t\t\t\t\t\t\t\t\t<div class=\"hr av-h6898-1173ed3245746d4c67c6ca245f66ee90 hr-invisible avia-builder-el-11 el_before_av_textblock avia-builder-el-first \"><h4>Foreign income? Indicate in full in the German declaration!<\/h4><h4>We clarify what you have to pay tax on and which foreign taxes you can offset.<\/h4><\/div><h2 class=\"av-special-heading-tag\">Give us a call: <a href=\"tel:+496925622760\">+4969-25622760<\/a><br \/>Write to us: <a href=\"mailto:info@benefitax.de\">info@benefitax.de<\/a><\/h2>\t\t\t\t\t\t\t\t<\/div>\n\t\t\t\t<\/div>\n\t\t\t\t\t<\/div>\n\t\t<\/div>\n\t\t\t\t\t<\/div>\n\t\t<\/section>\n\t\t\t\t<\/div>\n\t\t","protected":false},"excerpt":{"rendered":"<p>Foreign income of Germans: Duty of disclosure in the income tax return If you are looking for specialists in international tax law, you have come to the right place. This is because there are special features to consider when preparing income tax returns for income from abroad. Foreign income arises for persons who have a [&hellip;]<\/p>\n","protected":false},"author":2,"featured_media":0,"parent":0,"menu_order":0,"comment_status":"closed","ping_status":"closed","template":"","meta":{"_acf_changed":false,"footnotes":""},"class_list":["post-5071","page","type-page","status-publish","hentry"],"acf":[],"yoast_head":"<!-- This site is optimized with the Yoast SEO plugin v27.3 - https:\/\/yoast.com\/product\/yoast-seo-wordpress\/ -->\n<title>Foreign income of Germans | Benefitax GmbH<\/title>\n<meta name=\"description\" content=\"Foreign income of Germans \u25b7 What do you have to pay tax on? \u25b7 What can you deduct? \u25b7 We are here for you.\" \/>\n<meta name=\"robots\" content=\"index, follow, max-snippet:-1, max-image-preview:large, max-video-preview:-1\" \/>\n<link rel=\"canonical\" href=\"https:\/\/www.benefitax.de\/en\/foreign-income-of-germans\/\" \/>\n<meta property=\"og:locale\" content=\"en_US\" \/>\n<meta property=\"og:type\" content=\"article\" \/>\n<meta property=\"og:title\" content=\"Foreign income of Germans | Benefitax GmbH\" \/>\n<meta property=\"og:description\" content=\"Foreign income of Germans \u25b7 What do you have to pay tax on? \u25b7 What can you deduct? \u25b7 We are here for you.\" \/>\n<meta property=\"og:url\" content=\"https:\/\/www.benefitax.de\/en\/foreign-income-of-germans\/\" \/>\n<meta property=\"og:site_name\" content=\"Steuerberatung | Wirtschaftspr\u00fcfung\" \/>\n<meta property=\"article:publisher\" content=\"https:\/\/www.facebook.com\/Benefitax\/\" \/>\n<meta property=\"og:image\" content=\"https:\/\/www.benefitax.de\/wp-content\/uploads\/2024\/02\/Internationale-Waehrungen-430x289-1.jpg\" \/>\n<meta name=\"twitter:card\" content=\"summary_large_image\" \/>\n<meta name=\"twitter:site\" content=\"@Benefitax\" \/>\n<meta name=\"twitter:label1\" content=\"Est. reading time\" \/>\n\t<meta name=\"twitter:data1\" content=\"3 minutes\" \/>\n<script type=\"application\/ld+json\" class=\"yoast-schema-graph\">{\"@context\":\"https:\\\/\\\/schema.org\",\"@graph\":[{\"@type\":\"WebPage\",\"@id\":\"https:\\\/\\\/www.benefitax.de\\\/en\\\/foreign-income-of-germans\\\/\",\"url\":\"https:\\\/\\\/www.benefitax.de\\\/en\\\/foreign-income-of-germans\\\/\",\"name\":\"Foreign income of Germans | Benefitax GmbH\",\"isPartOf\":{\"@id\":\"https:\\\/\\\/www.benefitax.de\\\/en\\\/#website\"},\"primaryImageOfPage\":{\"@id\":\"https:\\\/\\\/www.benefitax.de\\\/en\\\/foreign-income-of-germans\\\/#primaryimage\"},\"image\":{\"@id\":\"https:\\\/\\\/www.benefitax.de\\\/en\\\/foreign-income-of-germans\\\/#primaryimage\"},\"thumbnailUrl\":\"https:\\\/\\\/www.benefitax.de\\\/wp-content\\\/uploads\\\/2024\\\/02\\\/Internationale-Waehrungen-430x289-1.jpg\",\"datePublished\":\"2025-05-21T10:20:51+00:00\",\"description\":\"Foreign income of Germans \u25b7 What do you have to pay tax on? \u25b7 What can you deduct? \u25b7 We are here for you.\",\"breadcrumb\":{\"@id\":\"https:\\\/\\\/www.benefitax.de\\\/en\\\/foreign-income-of-germans\\\/#breadcrumb\"},\"inLanguage\":\"en-US\",\"potentialAction\":[{\"@type\":\"ReadAction\",\"target\":[\"https:\\\/\\\/www.benefitax.de\\\/en\\\/foreign-income-of-germans\\\/\"]}]},{\"@type\":\"ImageObject\",\"inLanguage\":\"en-US\",\"@id\":\"https:\\\/\\\/www.benefitax.de\\\/en\\\/foreign-income-of-germans\\\/#primaryimage\",\"url\":\"https:\\\/\\\/www.benefitax.de\\\/wp-content\\\/uploads\\\/2024\\\/02\\\/Internationale-Waehrungen-430x289-1.jpg\",\"contentUrl\":\"https:\\\/\\\/www.benefitax.de\\\/wp-content\\\/uploads\\\/2024\\\/02\\\/Internationale-Waehrungen-430x289-1.jpg\"},{\"@type\":\"BreadcrumbList\",\"@id\":\"https:\\\/\\\/www.benefitax.de\\\/en\\\/foreign-income-of-germans\\\/#breadcrumb\",\"itemListElement\":[{\"@type\":\"ListItem\",\"position\":1,\"name\":\"Startseite\",\"item\":\"https:\\\/\\\/www.benefitax.de\\\/en\\\/\"},{\"@type\":\"ListItem\",\"position\":2,\"name\":\"Foreign Income of Germans: Income tax\"}]},{\"@type\":\"WebSite\",\"@id\":\"https:\\\/\\\/www.benefitax.de\\\/en\\\/#website\",\"url\":\"https:\\\/\\\/www.benefitax.de\\\/en\\\/\",\"name\":\"Steuerberatung | Wirtschaftspr\u00fcfung\",\"description\":\"Steuerberater f\u00fcr den Mittelstand und f\u00fcr verm\u00f6gende Privatpersonen\",\"publisher\":{\"@id\":\"https:\\\/\\\/www.benefitax.de\\\/en\\\/#organization\"},\"potentialAction\":[{\"@type\":\"SearchAction\",\"target\":{\"@type\":\"EntryPoint\",\"urlTemplate\":\"https:\\\/\\\/www.benefitax.de\\\/en\\\/?s={search_term_string}\"},\"query-input\":{\"@type\":\"PropertyValueSpecification\",\"valueRequired\":true,\"valueName\":\"search_term_string\"}}],\"inLanguage\":\"en-US\"},{\"@type\":\"Organization\",\"@id\":\"https:\\\/\\\/www.benefitax.de\\\/en\\\/#organization\",\"name\":\"Steuerberatung | Wirtschaftspr\u00fcfung\",\"url\":\"https:\\\/\\\/www.benefitax.de\\\/en\\\/\",\"logo\":{\"@type\":\"ImageObject\",\"inLanguage\":\"en-US\",\"@id\":\"https:\\\/\\\/www.benefitax.de\\\/en\\\/#\\\/schema\\\/logo\\\/image\\\/\",\"url\":\"https:\\\/\\\/www.benefitax.de\\\/wp-content\\\/uploads\\\/2022\\\/12\\\/Logo2009_RGB_0_81_205-300x120-1.jpg\",\"contentUrl\":\"https:\\\/\\\/www.benefitax.de\\\/wp-content\\\/uploads\\\/2022\\\/12\\\/Logo2009_RGB_0_81_205-300x120-1.jpg\",\"width\":300,\"height\":120,\"caption\":\"Steuerberatung | Wirtschaftspr\u00fcfung\"},\"image\":{\"@id\":\"https:\\\/\\\/www.benefitax.de\\\/en\\\/#\\\/schema\\\/logo\\\/image\\\/\"},\"sameAs\":[\"https:\\\/\\\/www.facebook.com\\\/Benefitax\\\/\",\"https:\\\/\\\/x.com\\\/Benefitax\",\"https:\\\/\\\/www.xing.com\\\/pages\\\/benefitaxgmbh\"]}]}<\/script>\n<!-- \/ Yoast SEO plugin. -->","yoast_head_json":{"title":"Foreign income of Germans | Benefitax GmbH","description":"Foreign income of Germans \u25b7 What do you have to pay tax on? \u25b7 What can you deduct? \u25b7 We are here for you.","robots":{"index":"index","follow":"follow","max-snippet":"max-snippet:-1","max-image-preview":"max-image-preview:large","max-video-preview":"max-video-preview:-1"},"canonical":"https:\/\/www.benefitax.de\/en\/foreign-income-of-germans\/","og_locale":"en_US","og_type":"article","og_title":"Foreign income of Germans | Benefitax GmbH","og_description":"Foreign income of Germans \u25b7 What do you have to pay tax on? \u25b7 What can you deduct? \u25b7 We are here for you.","og_url":"https:\/\/www.benefitax.de\/en\/foreign-income-of-germans\/","og_site_name":"Steuerberatung | Wirtschaftspr\u00fcfung","article_publisher":"https:\/\/www.facebook.com\/Benefitax\/","og_image":[{"url":"https:\/\/www.benefitax.de\/wp-content\/uploads\/2024\/02\/Internationale-Waehrungen-430x289-1.jpg","type":"","width":"","height":""}],"twitter_card":"summary_large_image","twitter_site":"@Benefitax","twitter_misc":{"Est. reading time":"3 minutes"},"schema":{"@context":"https:\/\/schema.org","@graph":[{"@type":"WebPage","@id":"https:\/\/www.benefitax.de\/en\/foreign-income-of-germans\/","url":"https:\/\/www.benefitax.de\/en\/foreign-income-of-germans\/","name":"Foreign income of Germans | Benefitax GmbH","isPartOf":{"@id":"https:\/\/www.benefitax.de\/en\/#website"},"primaryImageOfPage":{"@id":"https:\/\/www.benefitax.de\/en\/foreign-income-of-germans\/#primaryimage"},"image":{"@id":"https:\/\/www.benefitax.de\/en\/foreign-income-of-germans\/#primaryimage"},"thumbnailUrl":"https:\/\/www.benefitax.de\/wp-content\/uploads\/2024\/02\/Internationale-Waehrungen-430x289-1.jpg","datePublished":"2025-05-21T10:20:51+00:00","description":"Foreign income of Germans \u25b7 What do you have to pay tax on? \u25b7 What can you deduct? \u25b7 We are here for you.","breadcrumb":{"@id":"https:\/\/www.benefitax.de\/en\/foreign-income-of-germans\/#breadcrumb"},"inLanguage":"en-US","potentialAction":[{"@type":"ReadAction","target":["https:\/\/www.benefitax.de\/en\/foreign-income-of-germans\/"]}]},{"@type":"ImageObject","inLanguage":"en-US","@id":"https:\/\/www.benefitax.de\/en\/foreign-income-of-germans\/#primaryimage","url":"https:\/\/www.benefitax.de\/wp-content\/uploads\/2024\/02\/Internationale-Waehrungen-430x289-1.jpg","contentUrl":"https:\/\/www.benefitax.de\/wp-content\/uploads\/2024\/02\/Internationale-Waehrungen-430x289-1.jpg"},{"@type":"BreadcrumbList","@id":"https:\/\/www.benefitax.de\/en\/foreign-income-of-germans\/#breadcrumb","itemListElement":[{"@type":"ListItem","position":1,"name":"Startseite","item":"https:\/\/www.benefitax.de\/en\/"},{"@type":"ListItem","position":2,"name":"Foreign Income of Germans: Income tax"}]},{"@type":"WebSite","@id":"https:\/\/www.benefitax.de\/en\/#website","url":"https:\/\/www.benefitax.de\/en\/","name":"Steuerberatung | Wirtschaftspr\u00fcfung","description":"Steuerberater f\u00fcr den Mittelstand und f\u00fcr verm\u00f6gende Privatpersonen","publisher":{"@id":"https:\/\/www.benefitax.de\/en\/#organization"},"potentialAction":[{"@type":"SearchAction","target":{"@type":"EntryPoint","urlTemplate":"https:\/\/www.benefitax.de\/en\/?s={search_term_string}"},"query-input":{"@type":"PropertyValueSpecification","valueRequired":true,"valueName":"search_term_string"}}],"inLanguage":"en-US"},{"@type":"Organization","@id":"https:\/\/www.benefitax.de\/en\/#organization","name":"Steuerberatung | Wirtschaftspr\u00fcfung","url":"https:\/\/www.benefitax.de\/en\/","logo":{"@type":"ImageObject","inLanguage":"en-US","@id":"https:\/\/www.benefitax.de\/en\/#\/schema\/logo\/image\/","url":"https:\/\/www.benefitax.de\/wp-content\/uploads\/2022\/12\/Logo2009_RGB_0_81_205-300x120-1.jpg","contentUrl":"https:\/\/www.benefitax.de\/wp-content\/uploads\/2022\/12\/Logo2009_RGB_0_81_205-300x120-1.jpg","width":300,"height":120,"caption":"Steuerberatung | Wirtschaftspr\u00fcfung"},"image":{"@id":"https:\/\/www.benefitax.de\/en\/#\/schema\/logo\/image\/"},"sameAs":["https:\/\/www.facebook.com\/Benefitax\/","https:\/\/x.com\/Benefitax","https:\/\/www.xing.com\/pages\/benefitaxgmbh"]}]}},"_links":{"self":[{"href":"https:\/\/www.benefitax.de\/en\/wp-json\/wp\/v2\/pages\/5071","targetHints":{"allow":["GET"]}}],"collection":[{"href":"https:\/\/www.benefitax.de\/en\/wp-json\/wp\/v2\/pages"}],"about":[{"href":"https:\/\/www.benefitax.de\/en\/wp-json\/wp\/v2\/types\/page"}],"author":[{"embeddable":true,"href":"https:\/\/www.benefitax.de\/en\/wp-json\/wp\/v2\/users\/2"}],"replies":[{"embeddable":true,"href":"https:\/\/www.benefitax.de\/en\/wp-json\/wp\/v2\/comments?post=5071"}],"version-history":[{"count":5,"href":"https:\/\/www.benefitax.de\/en\/wp-json\/wp\/v2\/pages\/5071\/revisions"}],"predecessor-version":[{"id":23739,"href":"https:\/\/www.benefitax.de\/en\/wp-json\/wp\/v2\/pages\/5071\/revisions\/23739"}],"wp:attachment":[{"href":"https:\/\/www.benefitax.de\/en\/wp-json\/wp\/v2\/media?parent=5071"}],"curies":[{"name":"wp","href":"https:\/\/api.w.org\/{rel}","templated":true}]}}