{"id":5138,"date":"2024-04-23T15:52:43","date_gmt":"2024-04-23T13:52:43","guid":{"rendered":"https:\/\/www.benefitax.de\/imprint\/"},"modified":"2026-03-30T09:56:42","modified_gmt":"2026-03-30T07:56:42","slug":"imprint","status":"publish","type":"page","link":"https:\/\/www.benefitax.de\/en\/imprint\/","title":{"rendered":"Imprint"},"content":{"rendered":"\t\t<div data-elementor-type=\"wp-page\" data-elementor-id=\"5138\" class=\"elementor elementor-5138 elementor-3326\" data-elementor-post-type=\"page\">\n\t\t\t\t\t\t<section class=\"elementor-section elementor-top-section elementor-element elementor-element-7fd3cab elementor-section-height-min-height elementor-section-boxed elementor-section-height-default elementor-section-items-middle\" data-id=\"7fd3cab\" data-element_type=\"section\" data-e-type=\"section\" data-settings=\"{&quot;background_background&quot;:&quot;classic&quot;}\">\n\t\t\t\t\t\t<div class=\"elementor-container elementor-column-gap-default\">\n\t\t\t\t\t<div class=\"elementor-column elementor-col-100 elementor-top-column elementor-element elementor-element-b291cc7\" data-id=\"b291cc7\" data-element_type=\"column\" data-e-type=\"column\">\n\t\t\t<div class=\"elementor-widget-wrap elementor-element-populated\">\n\t\t\t\t\t\t<div class=\"elementor-element elementor-element-a9e681b elementor-widget elementor-widget-heading\" data-id=\"a9e681b\" data-element_type=\"widget\" data-e-type=\"widget\" data-widget_type=\"heading.default\">\n\t\t\t\t<div class=\"elementor-widget-container\">\n\t\t\t\t\t<h1 class=\"elementor-heading-title elementor-size-default\">Imprint  <\/h1>\t\t\t\t<\/div>\n\t\t\t\t<\/div>\n\t\t\t\t\t<\/div>\n\t\t<\/div>\n\t\t\t\t\t<\/div>\n\t\t<\/section>\n\t\t\t\t<section class=\"elementor-section elementor-top-section elementor-element elementor-element-c5ca5fb elementor-section-boxed elementor-section-height-default elementor-section-height-default\" data-id=\"c5ca5fb\" data-element_type=\"section\" data-e-type=\"section\">\n\t\t\t\t\t\t<div class=\"elementor-container elementor-column-gap-default\">\n\t\t\t\t\t<div class=\"elementor-column elementor-col-100 elementor-top-column elementor-element elementor-element-0bd6b9b\" data-id=\"0bd6b9b\" data-element_type=\"column\" data-e-type=\"column\">\n\t\t\t<div class=\"elementor-widget-wrap elementor-element-populated\">\n\t\t\t\t\t\t<div class=\"elementor-element elementor-element-1c3cd2e elementor-widget elementor-widget-spacer\" data-id=\"1c3cd2e\" data-element_type=\"widget\" data-e-type=\"widget\" data-widget_type=\"spacer.default\">\n\t\t\t\t<div class=\"elementor-widget-container\">\n\t\t\t\t\t\t\t<div class=\"elementor-spacer\">\n\t\t\t<div class=\"elementor-spacer-inner\"><\/div>\n\t\t<\/div>\n\t\t\t\t\t\t<\/div>\n\t\t\t\t<\/div>\n\t\t\t\t<div class=\"elementor-element elementor-element-6ee067f elementor-widget elementor-widget-text-editor\" data-id=\"6ee067f\" data-element_type=\"widget\" data-e-type=\"widget\" data-widget_type=\"text-editor.default\">\n\t\t\t\t<div class=\"elementor-widget-container\">\n\t\t\t\t\t\t\t\t\t<div class=\"flex_column av-cjnxk-d96605f6b0c214b4e7a522d3fff12444 av_one_full avia-builder-el-2 el_after_av_hr avia-builder-el-last first flex_column_div av-zero-column-padding \"><section class=\"av_textblock_section av-br8s8-2760d2c1ed8fa24cda240bf5ac0e9290 \"><div class=\"avia_textblock\"><p><strong>Information according to \u00a7 5 DDG, \u00a7 2 DL-InfoV, \u00a7 18 MStV:<\/strong><\/p><p>Benefitax GmbH Steuerberatungsgesellschaft\u00a0Wirtschaftspr\u00fcfungsgesellschaft<br \/>Hanauer Landstr. 148a<br \/>D-60314 Frankfurt<br \/>Phone +49 (0)69-25 62 27 60<br \/>E-mail: info(at)benefitax.de<\/p><p><strong>Authorized Managing director<\/strong><strong>:<\/strong><\/p><p>Dipl.-Kfm. Oliver Biernat, Wirtschaftspr\u00fcfer [German Chartered Accountant] Steuerberater [German Certified Tax Advisor], Fachberater f\u00fcr Internationales Steuerrecht [German Certified Advisor in International Taxation]<\/p><\/div><p>Zertifizierter Berater f\u00fcr Steuerstrafrecht (WIRE) [Certified Expert for Tax Crimes (WIRE)]<\/p><div class=\"avia_textblock\"><p><strong>Responsible for content<\/strong>: Oliver Biernat, c\/o Benefitax GmbH, Hanauer Landstra\u00dfe. 148a, 60314 Frankfurt am Main, phone: 069\/25622760, e-mail: info@benefitax.de<\/p><p><strong>Legal seat:<\/strong> Frankfurt am Main, Local Court Frankfurt am Main, HRB 77128<\/p><p><strong>VAT registration number<\/strong>: DE248508321<\/p><p><strong>Country of registration:<\/strong> Germany<\/p><p><strong>The brand &#8220;Benefitax&#8221;<\/strong> is registered as a word mark under register no. 306 22 634 at the German Patent and Trademark Office.<\/p><p><strong>Notes on auditing services:<\/strong><strong><br \/>Competent chamber<\/strong>: Wirtschaftspr\u00fcferkammer K\u00f6rperschaft des \u00f6ffentlichen Rechts (WPK), Rauchstr. 26, 10787 Berlin<br \/>The following professional regulations apply:<br \/>Wirtschaftspr\u00fcfer-Berufshaftpflichtversicherung (WPBHV), Wirtschaftspr\u00fcferordnung (WPO), Berufssatzung f\u00fcr Wirtschaftspr\u00fcfer\/vereidigte Buchpr\u00fcfer (BS WP\/vBP), Satzung f\u00fcr Qualit\u00e4tskontrolle. These regulations and further information can be found at <a href=\"http:\/\/www.wpk.de\/wpk\/rechtsvorschriften\/\" target=\"_blank\" rel=\"noopener noreferrer\">http:\/\/www.wpk.de\/wpk\/rechtsvorschriften\/<\/a><br \/>Benefitax GmbH was awarded the legal professional title &#8220;Wirtschaftspr\u00fcfungsgesellschaft&#8221; (auditing company) in the Federal Republic of Germany\u00a0.<\/p><p><strong>Notes on the area of tax advice:<br \/><\/strong><\/p><p>Supervisory authority: Chamber of Tax Consultants\u00a0(StBK)\u00a0Hessen, public corporation, Europa-Allee 52, 60327 Frankfurt am Main<\/p><p>The following professional regulations apply:<br \/>Steuerberatergeb\u00fchrenverordnung, Steuerberatungsgesetz, Durchf\u00fchrungsverordnung, Berufsordnung. These regulations and further information can be found at <a href=\"https:\/\/www.bstbk.de\/de\/themen\/berufsrecht\" target=\"_blank\" rel=\"noopener\">https:\/\/www.bstbk.de\/de\/themen\/berufsrecht<\/a><\/p><p>Benefitax GmbH was awarded the legal professional title &#8220;Steuerberatungsgesellschaft&#8221; in the Federal Republic of Germany \/ Hessen.<\/p><p><strong>General Terms and Conditions:<\/strong><br \/>Unless otherwise agreed in detail, we base our engagement on the General Engagement Terms for Wirtschaftspr\u00fcfer and Wirtschaftspr\u00fcfungsgesellschaften as amended from time to time. \u00a0<a href=\"https:\/\/www.benefitax.de\/wp-content\/uploads\/2024\/11\/IDW_50341_Allgemeine-Auftragsbedingungen_1_24.pdf\">Terms of engagement in PDF format <\/a>\u00a0 (in German).<\/p><p>Please note that we are not prepared to participate in dispute resolution proceedings before a consumer arbitration board within the meaning of Section 2 of the German Consumer Dispute Resolution Act (Verbraucherstreitbeilegungsgesetz).<\/p><p><strong>Professional indemnity insurance:<\/strong><br \/>HDI Versicherung AG<br \/>HDI-Platz 1, 30659 Hannover<br \/>Information on the scope of our professional indemnity insurance is available at\u00a0at our registered office.<\/p><p><strong>Applicable law\/place of jurisdiction: <\/strong><br \/>The place of performance for the reciprocal obligations arising from contracts is the registered office of Benefitax GmbH. The place of jurisdiction of this registered office shall be deemed agreed.<\/p><p><strong>Online dispute resolution platform (Art. 14 para. 1 ODR Regulation) and consumer dispute resolution (Sections 2, 36 Consumer Dispute Resolution Act):<\/strong><\/p><p>The European Commission provides a platform for online dispute resolution, which you can find at <a href=\"https:\/\/ec.europa.eu\/consumers\/odr\/main\/index.cfm?event=main.home2.show&amp;lng=DE\" target=\"_blank\" rel=\"noopener\">https:\/\/ec.europa.eu\/consumers\/odr\/main\/index.cfm?event=main.home2.show&amp;lng=DE<\/a>\u00a0. Our e-mail address is: info(at)benefitax.de<\/p><p>Please note that we are not willing or legally obliged to participate in dispute resolution proceedings before a consumer arbitration board within the meaning of Sections 2 and 36 of the German Consumer Dispute Resolution Act (Verbraucherstreitbeilegungsgesetz).<\/p><p><strong>Copyright:<\/strong><br \/>The layout and design of the website as a whole and the individual elements are protected by copyright. The same applies to the individual editorial contributions as well as their selection and compilation. The offer may only be used with our consent.<\/p><p><strong>Copyright of the photos and videos used:<\/strong><br \/>Own database, Oliver Biernat, Eva Sutter,\u00a0\u00a0<a href=\"https:\/\/www.istockphoto.com\/de\" target=\"_blank\" rel=\"noopener\">istockphoto.com<\/a>, <a href=\"https:\/\/de.fotolia.com\" target=\"_blank\" rel=\"noopener\">de.fotolia.com<\/a>; <a href=\"https:\/\/stock.adobe.com\/de\/?mv=search&amp;as_channel=sem&amp;as_campclass=brand&amp;as_campaign=DE%7CCPRO%7CStock%7CPURCH%7CCC-AI-ID-PS_Brand%7CGG%7C%7C&amp;as_source=google&amp;as_camptype=acquisition&amp;sdid=FR7NZBN6&amp;ef_id=EAIaIQobChMI3OSm2aCt7gIVDrvVCh0rSgKgEAAYAiAAEgLJJ_D_BwE:G:s&amp;s_kwcid=AL!3085!3!385511155415!e!!g!!adobe%20bilddatenbank!328199526!79387106340&amp;gclid=EAIaIQobChMI3OSm2aCt7gIVDrvVCh0rSgKgEAAYAiAAEgLJJ_D_BwE\" target=\"_blank\" rel=\"noopener\">Adobe Image Archive<\/a>, <a href=\"http:\/\/www.die-profifotografen.de\" target=\"_blank\" rel=\"noopener\">www.die-profifotografen.de,<\/a>\u00a0<a href=\"https:\/\/de.123rf.com\" target=\"_blank\" rel=\"noopener\">123rf.com;<\/a><\/p><p><strong>Liability:<\/strong><br \/>We have carefully checked the information and links on our website for accuracy. We nevertheless exclude liability in connection with their use and reliance on their accuracy.<\/p><p><strong>Notes on the international recommendation network<\/strong><strong><br \/><\/strong>GGI Global Alliance AG is a public limited company under Swiss law with its registered office in Baar. GGI is a member of EGIAN, the European Group of International Accounting Networks and Associations, and of AILFIN, the Association of International Law Firm Networks. GGI is a referral network and not a network pursuant to \u00a7319b HGB. As a referral network, GGI does not practise the profession of auditor, tax advisor, lawyer, management consultant or trustee. GGI also does not provide consulting services to third parties. GGI is also not a joint venture or partnership of the participating firms. As the firms in the referral network are independent, GGI is not responsible for the services or the quality of the services provided by the participating firms. Similarly, Benefitax GmbH is not responsible for the services or the quality of the services provided by other GGI members.<\/p><p>Benefitax GmbH alone will be responsible for mandates transferred to us and therefore in no case any other company or law firm using the name &#8220;GGI&#8221;, &#8220;Geneva Group&#8221; or &#8220;Geneva Group International&#8221;. Similarly, Benefitax GmbH is not liable for mandates transferred to other companies or law firms that use the name &#8220;GGI&#8221;, &#8220;Geneva Group&#8221;, &#8220;Geneva Group International&#8221; or &#8220;GGI Global Alliance AG&#8221; or are members of GGI.<\/p><\/div><\/section><\/div>\t\t\t\t\t\t\t\t<\/div>\n\t\t\t\t<\/div>\n\t\t\t\t\t<\/div>\n\t\t<\/div>\n\t\t\t\t\t<\/div>\n\t\t<\/section>\n\t\t\t\t<\/div>\n\t\t","protected":false},"excerpt":{"rendered":"<p>Imprint Information according to \u00a7 5 DDG, \u00a7 2 DL-InfoV, \u00a7 18 MStV: Benefitax GmbH Steuerberatungsgesellschaft\u00a0Wirtschaftspr\u00fcfungsgesellschaftHanauer Landstr. 148aD-60314 FrankfurtPhone +49 (0)69-25 62 27 60E-mail: info(at)benefitax.de Authorized Managing director: Dipl.-Kfm. Oliver Biernat, Wirtschaftspr\u00fcfer [German Chartered Accountant] Steuerberater [German Certified Tax Advisor], Fachberater f\u00fcr Internationales Steuerrecht [German Certified Advisor in International Taxation] Zertifizierter Berater f\u00fcr Steuerstrafrecht (WIRE) [&hellip;]<\/p>\n","protected":false},"author":2,"featured_media":0,"parent":0,"menu_order":0,"comment_status":"closed","ping_status":"closed","template":"","meta":{"_acf_changed":false,"footnotes":""},"class_list":["post-5138","page","type-page","status-publish","hentry"],"acf":[],"yoast_head":"<!-- This site is optimized with the Yoast SEO plugin v27.3 - https:\/\/yoast.com\/product\/yoast-seo-wordpress\/ -->\n<title>Imprint - Steuerberatung | Wirtschaftspr\u00fcfung<\/title>\n<meta name=\"description\" content=\"Imprint Benefitax GmbH | Hanauer Landstr. 148a | D-60314 Frankfurt Phone +49 (0)69-25 62 27 60, Amtsgericht Frankfurt HRB 77128, DE248508321\" \/>\n<meta name=\"robots\" content=\"index, follow, max-snippet:-1, max-image-preview:large, max-video-preview:-1\" \/>\n<link rel=\"canonical\" href=\"https:\/\/www.benefitax.de\/en\/imprint\/\" \/>\n<meta property=\"og:locale\" content=\"en_US\" \/>\n<meta property=\"og:type\" content=\"article\" \/>\n<meta property=\"og:title\" content=\"Imprint - Steuerberatung | Wirtschaftspr\u00fcfung\" \/>\n<meta property=\"og:description\" content=\"Imprint Benefitax GmbH | Hanauer Landstr. 148a | D-60314 Frankfurt Phone +49 (0)69-25 62 27 60, Amtsgericht Frankfurt HRB 77128, DE248508321\" \/>\n<meta property=\"og:url\" content=\"https:\/\/www.benefitax.de\/en\/imprint\/\" \/>\n<meta property=\"og:site_name\" content=\"Steuerberatung | Wirtschaftspr\u00fcfung\" \/>\n<meta property=\"article:publisher\" content=\"https:\/\/www.facebook.com\/Benefitax\/\" \/>\n<meta property=\"article:modified_time\" content=\"2026-03-30T07:56:42+00:00\" \/>\n<meta name=\"twitter:card\" content=\"summary_large_image\" \/>\n<meta name=\"twitter:site\" content=\"@Benefitax\" \/>\n<meta name=\"twitter:label1\" content=\"Est. reading time\" \/>\n\t<meta name=\"twitter:data1\" content=\"4 minutes\" \/>\n<script type=\"application\/ld+json\" class=\"yoast-schema-graph\">{\"@context\":\"https:\\\/\\\/schema.org\",\"@graph\":[{\"@type\":\"WebPage\",\"@id\":\"https:\\\/\\\/www.benefitax.de\\\/en\\\/imprint\\\/\",\"url\":\"https:\\\/\\\/www.benefitax.de\\\/en\\\/imprint\\\/\",\"name\":\"Imprint - Steuerberatung | Wirtschaftspr\u00fcfung\",\"isPartOf\":{\"@id\":\"https:\\\/\\\/www.benefitax.de\\\/en\\\/#website\"},\"datePublished\":\"2024-04-23T13:52:43+00:00\",\"dateModified\":\"2026-03-30T07:56:42+00:00\",\"description\":\"Imprint Benefitax GmbH | Hanauer Landstr. 148a | D-60314 Frankfurt Phone +49 (0)69-25 62 27 60, Amtsgericht Frankfurt HRB 77128, DE248508321\",\"breadcrumb\":{\"@id\":\"https:\\\/\\\/www.benefitax.de\\\/en\\\/imprint\\\/#breadcrumb\"},\"inLanguage\":\"en-US\",\"potentialAction\":[{\"@type\":\"ReadAction\",\"target\":[\"https:\\\/\\\/www.benefitax.de\\\/en\\\/imprint\\\/\"]}]},{\"@type\":\"BreadcrumbList\",\"@id\":\"https:\\\/\\\/www.benefitax.de\\\/en\\\/imprint\\\/#breadcrumb\",\"itemListElement\":[{\"@type\":\"ListItem\",\"position\":1,\"name\":\"Startseite\",\"item\":\"https:\\\/\\\/www.benefitax.de\\\/en\\\/\"},{\"@type\":\"ListItem\",\"position\":2,\"name\":\"Imprint\"}]},{\"@type\":\"WebSite\",\"@id\":\"https:\\\/\\\/www.benefitax.de\\\/en\\\/#website\",\"url\":\"https:\\\/\\\/www.benefitax.de\\\/en\\\/\",\"name\":\"Steuerberatung | Wirtschaftspr\u00fcfung\",\"description\":\"Steuerberater f\u00fcr den Mittelstand und f\u00fcr verm\u00f6gende Privatpersonen\",\"publisher\":{\"@id\":\"https:\\\/\\\/www.benefitax.de\\\/en\\\/#organization\"},\"potentialAction\":[{\"@type\":\"SearchAction\",\"target\":{\"@type\":\"EntryPoint\",\"urlTemplate\":\"https:\\\/\\\/www.benefitax.de\\\/en\\\/?s={search_term_string}\"},\"query-input\":{\"@type\":\"PropertyValueSpecification\",\"valueRequired\":true,\"valueName\":\"search_term_string\"}}],\"inLanguage\":\"en-US\"},{\"@type\":\"Organization\",\"@id\":\"https:\\\/\\\/www.benefitax.de\\\/en\\\/#organization\",\"name\":\"Steuerberatung | Wirtschaftspr\u00fcfung\",\"url\":\"https:\\\/\\\/www.benefitax.de\\\/en\\\/\",\"logo\":{\"@type\":\"ImageObject\",\"inLanguage\":\"en-US\",\"@id\":\"https:\\\/\\\/www.benefitax.de\\\/en\\\/#\\\/schema\\\/logo\\\/image\\\/\",\"url\":\"https:\\\/\\\/www.benefitax.de\\\/wp-content\\\/uploads\\\/2022\\\/12\\\/Logo2009_RGB_0_81_205-300x120-1.jpg\",\"contentUrl\":\"https:\\\/\\\/www.benefitax.de\\\/wp-content\\\/uploads\\\/2022\\\/12\\\/Logo2009_RGB_0_81_205-300x120-1.jpg\",\"width\":300,\"height\":120,\"caption\":\"Steuerberatung | Wirtschaftspr\u00fcfung\"},\"image\":{\"@id\":\"https:\\\/\\\/www.benefitax.de\\\/en\\\/#\\\/schema\\\/logo\\\/image\\\/\"},\"sameAs\":[\"https:\\\/\\\/www.facebook.com\\\/Benefitax\\\/\",\"https:\\\/\\\/x.com\\\/Benefitax\",\"https:\\\/\\\/www.xing.com\\\/pages\\\/benefitaxgmbh\"]}]}<\/script>\n<!-- \/ Yoast SEO plugin. -->","yoast_head_json":{"title":"Imprint - Steuerberatung | Wirtschaftspr\u00fcfung","description":"Imprint Benefitax GmbH | Hanauer Landstr. 148a | D-60314 Frankfurt Phone +49 (0)69-25 62 27 60, Amtsgericht Frankfurt HRB 77128, DE248508321","robots":{"index":"index","follow":"follow","max-snippet":"max-snippet:-1","max-image-preview":"max-image-preview:large","max-video-preview":"max-video-preview:-1"},"canonical":"https:\/\/www.benefitax.de\/en\/imprint\/","og_locale":"en_US","og_type":"article","og_title":"Imprint - Steuerberatung | Wirtschaftspr\u00fcfung","og_description":"Imprint Benefitax GmbH | Hanauer Landstr. 148a | D-60314 Frankfurt Phone +49 (0)69-25 62 27 60, Amtsgericht Frankfurt HRB 77128, DE248508321","og_url":"https:\/\/www.benefitax.de\/en\/imprint\/","og_site_name":"Steuerberatung | Wirtschaftspr\u00fcfung","article_publisher":"https:\/\/www.facebook.com\/Benefitax\/","article_modified_time":"2026-03-30T07:56:42+00:00","twitter_card":"summary_large_image","twitter_site":"@Benefitax","twitter_misc":{"Est. reading time":"4 minutes"},"schema":{"@context":"https:\/\/schema.org","@graph":[{"@type":"WebPage","@id":"https:\/\/www.benefitax.de\/en\/imprint\/","url":"https:\/\/www.benefitax.de\/en\/imprint\/","name":"Imprint - Steuerberatung | Wirtschaftspr\u00fcfung","isPartOf":{"@id":"https:\/\/www.benefitax.de\/en\/#website"},"datePublished":"2024-04-23T13:52:43+00:00","dateModified":"2026-03-30T07:56:42+00:00","description":"Imprint Benefitax GmbH | Hanauer Landstr. 148a | D-60314 Frankfurt Phone +49 (0)69-25 62 27 60, Amtsgericht Frankfurt HRB 77128, DE248508321","breadcrumb":{"@id":"https:\/\/www.benefitax.de\/en\/imprint\/#breadcrumb"},"inLanguage":"en-US","potentialAction":[{"@type":"ReadAction","target":["https:\/\/www.benefitax.de\/en\/imprint\/"]}]},{"@type":"BreadcrumbList","@id":"https:\/\/www.benefitax.de\/en\/imprint\/#breadcrumb","itemListElement":[{"@type":"ListItem","position":1,"name":"Startseite","item":"https:\/\/www.benefitax.de\/en\/"},{"@type":"ListItem","position":2,"name":"Imprint"}]},{"@type":"WebSite","@id":"https:\/\/www.benefitax.de\/en\/#website","url":"https:\/\/www.benefitax.de\/en\/","name":"Steuerberatung | Wirtschaftspr\u00fcfung","description":"Steuerberater f\u00fcr den Mittelstand und f\u00fcr verm\u00f6gende Privatpersonen","publisher":{"@id":"https:\/\/www.benefitax.de\/en\/#organization"},"potentialAction":[{"@type":"SearchAction","target":{"@type":"EntryPoint","urlTemplate":"https:\/\/www.benefitax.de\/en\/?s={search_term_string}"},"query-input":{"@type":"PropertyValueSpecification","valueRequired":true,"valueName":"search_term_string"}}],"inLanguage":"en-US"},{"@type":"Organization","@id":"https:\/\/www.benefitax.de\/en\/#organization","name":"Steuerberatung | Wirtschaftspr\u00fcfung","url":"https:\/\/www.benefitax.de\/en\/","logo":{"@type":"ImageObject","inLanguage":"en-US","@id":"https:\/\/www.benefitax.de\/en\/#\/schema\/logo\/image\/","url":"https:\/\/www.benefitax.de\/wp-content\/uploads\/2022\/12\/Logo2009_RGB_0_81_205-300x120-1.jpg","contentUrl":"https:\/\/www.benefitax.de\/wp-content\/uploads\/2022\/12\/Logo2009_RGB_0_81_205-300x120-1.jpg","width":300,"height":120,"caption":"Steuerberatung | Wirtschaftspr\u00fcfung"},"image":{"@id":"https:\/\/www.benefitax.de\/en\/#\/schema\/logo\/image\/"},"sameAs":["https:\/\/www.facebook.com\/Benefitax\/","https:\/\/x.com\/Benefitax","https:\/\/www.xing.com\/pages\/benefitaxgmbh"]}]}},"_links":{"self":[{"href":"https:\/\/www.benefitax.de\/en\/wp-json\/wp\/v2\/pages\/5138","targetHints":{"allow":["GET"]}}],"collection":[{"href":"https:\/\/www.benefitax.de\/en\/wp-json\/wp\/v2\/pages"}],"about":[{"href":"https:\/\/www.benefitax.de\/en\/wp-json\/wp\/v2\/types\/page"}],"author":[{"embeddable":true,"href":"https:\/\/www.benefitax.de\/en\/wp-json\/wp\/v2\/users\/2"}],"replies":[{"embeddable":true,"href":"https:\/\/www.benefitax.de\/en\/wp-json\/wp\/v2\/comments?post=5138"}],"version-history":[{"count":5,"href":"https:\/\/www.benefitax.de\/en\/wp-json\/wp\/v2\/pages\/5138\/revisions"}],"predecessor-version":[{"id":26071,"href":"https:\/\/www.benefitax.de\/en\/wp-json\/wp\/v2\/pages\/5138\/revisions\/26071"}],"wp:attachment":[{"href":"https:\/\/www.benefitax.de\/en\/wp-json\/wp\/v2\/media?parent=5138"}],"curies":[{"name":"wp","href":"https:\/\/api.w.org\/{rel}","templated":true}]}}