{"id":5178,"date":"2024-06-05T16:21:40","date_gmt":"2024-06-05T14:21:40","guid":{"rendered":"https:\/\/www.benefitax.de\/newsletter\/"},"modified":"2026-04-01T12:42:53","modified_gmt":"2026-04-01T10:42:53","slug":"newsletter-en","status":"publish","type":"page","link":"https:\/\/www.benefitax.de\/en\/newsletter-en\/","title":{"rendered":"Newsletter"},"content":{"rendered":"\t\t<div data-elementor-type=\"wp-page\" data-elementor-id=\"5178\" class=\"elementor elementor-5178 elementor-3737\" data-elementor-post-type=\"page\">\n\t\t\t\t\t\t<section class=\"elementor-section elementor-top-section elementor-element elementor-element-7fd3cab elementor-section-height-min-height elementor-section-boxed elementor-section-height-default elementor-section-items-middle\" data-id=\"7fd3cab\" data-element_type=\"section\" data-e-type=\"section\" data-settings=\"{&quot;background_background&quot;:&quot;classic&quot;}\">\n\t\t\t\t\t\t<div class=\"elementor-container elementor-column-gap-default\">\n\t\t\t\t\t<div class=\"elementor-column elementor-col-100 elementor-top-column elementor-element elementor-element-b291cc7\" data-id=\"b291cc7\" data-element_type=\"column\" data-e-type=\"column\">\n\t\t\t<div class=\"elementor-widget-wrap elementor-element-populated\">\n\t\t\t\t\t\t<div class=\"elementor-element elementor-element-a9e681b elementor-widget elementor-widget-heading\" data-id=\"a9e681b\" data-element_type=\"widget\" data-e-type=\"widget\" data-widget_type=\"heading.default\">\n\t\t\t\t<div class=\"elementor-widget-container\">\n\t\t\t\t\t<h1 class=\"elementor-heading-title elementor-size-default\">Newsletter<\/h1>\t\t\t\t<\/div>\n\t\t\t\t<\/div>\n\t\t\t\t\t<\/div>\n\t\t<\/div>\n\t\t\t\t\t<\/div>\n\t\t<\/section>\n\t\t\t\t<section class=\"elementor-section elementor-top-section elementor-element elementor-element-c5ca5fb elementor-section-boxed elementor-section-height-default elementor-section-height-default\" data-id=\"c5ca5fb\" data-element_type=\"section\" data-e-type=\"section\">\n\t\t\t\t\t\t<div class=\"elementor-container elementor-column-gap-default\">\n\t\t\t\t\t<div class=\"elementor-column elementor-col-100 elementor-top-column elementor-element elementor-element-0bd6b9b\" data-id=\"0bd6b9b\" data-element_type=\"column\" data-e-type=\"column\">\n\t\t\t<div class=\"elementor-widget-wrap elementor-element-populated\">\n\t\t\t\t\t\t<div class=\"elementor-element elementor-element-1c3cd2e elementor-widget elementor-widget-spacer\" data-id=\"1c3cd2e\" data-element_type=\"widget\" data-e-type=\"widget\" data-widget_type=\"spacer.default\">\n\t\t\t\t<div class=\"elementor-widget-container\">\n\t\t\t\t\t\t\t<div class=\"elementor-spacer\">\n\t\t\t<div class=\"elementor-spacer-inner\"><\/div>\n\t\t<\/div>\n\t\t\t\t\t\t<\/div>\n\t\t\t\t<\/div>\n\t\t\t\t<section class=\"elementor-section elementor-inner-section elementor-element elementor-element-3116784 elementor-section-boxed elementor-section-height-default elementor-section-height-default\" data-id=\"3116784\" data-element_type=\"section\" data-e-type=\"section\">\n\t\t\t\t\t\t<div class=\"elementor-container elementor-column-gap-default\">\n\t\t\t\t\t<div class=\"elementor-column elementor-col-100 elementor-inner-column elementor-element elementor-element-b55c4e4\" data-id=\"b55c4e4\" data-element_type=\"column\" data-e-type=\"column\">\n\t\t\t<div class=\"elementor-widget-wrap elementor-element-populated\">\n\t\t\t\t\t\t<div class=\"elementor-element elementor-element-9835c9f elementor-widget elementor-widget-text-editor\" data-id=\"9835c9f\" data-element_type=\"widget\" data-e-type=\"widget\" data-widget_type=\"text-editor.default\">\n\t\t\t\t<div class=\"elementor-widget-container\">\n\t\t\t\t\t\t\t\t\t<h4 class=\"av-special-heading-tag\">OUR NEWSLETTER ON TAX CONSULTING AND ACCOUNTING. <br \/>INTERESTING FACTS THAT CAN BE VALUABLE FOR YOU<\/h4>\t\t\t\t\t\t\t\t<\/div>\n\t\t\t\t<\/div>\n\t\t\t\t\t<\/div>\n\t\t<\/div>\n\t\t\t\t\t<\/div>\n\t\t<\/section>\n\t\t\t\t<section class=\"elementor-section elementor-inner-section elementor-element elementor-element-73a1520 elementor-section-boxed elementor-section-height-default elementor-section-height-default\" data-id=\"73a1520\" data-element_type=\"section\" data-e-type=\"section\">\n\t\t\t\t\t\t<div class=\"elementor-container elementor-column-gap-default\">\n\t\t\t\t\t<div class=\"elementor-column elementor-col-50 elementor-inner-column elementor-element elementor-element-d4e5c83\" data-id=\"d4e5c83\" data-element_type=\"column\" data-e-type=\"column\">\n\t\t\t<div class=\"elementor-widget-wrap elementor-element-populated\">\n\t\t\t\t\t\t<div class=\"elementor-element elementor-element-ea576d0 elementor-widget elementor-widget-text-editor\" data-id=\"ea576d0\" data-element_type=\"widget\" data-e-type=\"widget\" data-widget_type=\"text-editor.default\">\n\t\t\t\t<div class=\"elementor-widget-container\">\n\t\t\t\t\t\t\t\t\t<p><strong>Once registered &#8211; always benefit from the information advantage.<\/strong><\/p><p>Subscribe to our monthly newsletter with information on tax legislation and tax-related news from the business world &#8211; here in Frankfurt, Rhine-Main, throughout Germany and internationally. You can be informed with just a few clicks.<\/p><p>You will find the registration form at the right side on this page.<\/p><p>All tax information at a glance: Find out more right here in our archive:<\/p>\t\t\t\t\t\t\t\t<\/div>\n\t\t\t\t<\/div>\n\t\t\t\t<div class=\"elementor-element elementor-element-b136567 elementor-grid-1 elementor-grid-tablet-2 elementor-grid-mobile-1 elementor-posts--thumbnail-top elementor-widget elementor-widget-posts\" data-id=\"b136567\" data-element_type=\"widget\" data-e-type=\"widget\" data-settings=\"{&quot;classic_columns&quot;:&quot;1&quot;,&quot;classic_columns_tablet&quot;:&quot;2&quot;,&quot;classic_columns_mobile&quot;:&quot;1&quot;,&quot;classic_row_gap&quot;:{&quot;unit&quot;:&quot;px&quot;,&quot;size&quot;:35,&quot;sizes&quot;:[]},&quot;classic_row_gap_widescreen&quot;:{&quot;unit&quot;:&quot;px&quot;,&quot;size&quot;:&quot;&quot;,&quot;sizes&quot;:[]},&quot;classic_row_gap_tablet&quot;:{&quot;unit&quot;:&quot;px&quot;,&quot;size&quot;:&quot;&quot;,&quot;sizes&quot;:[]},&quot;classic_row_gap_mobile&quot;:{&quot;unit&quot;:&quot;px&quot;,&quot;size&quot;:&quot;&quot;,&quot;sizes&quot;:[]}}\" data-widget_type=\"posts.classic\">\n\t\t\t\t<div class=\"elementor-widget-container\">\n\t\t\t\t\t\t\t<div class=\"elementor-posts-container elementor-posts elementor-posts--skin-classic elementor-grid\" role=\"list\">\n\t\t\t\t<article class=\"elementor-post elementor-grid-item post-26038 post type-post status-publish format-standard hentry category-tax-information\" role=\"listitem\">\n\t\t\t\t<div class=\"elementor-post__text\">\n\t\t\t\t<h3 class=\"elementor-post__title\">\n\t\t\t<a href=\"https:\/\/www.benefitax.de\/en\/tax-information-april-2026\/\" >\n\t\t\t\tTax Information April 2026\t\t\t<\/a>\n\t\t<\/h3>\n\t\t\n\t\t<a class=\"elementor-post__read-more\" href=\"https:\/\/www.benefitax.de\/en\/tax-information-april-2026\/\" aria-label=\"Read more about Tax Information April 2026\" tabindex=\"-1\" >\n\t\t\t\t\t<\/a>\n\n\t\t\t\t<\/div>\n\t\t\t\t<\/article>\n\t\t\t\t<article class=\"elementor-post elementor-grid-item post-25750 post type-post status-publish format-standard hentry category-tax-information\" role=\"listitem\">\n\t\t\t\t<div class=\"elementor-post__text\">\n\t\t\t\t<h3 class=\"elementor-post__title\">\n\t\t\t<a href=\"https:\/\/www.benefitax.de\/en\/tax-information-december-2025\/\" >\n\t\t\t\tTax Information December 2025\t\t\t<\/a>\n\t\t<\/h3>\n\t\t\n\t\t<a class=\"elementor-post__read-more\" href=\"https:\/\/www.benefitax.de\/en\/tax-information-december-2025\/\" aria-label=\"Read more about Tax Information December 2025\" tabindex=\"-1\" >\n\t\t\t\t\t<\/a>\n\n\t\t\t\t<\/div>\n\t\t\t\t<\/article>\n\t\t\t\t<article class=\"elementor-post elementor-grid-item post-25513 post type-post status-publish format-standard hentry category-tax-information\" role=\"listitem\">\n\t\t\t\t<div class=\"elementor-post__text\">\n\t\t\t\t<h3 class=\"elementor-post__title\">\n\t\t\t<a href=\"https:\/\/www.benefitax.de\/en\/tax-information-october-2025\/\" >\n\t\t\t\tTax Information October 2025\t\t\t<\/a>\n\t\t<\/h3>\n\t\t\n\t\t<a class=\"elementor-post__read-more\" href=\"https:\/\/www.benefitax.de\/en\/tax-information-october-2025\/\" aria-label=\"Read more about Tax Information October 2025\" tabindex=\"-1\" >\n\t\t\t\t\t<\/a>\n\n\t\t\t\t<\/div>\n\t\t\t\t<\/article>\n\t\t\t\t<article class=\"elementor-post elementor-grid-item post-25254 post type-post status-publish format-standard hentry category-tax-information\" role=\"listitem\">\n\t\t\t\t<div class=\"elementor-post__text\">\n\t\t\t\t<h3 class=\"elementor-post__title\">\n\t\t\t<a href=\"https:\/\/www.benefitax.de\/en\/tax-information-july-2025\/\" >\n\t\t\t\tTax Information July 2025\t\t\t<\/a>\n\t\t<\/h3>\n\t\t\n\t\t<a class=\"elementor-post__read-more\" href=\"https:\/\/www.benefitax.de\/en\/tax-information-july-2025\/\" aria-label=\"Read more about Tax Information July 2025\" tabindex=\"-1\" >\n\t\t\t\t\t<\/a>\n\n\t\t\t\t<\/div>\n\t\t\t\t<\/article>\n\t\t\t\t<article class=\"elementor-post elementor-grid-item post-24173 post type-post status-publish format-standard hentry category-tax-information\" role=\"listitem\">\n\t\t\t\t<div class=\"elementor-post__text\">\n\t\t\t\t<h3 class=\"elementor-post__title\">\n\t\t\t<a href=\"https:\/\/www.benefitax.de\/en\/tax-information-march-2025\/\" >\n\t\t\t\tTax Information March 2025\t\t\t<\/a>\n\t\t<\/h3>\n\t\t\n\t\t<a class=\"elementor-post__read-more\" href=\"https:\/\/www.benefitax.de\/en\/tax-information-march-2025\/\" aria-label=\"Read more about Tax Information March 2025\" tabindex=\"-1\" >\n\t\t\t\t\t<\/a>\n\n\t\t\t\t<\/div>\n\t\t\t\t<\/article>\n\t\t\t\t<article class=\"elementor-post elementor-grid-item post-24338 post type-post status-publish format-standard hentry category-tax-information\" role=\"listitem\">\n\t\t\t\t<div class=\"elementor-post__text\">\n\t\t\t\t<h3 class=\"elementor-post__title\">\n\t\t\t<a href=\"https:\/\/www.benefitax.de\/en\/tax-information-december-2024\/\" >\n\t\t\t\tTax Information December 2024\t\t\t<\/a>\n\t\t<\/h3>\n\t\t\n\t\t<a class=\"elementor-post__read-more\" href=\"https:\/\/www.benefitax.de\/en\/tax-information-december-2024\/\" aria-label=\"Read more about Tax Information December 2024\" tabindex=\"-1\" >\n\t\t\t\t\t<\/a>\n\n\t\t\t\t<\/div>\n\t\t\t\t<\/article>\n\t\t\t\t<article class=\"elementor-post elementor-grid-item post-24344 post type-post status-publish format-standard hentry category-tax-information\" role=\"listitem\">\n\t\t\t\t<div class=\"elementor-post__text\">\n\t\t\t\t<h3 class=\"elementor-post__title\">\n\t\t\t<a href=\"https:\/\/www.benefitax.de\/en\/tax-information-september-2024\/\" >\n\t\t\t\tTax Information September 2024\t\t\t<\/a>\n\t\t<\/h3>\n\t\t\n\t\t<a class=\"elementor-post__read-more\" href=\"https:\/\/www.benefitax.de\/en\/tax-information-september-2024\/\" aria-label=\"Read more about Tax Information September 2024\" tabindex=\"-1\" >\n\t\t\t\t\t<\/a>\n\n\t\t\t\t<\/div>\n\t\t\t\t<\/article>\n\t\t\t\t<\/div>\n\t\t\n\t\t\t\t\t\t<\/div>\n\t\t\t\t<\/div>\n\t\t\t\t<div class=\"elementor-element elementor-element-f155c77 elementor-widget elementor-widget-theme-post-title elementor-page-title elementor-widget-heading\" data-id=\"f155c77\" data-element_type=\"widget\" data-e-type=\"widget\" data-widget_type=\"theme-post-title.default\">\n\t\t\t\t<div class=\"elementor-widget-container\">\n\t\t\t\t\t<h1 class=\"elementor-heading-title elementor-size-default\">Tax Information September 2024<\/h1>\t\t\t\t<\/div>\n\t\t\t\t<\/div>\n\t\t\t\t\t<\/div>\n\t\t<\/div>\n\t\t\t\t<div class=\"elementor-column elementor-col-50 elementor-inner-column elementor-element elementor-element-dfc6e41\" data-id=\"dfc6e41\" data-element_type=\"column\" data-e-type=\"column\">\n\t\t\t<div class=\"elementor-widget-wrap elementor-element-populated\">\n\t\t\t\t\t\t<div class=\"elementor-element elementor-element-fdfb7c2 elementor-widget elementor-widget-text-editor\" data-id=\"fdfb7c2\" data-element_type=\"widget\" data-e-type=\"widget\" data-widget_type=\"text-editor.default\">\n\t\t\t\t<div class=\"elementor-widget-container\">\n\t\t\t\t\t\t\t\t\t<h4 class=\"av-special-heading-tag\">Subscribe to the newsletter<\/h4>\n\t\t\t\t\t\t\t\t<\/div>\n\t\t\t\t<\/div>\n\t\t\t\t<div class=\"elementor-element elementor-element-2ada166 elementor-widget elementor-widget-theme-post-title elementor-page-title elementor-widget-heading\" data-id=\"2ada166\" data-element_type=\"widget\" data-e-type=\"widget\" data-widget_type=\"theme-post-title.default\">\n\t\t\t\t<div class=\"elementor-widget-container\">\n\t\t\t\t\t<h1 class=\"elementor-heading-title elementor-size-default\">Tax Information September 2024<\/h1>\t\t\t\t<\/div>\n\t\t\t\t<\/div>\n\t\t\t\t<div class=\"elementor-element elementor-element-5468f7c elementor-widget elementor-widget-text-editor\" data-id=\"5468f7c\" data-element_type=\"widget\" data-e-type=\"widget\" data-widget_type=\"text-editor.default\">\n\t\t\t\t<div class=\"elementor-widget-container\">\n\t\t\t\t\t\t\t\t\t<iframe src=\"https:\/\/benefitax.de\/newsletter-en.html\" width=\"640\" height=\"670\"><span style=\"display: inline-block; width: 0px; overflow: hidden; line-height: 0;\" data-mce-type=\"bookmark\" class=\"mce_SELRES_start\">\ufeff<\/span><\/iframe>\t\t\t\t\t\t\t\t<\/div>\n\t\t\t\t<\/div>\n\t\t\t\t\t<\/div>\n\t\t<\/div>\n\t\t\t\t\t<\/div>\n\t\t<\/section>\n\t\t\t\t\t<\/div>\n\t\t<\/div>\n\t\t\t\t\t<\/div>\n\t\t<\/section>\n\t\t\t\t<section class=\"elementor-section elementor-top-section elementor-element elementor-element-26865bd elementor-section-boxed elementor-section-height-default elementor-section-height-default\" data-id=\"26865bd\" data-element_type=\"section\" data-e-type=\"section\" data-settings=\"{&quot;background_background&quot;:&quot;classic&quot;}\">\n\t\t\t\t\t\t<div class=\"elementor-container elementor-column-gap-default\">\n\t\t\t\t\t<div class=\"elementor-column elementor-col-100 elementor-top-column elementor-element elementor-element-e1c0b18\" data-id=\"e1c0b18\" data-element_type=\"column\" data-e-type=\"column\">\n\t\t\t<div class=\"elementor-widget-wrap\">\n\t\t\t\t\t\t\t<\/div>\n\t\t<\/div>\n\t\t\t\t\t<\/div>\n\t\t<\/section>\n\t\t\t\t<section class=\"elementor-section elementor-top-section elementor-element elementor-element-bacf7a1 elementor-section-boxed elementor-section-height-default elementor-section-height-default\" data-id=\"bacf7a1\" data-element_type=\"section\" data-e-type=\"section\">\n\t\t\t\t\t\t<div class=\"elementor-container elementor-column-gap-default\">\n\t\t\t\t\t<div class=\"elementor-column elementor-col-100 elementor-top-column elementor-element elementor-element-b7c31fc\" data-id=\"b7c31fc\" data-element_type=\"column\" data-e-type=\"column\">\n\t\t\t<div class=\"elementor-widget-wrap elementor-element-populated\">\n\t\t\t\t\t\t<div class=\"elementor-element elementor-element-81fbfcf elementor-widget elementor-widget-spacer\" data-id=\"81fbfcf\" data-element_type=\"widget\" data-e-type=\"widget\" data-widget_type=\"spacer.default\">\n\t\t\t\t<div class=\"elementor-widget-container\">\n\t\t\t\t\t\t\t<div class=\"elementor-spacer\">\n\t\t\t<div class=\"elementor-spacer-inner\"><\/div>\n\t\t<\/div>\n\t\t\t\t\t\t<\/div>\n\t\t\t\t<\/div>\n\t\t\t\t<div class=\"elementor-element elementor-element-f00a9ab elementor-widget elementor-widget-text-editor\" data-id=\"f00a9ab\" data-element_type=\"widget\" data-e-type=\"widget\" data-widget_type=\"text-editor.default\">\n\t\t\t\t<div class=\"elementor-widget-container\">\n\t\t\t\t\t\t\t\t\t<div class=\"hr av-h6898-1173ed3245746d4c67c6ca245f66ee90 hr-invisible avia-builder-el-11 el_before_av_textblock avia-builder-el-first \"><h4>German income tax returns for foreigners with German income<br \/>What do you have to pay tax on? We advise you.<\/h4><\/div><h2 class=\"av-special-heading-tag\">Give us a call: <a href=\"tel:+496925622760\">+4969-25622760<\/a><br \/>Write to us: <a href=\"mailto:info@benefitax.de\">info@benefitax.de<\/a><\/h2>\t\t\t\t\t\t\t\t<\/div>\n\t\t\t\t<\/div>\n\t\t\t\t\t<\/div>\n\t\t<\/div>\n\t\t\t\t\t<\/div>\n\t\t<\/section>\n\t\t\t\t<\/div>\n\t\t","protected":false},"excerpt":{"rendered":"<p>Newsletter OUR NEWSLETTER ON TAX CONSULTING AND ACCOUNTING. INTERESTING FACTS THAT CAN BE VALUABLE FOR YOU Once registered &#8211; always benefit from the information advantage.<\/p>\n","protected":false},"author":1,"featured_media":0,"parent":0,"menu_order":0,"comment_status":"closed","ping_status":"closed","template":"","meta":{"_acf_changed":false,"footnotes":""},"class_list":["post-5178","page","type-page","status-publish","hentry"],"acf":[],"yoast_head":"<!-- This site is optimized with the Yoast SEO plugin v27.3 - https:\/\/yoast.com\/product\/yoast-seo-wordpress\/ -->\n<title>Newsletter | Benefitax GmbH<\/title>\n<meta name=\"description\" content=\"Stay up to date on all things tax and accounting. Here you can find our tax tips and subscribe to our newsletter.\" \/>\n<meta name=\"robots\" content=\"index, follow, max-snippet:-1, max-image-preview:large, max-video-preview:-1\" \/>\n<link rel=\"canonical\" href=\"https:\/\/www.benefitax.de\/en\/newsletter-en\/\" \/>\n<meta property=\"og:locale\" content=\"en_US\" \/>\n<meta property=\"og:type\" content=\"article\" \/>\n<meta property=\"og:title\" content=\"Newsletter | Benefitax GmbH\" \/>\n<meta property=\"og:description\" content=\"Stay up to date on all things tax and accounting. Here you can find our tax tips and subscribe to our newsletter.\" \/>\n<meta property=\"og:url\" content=\"https:\/\/www.benefitax.de\/en\/newsletter-en\/\" \/>\n<meta property=\"og:site_name\" content=\"Steuerberatung | Wirtschaftspr\u00fcfung\" \/>\n<meta property=\"article:publisher\" content=\"https:\/\/www.facebook.com\/Benefitax\/\" \/>\n<meta property=\"article:modified_time\" content=\"2026-04-01T10:42:53+00:00\" \/>\n<meta name=\"twitter:card\" content=\"summary_large_image\" \/>\n<meta name=\"twitter:site\" content=\"@Benefitax\" \/>\n<meta name=\"twitter:label1\" content=\"Est. reading time\" \/>\n\t<meta name=\"twitter:data1\" content=\"1 minute\" \/>\n<script type=\"application\/ld+json\" class=\"yoast-schema-graph\">{\"@context\":\"https:\\\/\\\/schema.org\",\"@graph\":[{\"@type\":\"WebPage\",\"@id\":\"https:\\\/\\\/www.benefitax.de\\\/en\\\/newsletter-en\\\/\",\"url\":\"https:\\\/\\\/www.benefitax.de\\\/en\\\/newsletter-en\\\/\",\"name\":\"Newsletter | Benefitax GmbH\",\"isPartOf\":{\"@id\":\"https:\\\/\\\/www.benefitax.de\\\/en\\\/#website\"},\"datePublished\":\"2024-06-05T14:21:40+00:00\",\"dateModified\":\"2026-04-01T10:42:53+00:00\",\"description\":\"Stay up to date on all things tax and accounting. Here you can find our tax tips and subscribe to our newsletter.\",\"breadcrumb\":{\"@id\":\"https:\\\/\\\/www.benefitax.de\\\/en\\\/newsletter-en\\\/#breadcrumb\"},\"inLanguage\":\"en-US\",\"potentialAction\":[{\"@type\":\"ReadAction\",\"target\":[\"https:\\\/\\\/www.benefitax.de\\\/en\\\/newsletter-en\\\/\"]}]},{\"@type\":\"BreadcrumbList\",\"@id\":\"https:\\\/\\\/www.benefitax.de\\\/en\\\/newsletter-en\\\/#breadcrumb\",\"itemListElement\":[{\"@type\":\"ListItem\",\"position\":1,\"name\":\"Startseite\",\"item\":\"https:\\\/\\\/www.benefitax.de\\\/en\\\/\"},{\"@type\":\"ListItem\",\"position\":2,\"name\":\"Newsletter\"}]},{\"@type\":\"WebSite\",\"@id\":\"https:\\\/\\\/www.benefitax.de\\\/en\\\/#website\",\"url\":\"https:\\\/\\\/www.benefitax.de\\\/en\\\/\",\"name\":\"Steuerberatung | Wirtschaftspr\u00fcfung\",\"description\":\"Steuerberater f\u00fcr den Mittelstand und f\u00fcr verm\u00f6gende Privatpersonen\",\"publisher\":{\"@id\":\"https:\\\/\\\/www.benefitax.de\\\/en\\\/#organization\"},\"potentialAction\":[{\"@type\":\"SearchAction\",\"target\":{\"@type\":\"EntryPoint\",\"urlTemplate\":\"https:\\\/\\\/www.benefitax.de\\\/en\\\/?s={search_term_string}\"},\"query-input\":{\"@type\":\"PropertyValueSpecification\",\"valueRequired\":true,\"valueName\":\"search_term_string\"}}],\"inLanguage\":\"en-US\"},{\"@type\":\"Organization\",\"@id\":\"https:\\\/\\\/www.benefitax.de\\\/en\\\/#organization\",\"name\":\"Steuerberatung | Wirtschaftspr\u00fcfung\",\"url\":\"https:\\\/\\\/www.benefitax.de\\\/en\\\/\",\"logo\":{\"@type\":\"ImageObject\",\"inLanguage\":\"en-US\",\"@id\":\"https:\\\/\\\/www.benefitax.de\\\/en\\\/#\\\/schema\\\/logo\\\/image\\\/\",\"url\":\"https:\\\/\\\/www.benefitax.de\\\/wp-content\\\/uploads\\\/2022\\\/12\\\/Logo2009_RGB_0_81_205-300x120-1.jpg\",\"contentUrl\":\"https:\\\/\\\/www.benefitax.de\\\/wp-content\\\/uploads\\\/2022\\\/12\\\/Logo2009_RGB_0_81_205-300x120-1.jpg\",\"width\":300,\"height\":120,\"caption\":\"Steuerberatung | Wirtschaftspr\u00fcfung\"},\"image\":{\"@id\":\"https:\\\/\\\/www.benefitax.de\\\/en\\\/#\\\/schema\\\/logo\\\/image\\\/\"},\"sameAs\":[\"https:\\\/\\\/www.facebook.com\\\/Benefitax\\\/\",\"https:\\\/\\\/x.com\\\/Benefitax\",\"https:\\\/\\\/www.xing.com\\\/pages\\\/benefitaxgmbh\"]}]}<\/script>\n<!-- \/ Yoast SEO plugin. -->","yoast_head_json":{"title":"Newsletter | Benefitax GmbH","description":"Stay up to date on all things tax and accounting. Here you can find our tax tips and subscribe to our newsletter.","robots":{"index":"index","follow":"follow","max-snippet":"max-snippet:-1","max-image-preview":"max-image-preview:large","max-video-preview":"max-video-preview:-1"},"canonical":"https:\/\/www.benefitax.de\/en\/newsletter-en\/","og_locale":"en_US","og_type":"article","og_title":"Newsletter | Benefitax GmbH","og_description":"Stay up to date on all things tax and accounting. Here you can find our tax tips and subscribe to our newsletter.","og_url":"https:\/\/www.benefitax.de\/en\/newsletter-en\/","og_site_name":"Steuerberatung | Wirtschaftspr\u00fcfung","article_publisher":"https:\/\/www.facebook.com\/Benefitax\/","article_modified_time":"2026-04-01T10:42:53+00:00","twitter_card":"summary_large_image","twitter_site":"@Benefitax","twitter_misc":{"Est. reading time":"1 minute"},"schema":{"@context":"https:\/\/schema.org","@graph":[{"@type":"WebPage","@id":"https:\/\/www.benefitax.de\/en\/newsletter-en\/","url":"https:\/\/www.benefitax.de\/en\/newsletter-en\/","name":"Newsletter | Benefitax GmbH","isPartOf":{"@id":"https:\/\/www.benefitax.de\/en\/#website"},"datePublished":"2024-06-05T14:21:40+00:00","dateModified":"2026-04-01T10:42:53+00:00","description":"Stay up to date on all things tax and accounting. Here you can find our tax tips and subscribe to our newsletter.","breadcrumb":{"@id":"https:\/\/www.benefitax.de\/en\/newsletter-en\/#breadcrumb"},"inLanguage":"en-US","potentialAction":[{"@type":"ReadAction","target":["https:\/\/www.benefitax.de\/en\/newsletter-en\/"]}]},{"@type":"BreadcrumbList","@id":"https:\/\/www.benefitax.de\/en\/newsletter-en\/#breadcrumb","itemListElement":[{"@type":"ListItem","position":1,"name":"Startseite","item":"https:\/\/www.benefitax.de\/en\/"},{"@type":"ListItem","position":2,"name":"Newsletter"}]},{"@type":"WebSite","@id":"https:\/\/www.benefitax.de\/en\/#website","url":"https:\/\/www.benefitax.de\/en\/","name":"Steuerberatung | Wirtschaftspr\u00fcfung","description":"Steuerberater f\u00fcr den Mittelstand und f\u00fcr verm\u00f6gende Privatpersonen","publisher":{"@id":"https:\/\/www.benefitax.de\/en\/#organization"},"potentialAction":[{"@type":"SearchAction","target":{"@type":"EntryPoint","urlTemplate":"https:\/\/www.benefitax.de\/en\/?s={search_term_string}"},"query-input":{"@type":"PropertyValueSpecification","valueRequired":true,"valueName":"search_term_string"}}],"inLanguage":"en-US"},{"@type":"Organization","@id":"https:\/\/www.benefitax.de\/en\/#organization","name":"Steuerberatung | Wirtschaftspr\u00fcfung","url":"https:\/\/www.benefitax.de\/en\/","logo":{"@type":"ImageObject","inLanguage":"en-US","@id":"https:\/\/www.benefitax.de\/en\/#\/schema\/logo\/image\/","url":"https:\/\/www.benefitax.de\/wp-content\/uploads\/2022\/12\/Logo2009_RGB_0_81_205-300x120-1.jpg","contentUrl":"https:\/\/www.benefitax.de\/wp-content\/uploads\/2022\/12\/Logo2009_RGB_0_81_205-300x120-1.jpg","width":300,"height":120,"caption":"Steuerberatung | Wirtschaftspr\u00fcfung"},"image":{"@id":"https:\/\/www.benefitax.de\/en\/#\/schema\/logo\/image\/"},"sameAs":["https:\/\/www.facebook.com\/Benefitax\/","https:\/\/x.com\/Benefitax","https:\/\/www.xing.com\/pages\/benefitaxgmbh"]}]}},"_links":{"self":[{"href":"https:\/\/www.benefitax.de\/en\/wp-json\/wp\/v2\/pages\/5178","targetHints":{"allow":["GET"]}}],"collection":[{"href":"https:\/\/www.benefitax.de\/en\/wp-json\/wp\/v2\/pages"}],"about":[{"href":"https:\/\/www.benefitax.de\/en\/wp-json\/wp\/v2\/types\/page"}],"author":[{"embeddable":true,"href":"https:\/\/www.benefitax.de\/en\/wp-json\/wp\/v2\/users\/1"}],"replies":[{"embeddable":true,"href":"https:\/\/www.benefitax.de\/en\/wp-json\/wp\/v2\/comments?post=5178"}],"version-history":[{"count":5,"href":"https:\/\/www.benefitax.de\/en\/wp-json\/wp\/v2\/pages\/5178\/revisions"}],"predecessor-version":[{"id":26085,"href":"https:\/\/www.benefitax.de\/en\/wp-json\/wp\/v2\/pages\/5178\/revisions\/26085"}],"wp:attachment":[{"href":"https:\/\/www.benefitax.de\/en\/wp-json\/wp\/v2\/media?parent=5178"}],"curies":[{"name":"wp","href":"https:\/\/api.w.org\/{rel}","templated":true}]}}