{"id":5199,"date":"2026-03-04T12:20:00","date_gmt":"2026-03-04T11:20:00","guid":{"rendered":"https:\/\/www.benefitax.de\/important-tax-rates\/"},"modified":"2026-03-04T12:26:41","modified_gmt":"2026-03-04T11:26:41","slug":"important-tax-rates-in-germany","status":"publish","type":"page","link":"https:\/\/www.benefitax.de\/en\/important-tax-rates-in-germany\/","title":{"rendered":"Important tax rates in Germany"},"content":{"rendered":"\t\t<div data-elementor-type=\"wp-page\" data-elementor-id=\"5199\" class=\"elementor elementor-5199 elementor-3774\" data-elementor-post-type=\"page\">\n\t\t\t\t\t\t<section class=\"elementor-section elementor-top-section elementor-element elementor-element-7fd3cab elementor-section-height-min-height elementor-section-boxed elementor-section-height-default elementor-section-items-middle\" data-id=\"7fd3cab\" data-element_type=\"section\" data-e-type=\"section\" data-settings=\"{&quot;background_background&quot;:&quot;classic&quot;}\">\n\t\t\t\t\t\t<div class=\"elementor-container elementor-column-gap-default\">\n\t\t\t\t\t<div class=\"elementor-column elementor-col-100 elementor-top-column elementor-element elementor-element-b291cc7\" data-id=\"b291cc7\" data-element_type=\"column\" data-e-type=\"column\">\n\t\t\t<div class=\"elementor-widget-wrap elementor-element-populated\">\n\t\t\t\t\t\t<div class=\"elementor-element elementor-element-a9e681b elementor-widget elementor-widget-heading\" data-id=\"a9e681b\" data-element_type=\"widget\" data-e-type=\"widget\" data-widget_type=\"heading.default\">\n\t\t\t\t<div class=\"elementor-widget-container\">\n\t\t\t\t\t<h1 class=\"elementor-heading-title elementor-size-default\">Important tax rates in Germany  <\/h1>\t\t\t\t<\/div>\n\t\t\t\t<\/div>\n\t\t\t\t\t<\/div>\n\t\t<\/div>\n\t\t\t\t\t<\/div>\n\t\t<\/section>\n\t\t\t\t<section class=\"elementor-section elementor-top-section elementor-element elementor-element-c5ca5fb elementor-section-boxed elementor-section-height-default elementor-section-height-default\" data-id=\"c5ca5fb\" data-element_type=\"section\" data-e-type=\"section\">\n\t\t\t\t\t\t<div class=\"elementor-container elementor-column-gap-default\">\n\t\t\t\t\t<div class=\"elementor-column elementor-col-100 elementor-top-column elementor-element elementor-element-0bd6b9b\" data-id=\"0bd6b9b\" data-element_type=\"column\" data-e-type=\"column\">\n\t\t\t<div class=\"elementor-widget-wrap elementor-element-populated\">\n\t\t\t\t\t\t<div class=\"elementor-element elementor-element-1c3cd2e elementor-widget elementor-widget-spacer\" data-id=\"1c3cd2e\" data-element_type=\"widget\" data-e-type=\"widget\" data-widget_type=\"spacer.default\">\n\t\t\t\t<div class=\"elementor-widget-container\">\n\t\t\t\t\t\t\t<div class=\"elementor-spacer\">\n\t\t\t<div class=\"elementor-spacer-inner\"><\/div>\n\t\t<\/div>\n\t\t\t\t\t\t<\/div>\n\t\t\t\t<\/div>\n\t\t\t\t<section class=\"elementor-section elementor-inner-section elementor-element elementor-element-3116784 elementor-section-boxed elementor-section-height-default elementor-section-height-default\" data-id=\"3116784\" data-element_type=\"section\" data-e-type=\"section\">\n\t\t\t\t\t\t<div class=\"elementor-container elementor-column-gap-default\">\n\t\t\t\t\t<div class=\"elementor-column elementor-col-100 elementor-inner-column elementor-element elementor-element-b55c4e4\" data-id=\"b55c4e4\" data-element_type=\"column\" data-e-type=\"column\">\n\t\t\t<div class=\"elementor-widget-wrap elementor-element-populated\">\n\t\t\t\t\t\t<div class=\"elementor-element elementor-element-9835c9f elementor-widget elementor-widget-text-editor\" data-id=\"9835c9f\" data-element_type=\"widget\" data-e-type=\"widget\" data-widget_type=\"text-editor.default\">\n\t\t\t\t<div class=\"elementor-widget-container\">\n\t\t\t\t\t\t\t\t\t<p><strong>Note: Taxes are subject to change. This information has been provided to the best of our knowledge &#8211; it is not legally binding. Status of the information: March 2026  <br><\/strong><\/p><p> <\/p>\t\t\t\t\t\t\t\t<\/div>\n\t\t\t\t<\/div>\n\t\t\t\t\t<\/div>\n\t\t<\/div>\n\t\t\t\t\t<\/div>\n\t\t<\/section>\n\t\t\t\t<section class=\"elementor-section elementor-inner-section elementor-element elementor-element-e2a270a elementor-section-boxed elementor-section-height-default elementor-section-height-default\" data-id=\"e2a270a\" data-element_type=\"section\" data-e-type=\"section\">\n\t\t\t\t\t\t<div class=\"elementor-container elementor-column-gap-default\">\n\t\t\t\t\t<div class=\"elementor-column elementor-col-100 elementor-inner-column elementor-element elementor-element-d1bf110\" data-id=\"d1bf110\" data-element_type=\"column\" data-e-type=\"column\">\n\t\t\t<div class=\"elementor-widget-wrap elementor-element-populated\">\n\t\t\t\t\t\t<div class=\"elementor-element elementor-element-8481816 elementor-widget elementor-widget-text-editor\" data-id=\"8481816\" data-element_type=\"widget\" data-e-type=\"widget\" data-widget_type=\"text-editor.default\">\n\t\t\t\t<div class=\"elementor-widget-container\">\n\t\t\t\t\t\t\t\t\t<center><\/center><table class=\"blueTable\"><thead><tr><th style=\"text-align: center;\">Tax<\/th><th style=\"text-align: center;\">From<\/th><th style=\"text-align: center;\">To<\/th><th style=\"text-align: center;\">Remarks<\/th><\/tr><\/thead><tbody><tr><td><ul><li>Income tax<\/li><\/ul><\/td><td><ul><li>14%<\/li><\/ul><\/td><td><ul><li>45%<\/li><\/ul><\/td><td><ul><li>Top tax rate is only reached at around \u20ac 278 thousand for single assessment. Married couples can use the split rate, i.e. income is added together  <\/li><\/ul><\/td><\/tr><tr><td><ul><li>Solidarity surcharge<\/li><\/ul><\/td><td><ul><li>0%<\/li><\/ul><\/td><td><ul><li>5,5%<\/li><\/ul><\/td><td><ul><li>from income tax (depending on the amount of taxable income and single or joint assessment)<\/li><\/ul><\/td><\/tr><tr><td><ul><li>Church tax<\/li><\/ul><\/td><td><ul><li>8%<\/li><\/ul><\/td><td><ul><li>9%<\/li><\/ul><\/td><td><ul><li>in Bavaria and Baden-W\u00fcrttemberg 8%, otherwise 9% of income tax<\/li><\/ul><\/td><\/tr><tr><td><ul><li>Withholding tax for capital income<\/li><\/ul><\/td><td><ul><li>25%<\/li><\/ul><\/td><td><ul><li>25%<\/li><\/ul><\/td><td><ul><li>Fixed tax rate. Is generally not included in income tax <\/li><\/ul><\/td><\/tr><tr><td><ul><li style=\"list-style-type: none;\"><ul><li>Corporate income tax<\/li><\/ul><\/li><\/ul><\/td><td><ul><li>15%<\/li><\/ul><\/td><td><ul><li>15%<\/li><\/ul><\/td><td><ul><li>Applies to corporations (gradual reduction from 2028 by 1% p.a. until 10% is reached)<\/li><\/ul><\/td><\/tr><tr><td><ul><li>Capital gains tax<\/li><\/ul><\/td><td><ul><li>0%<\/li><\/ul><\/td><td><ul><li>25%<\/li><\/ul><\/td><td><ul><li>Generally 25%, possibly lower according to DBA or parent-subsidiary directive <\/li><\/ul><\/td><\/tr><tr><td><ul><li>Trade tax<\/li><\/ul><\/td><td><ul><li>3,5%<\/li><\/ul><\/td><td><ul><li>3,5%<\/li><\/ul><\/td><td><ul><li>This is to be multiplied by the assessment rate of the respective municipality<\/li><\/ul><\/td><\/tr><tr><td><ul><li>Trade tax rates<\/li><\/ul><\/td><td><ul><li>200%<\/li><\/ul><\/td><td><ul><li>900%<\/li><\/ul><\/td><td><ul><li>Miniumumum 200% (planned 280%). The assessment rate in large cities is generally between 400% and 500% <\/li><\/ul><\/td><\/tr><tr><td><ul><li>Value added tax<\/li><\/ul><\/td><td><ul><li>7%<\/li><\/ul><\/td><td><ul><li>19%<\/li><\/ul><\/td><td><ul><li>a reduced tax rate applies to certain supplies and services<\/li><\/ul><\/td><\/tr><tr><td><ul><li>Real estate transfer tax<\/li><\/ul><\/td><td><ul><li>3,5%<\/li><\/ul><\/td><td><ul><li>6,5%<\/li><\/ul><\/td><td><ul><li>3.5% in Bavaria, otherwise 5-6.5% depending on the federal state. Applies to the transfer of real estate and companies with real estate assets<\/li><\/ul><\/td><\/tr><tr><td><ul><li>Inheritance tax<\/li><\/ul><\/td><td><ul><li>0,0%<\/li><\/ul><\/td><td><ul><li>50,0%<\/li><\/ul><\/td><td><ul><li>Depending on the tax class (degree of relationship) and the amount of the inheritance within 10 years<\/li><\/ul><\/td><\/tr><tr><td><ul><li>Property tax<\/li><\/ul><\/td><td><ul><li>none<\/li><\/ul><\/td><td><ul><li>none<\/li><\/ul><\/td><td><ul><li>currently suspended<\/li><\/ul><\/td><\/tr><tr><td><ul><li>Transaction tax\/stock exchange turnover tax<\/li><\/ul><\/td><td><ul><li>none<\/li><\/ul><\/td><td><ul><li>none<\/li><\/ul><\/td><td><ul><li>Introduction under discussion. Not yet decided <\/li><\/ul><\/td><\/tr><tr><td><ul><li>Stamp duty<\/li><\/ul><\/td><td><ul><li>none<\/li><\/ul><\/td><td><ul><li>none<\/li><\/ul><\/td><td><ul><li>Does not exist in Germany<\/li><\/ul><\/td><\/tr><\/tbody><\/table>\t\t\t\t\t\t\t\t<\/div>\n\t\t\t\t<\/div>\n\t\t\t\t\t<\/div>\n\t\t<\/div>\n\t\t\t\t\t<\/div>\n\t\t<\/section>\n\t\t\t\t\t<\/div>\n\t\t<\/div>\n\t\t\t\t\t<\/div>\n\t\t<\/section>\n\t\t\t\t<section class=\"elementor-section elementor-top-section elementor-element elementor-element-bacf7a1 elementor-section-boxed elementor-section-height-default elementor-section-height-default\" data-id=\"bacf7a1\" data-element_type=\"section\" data-e-type=\"section\">\n\t\t\t\t\t\t<div class=\"elementor-container elementor-column-gap-default\">\n\t\t\t\t\t<div class=\"elementor-column elementor-col-100 elementor-top-column elementor-element elementor-element-b7c31fc\" data-id=\"b7c31fc\" data-element_type=\"column\" data-e-type=\"column\">\n\t\t\t<div class=\"elementor-widget-wrap elementor-element-populated\">\n\t\t\t\t\t\t<div class=\"elementor-element elementor-element-81fbfcf elementor-widget elementor-widget-spacer\" data-id=\"81fbfcf\" data-element_type=\"widget\" data-e-type=\"widget\" data-widget_type=\"spacer.default\">\n\t\t\t\t<div class=\"elementor-widget-container\">\n\t\t\t\t\t\t\t<div class=\"elementor-spacer\">\n\t\t\t<div class=\"elementor-spacer-inner\"><\/div>\n\t\t<\/div>\n\t\t\t\t\t\t<\/div>\n\t\t\t\t<\/div>\n\t\t\t\t<div class=\"elementor-element elementor-element-f00a9ab elementor-widget elementor-widget-text-editor\" data-id=\"f00a9ab\" data-element_type=\"widget\" data-e-type=\"widget\" data-widget_type=\"text-editor.default\">\n\t\t\t\t<div class=\"elementor-widget-container\">\n\t\t\t\t\t\t\t\t\t<div><h4 class=\"av-special-heading-tag \">Good to know: a few words about tax rates in Germany<\/h4><\/div><h2>Give us a call: +49<a href=\"tel:+496925622760\">69-25622760<\/a><br>Write to us: <a href=\"mailto:info@benefitax.de\">info@benefitax.de<\/a><\/h2>\t\t\t\t\t\t\t\t<\/div>\n\t\t\t\t<\/div>\n\t\t\t\t\t<\/div>\n\t\t<\/div>\n\t\t\t\t\t<\/div>\n\t\t<\/section>\n\t\t\t\t<\/div>\n\t\t","protected":false},"excerpt":{"rendered":"<p>Important tax rates in Germany Note: Taxes are subject to change. This information has been provided to the best of our knowledge &#8211; it is not legally binding. Status of the information: March 2026 Tax From To Remarks Income tax 14% 45% Top tax rate is only reached at around \u20ac 278 thousand for single [&hellip;]<\/p>\n","protected":false},"author":1,"featured_media":0,"parent":0,"menu_order":0,"comment_status":"closed","ping_status":"closed","template":"","meta":{"_acf_changed":false,"footnotes":""},"class_list":["post-5199","page","type-page","status-publish","hentry"],"acf":[],"yoast_head":"<!-- This site is optimized with the Yoast SEO plugin v27.4 - https:\/\/yoast.com\/product\/yoast-seo-wordpress\/ -->\n<title>Important tax rates in Germany | Benefitax GmbH<\/title>\n<meta name=\"description\" content=\"Important tax rates in Germany: Here you will find an overview of the most important tax rates from income tax to VAT.\" \/>\n<meta name=\"robots\" content=\"index, follow, max-snippet:-1, max-image-preview:large, max-video-preview:-1\" \/>\n<link rel=\"canonical\" href=\"https:\/\/www.benefitax.de\/en\/important-tax-rates-in-germany\/\" \/>\n<meta property=\"og:locale\" content=\"en_US\" \/>\n<meta property=\"og:type\" content=\"article\" \/>\n<meta property=\"og:title\" content=\"Important tax rates in Germany | Benefitax GmbH\" \/>\n<meta property=\"og:description\" content=\"Important tax rates in Germany: Here you will find an overview of the most important tax rates from income tax to VAT.\" \/>\n<meta property=\"og:url\" content=\"https:\/\/www.benefitax.de\/en\/important-tax-rates-in-germany\/\" \/>\n<meta property=\"og:site_name\" content=\"Steuerberatung | Wirtschaftspr\u00fcfung\" \/>\n<meta property=\"article:publisher\" content=\"https:\/\/www.facebook.com\/Benefitax\/\" \/>\n<meta property=\"article:modified_time\" content=\"2026-03-04T11:26:41+00:00\" \/>\n<meta name=\"twitter:card\" content=\"summary_large_image\" \/>\n<meta name=\"twitter:site\" content=\"@Benefitax\" \/>\n<meta name=\"twitter:label1\" content=\"Est. reading time\" \/>\n\t<meta name=\"twitter:data1\" content=\"2 minutes\" \/>\n<script type=\"application\/ld+json\" class=\"yoast-schema-graph\">{\"@context\":\"https:\\\/\\\/schema.org\",\"@graph\":[{\"@type\":\"WebPage\",\"@id\":\"https:\\\/\\\/www.benefitax.de\\\/en\\\/important-tax-rates-in-germany\\\/\",\"url\":\"https:\\\/\\\/www.benefitax.de\\\/en\\\/important-tax-rates-in-germany\\\/\",\"name\":\"Important tax rates in Germany | Benefitax GmbH\",\"isPartOf\":{\"@id\":\"https:\\\/\\\/www.benefitax.de\\\/en\\\/#website\"},\"datePublished\":\"2026-03-04T11:20:00+00:00\",\"dateModified\":\"2026-03-04T11:26:41+00:00\",\"description\":\"Important tax rates in Germany: Here you will find an overview of the most important tax rates from income tax to VAT.\",\"breadcrumb\":{\"@id\":\"https:\\\/\\\/www.benefitax.de\\\/en\\\/important-tax-rates-in-germany\\\/#breadcrumb\"},\"inLanguage\":\"en-US\",\"potentialAction\":[{\"@type\":\"ReadAction\",\"target\":[\"https:\\\/\\\/www.benefitax.de\\\/en\\\/important-tax-rates-in-germany\\\/\"]}]},{\"@type\":\"BreadcrumbList\",\"@id\":\"https:\\\/\\\/www.benefitax.de\\\/en\\\/important-tax-rates-in-germany\\\/#breadcrumb\",\"itemListElement\":[{\"@type\":\"ListItem\",\"position\":1,\"name\":\"Startseite\",\"item\":\"https:\\\/\\\/www.benefitax.de\\\/en\\\/\"},{\"@type\":\"ListItem\",\"position\":2,\"name\":\"Important tax rates in Germany\"}]},{\"@type\":\"WebSite\",\"@id\":\"https:\\\/\\\/www.benefitax.de\\\/en\\\/#website\",\"url\":\"https:\\\/\\\/www.benefitax.de\\\/en\\\/\",\"name\":\"Steuerberatung | Wirtschaftspr\u00fcfung\",\"description\":\"Steuerberater f\u00fcr den Mittelstand und f\u00fcr verm\u00f6gende Privatpersonen\",\"publisher\":{\"@id\":\"https:\\\/\\\/www.benefitax.de\\\/en\\\/#organization\"},\"potentialAction\":[{\"@type\":\"SearchAction\",\"target\":{\"@type\":\"EntryPoint\",\"urlTemplate\":\"https:\\\/\\\/www.benefitax.de\\\/en\\\/?s={search_term_string}\"},\"query-input\":{\"@type\":\"PropertyValueSpecification\",\"valueRequired\":true,\"valueName\":\"search_term_string\"}}],\"inLanguage\":\"en-US\"},{\"@type\":\"Organization\",\"@id\":\"https:\\\/\\\/www.benefitax.de\\\/en\\\/#organization\",\"name\":\"Steuerberatung | Wirtschaftspr\u00fcfung\",\"url\":\"https:\\\/\\\/www.benefitax.de\\\/en\\\/\",\"logo\":{\"@type\":\"ImageObject\",\"inLanguage\":\"en-US\",\"@id\":\"https:\\\/\\\/www.benefitax.de\\\/en\\\/#\\\/schema\\\/logo\\\/image\\\/\",\"url\":\"https:\\\/\\\/www.benefitax.de\\\/wp-content\\\/uploads\\\/2022\\\/12\\\/Logo2009_RGB_0_81_205-300x120-1.jpg\",\"contentUrl\":\"https:\\\/\\\/www.benefitax.de\\\/wp-content\\\/uploads\\\/2022\\\/12\\\/Logo2009_RGB_0_81_205-300x120-1.jpg\",\"width\":300,\"height\":120,\"caption\":\"Steuerberatung | Wirtschaftspr\u00fcfung\"},\"image\":{\"@id\":\"https:\\\/\\\/www.benefitax.de\\\/en\\\/#\\\/schema\\\/logo\\\/image\\\/\"},\"sameAs\":[\"https:\\\/\\\/www.facebook.com\\\/Benefitax\\\/\",\"https:\\\/\\\/x.com\\\/Benefitax\",\"https:\\\/\\\/www.xing.com\\\/pages\\\/benefitaxgmbh\"]}]}<\/script>\n<!-- \/ Yoast SEO plugin. -->","yoast_head_json":{"title":"Important tax rates in Germany | Benefitax GmbH","description":"Important tax rates in Germany: Here you will find an overview of the most important tax rates from income tax to VAT.","robots":{"index":"index","follow":"follow","max-snippet":"max-snippet:-1","max-image-preview":"max-image-preview:large","max-video-preview":"max-video-preview:-1"},"canonical":"https:\/\/www.benefitax.de\/en\/important-tax-rates-in-germany\/","og_locale":"en_US","og_type":"article","og_title":"Important tax rates in Germany | Benefitax GmbH","og_description":"Important tax rates in Germany: Here you will find an overview of the most important tax rates from income tax to VAT.","og_url":"https:\/\/www.benefitax.de\/en\/important-tax-rates-in-germany\/","og_site_name":"Steuerberatung | Wirtschaftspr\u00fcfung","article_publisher":"https:\/\/www.facebook.com\/Benefitax\/","article_modified_time":"2026-03-04T11:26:41+00:00","twitter_card":"summary_large_image","twitter_site":"@Benefitax","twitter_misc":{"Est. reading time":"2 minutes"},"schema":{"@context":"https:\/\/schema.org","@graph":[{"@type":"WebPage","@id":"https:\/\/www.benefitax.de\/en\/important-tax-rates-in-germany\/","url":"https:\/\/www.benefitax.de\/en\/important-tax-rates-in-germany\/","name":"Important tax rates in Germany | Benefitax GmbH","isPartOf":{"@id":"https:\/\/www.benefitax.de\/en\/#website"},"datePublished":"2026-03-04T11:20:00+00:00","dateModified":"2026-03-04T11:26:41+00:00","description":"Important tax rates in Germany: Here you will find an overview of the most important tax rates from income tax to VAT.","breadcrumb":{"@id":"https:\/\/www.benefitax.de\/en\/important-tax-rates-in-germany\/#breadcrumb"},"inLanguage":"en-US","potentialAction":[{"@type":"ReadAction","target":["https:\/\/www.benefitax.de\/en\/important-tax-rates-in-germany\/"]}]},{"@type":"BreadcrumbList","@id":"https:\/\/www.benefitax.de\/en\/important-tax-rates-in-germany\/#breadcrumb","itemListElement":[{"@type":"ListItem","position":1,"name":"Startseite","item":"https:\/\/www.benefitax.de\/en\/"},{"@type":"ListItem","position":2,"name":"Important tax rates in Germany"}]},{"@type":"WebSite","@id":"https:\/\/www.benefitax.de\/en\/#website","url":"https:\/\/www.benefitax.de\/en\/","name":"Steuerberatung | Wirtschaftspr\u00fcfung","description":"Steuerberater f\u00fcr den Mittelstand und f\u00fcr verm\u00f6gende Privatpersonen","publisher":{"@id":"https:\/\/www.benefitax.de\/en\/#organization"},"potentialAction":[{"@type":"SearchAction","target":{"@type":"EntryPoint","urlTemplate":"https:\/\/www.benefitax.de\/en\/?s={search_term_string}"},"query-input":{"@type":"PropertyValueSpecification","valueRequired":true,"valueName":"search_term_string"}}],"inLanguage":"en-US"},{"@type":"Organization","@id":"https:\/\/www.benefitax.de\/en\/#organization","name":"Steuerberatung | Wirtschaftspr\u00fcfung","url":"https:\/\/www.benefitax.de\/en\/","logo":{"@type":"ImageObject","inLanguage":"en-US","@id":"https:\/\/www.benefitax.de\/en\/#\/schema\/logo\/image\/","url":"https:\/\/www.benefitax.de\/wp-content\/uploads\/2022\/12\/Logo2009_RGB_0_81_205-300x120-1.jpg","contentUrl":"https:\/\/www.benefitax.de\/wp-content\/uploads\/2022\/12\/Logo2009_RGB_0_81_205-300x120-1.jpg","width":300,"height":120,"caption":"Steuerberatung | Wirtschaftspr\u00fcfung"},"image":{"@id":"https:\/\/www.benefitax.de\/en\/#\/schema\/logo\/image\/"},"sameAs":["https:\/\/www.facebook.com\/Benefitax\/","https:\/\/x.com\/Benefitax","https:\/\/www.xing.com\/pages\/benefitaxgmbh"]}]}},"_links":{"self":[{"href":"https:\/\/www.benefitax.de\/en\/wp-json\/wp\/v2\/pages\/5199","targetHints":{"allow":["GET"]}}],"collection":[{"href":"https:\/\/www.benefitax.de\/en\/wp-json\/wp\/v2\/pages"}],"about":[{"href":"https:\/\/www.benefitax.de\/en\/wp-json\/wp\/v2\/types\/page"}],"author":[{"embeddable":true,"href":"https:\/\/www.benefitax.de\/en\/wp-json\/wp\/v2\/users\/1"}],"replies":[{"embeddable":true,"href":"https:\/\/www.benefitax.de\/en\/wp-json\/wp\/v2\/comments?post=5199"}],"version-history":[{"count":5,"href":"https:\/\/www.benefitax.de\/en\/wp-json\/wp\/v2\/pages\/5199\/revisions"}],"predecessor-version":[{"id":25992,"href":"https:\/\/www.benefitax.de\/en\/wp-json\/wp\/v2\/pages\/5199\/revisions\/25992"}],"wp:attachment":[{"href":"https:\/\/www.benefitax.de\/en\/wp-json\/wp\/v2\/media?parent=5199"}],"curies":[{"name":"wp","href":"https:\/\/api.w.org\/{rel}","templated":true}]}}