{"id":6620,"date":"2024-12-10T14:41:44","date_gmt":"2024-12-10T13:41:44","guid":{"rendered":"https:\/\/www.benefitax.de\/technical-contributions\/"},"modified":"2026-04-20T16:51:56","modified_gmt":"2026-04-20T14:51:56","slug":"releases","status":"publish","type":"page","link":"https:\/\/www.benefitax.de\/en\/releases\/","title":{"rendered":"Releases"},"content":{"rendered":"\t\t<div data-elementor-type=\"wp-page\" data-elementor-id=\"6620\" class=\"elementor elementor-6620 elementor-5454\" data-elementor-post-type=\"page\">\n\t\t\t\t\t\t<section class=\"elementor-section elementor-top-section elementor-element elementor-element-a861bbd elementor-section-boxed elementor-section-height-default elementor-section-height-default\" data-id=\"a861bbd\" data-element_type=\"section\" data-e-type=\"section\">\n\t\t\t\t\t\t<div class=\"elementor-container elementor-column-gap-default\">\n\t\t\t\t\t<div class=\"elementor-column elementor-col-100 elementor-top-column elementor-element elementor-element-975744a\" data-id=\"975744a\" data-element_type=\"column\" data-e-type=\"column\">\n\t\t\t<div class=\"elementor-widget-wrap elementor-element-populated\">\n\t\t\t\t\t\t<div class=\"elementor-element elementor-element-6b59c41 elementor-widget elementor-widget-heading\" data-id=\"6b59c41\" data-element_type=\"widget\" data-e-type=\"widget\" data-widget_type=\"heading.default\">\n\t\t\t\t<div class=\"elementor-widget-container\">\n\t\t\t\t\t<h2 class=\"elementor-heading-title elementor-size-default\">Specialist articles on tax consulting and auditing<\/h2>\t\t\t\t<\/div>\n\t\t\t\t<\/div>\n\t\t\t\t<section class=\"elementor-section elementor-inner-section elementor-element elementor-element-51ce575 elementor-section-boxed elementor-section-height-default elementor-section-height-default\" data-id=\"51ce575\" data-element_type=\"section\" data-e-type=\"section\">\n\t\t\t\t\t\t<div class=\"elementor-container elementor-column-gap-default\">\n\t\t\t\t\t<div class=\"elementor-column elementor-col-100 elementor-inner-column elementor-element elementor-element-4c798ab\" data-id=\"4c798ab\" data-element_type=\"column\" data-e-type=\"column\">\n\t\t\t<div class=\"elementor-widget-wrap elementor-element-populated\">\n\t\t\t\t\t\t<div class=\"elementor-element elementor-element-5634fff elementor-widget elementor-widget-heading\" data-id=\"5634fff\" data-element_type=\"widget\" data-e-type=\"widget\" data-widget_type=\"heading.default\">\n\t\t\t\t<div class=\"elementor-widget-container\">\n\t\t\t\t\t<h4 class=\"elementor-heading-title elementor-size-default\">Articles \/ judgment reviews \/ publications<\/h4>\t\t\t\t<\/div>\n\t\t\t\t<\/div>\n\t\t\t\t<div class=\"elementor-element elementor-element-36b7f4b elementor-widget elementor-widget-text-editor\" data-id=\"36b7f4b\" data-element_type=\"widget\" data-e-type=\"widget\" data-widget_type=\"text-editor.default\">\n\t\t\t\t<div class=\"elementor-widget-container\">\n\t\t\t\t\t\t\t\t\t<ul><li><a href=\"https:\/\/ggi.turtl.co\/story\/ggi-fyi-international-taxation-news-no-24-april-2026\/page\/7\" target=\"_blank\" rel=\"noopener\">Do I have to report income from abroad on my German tax return?<\/a> <a href=\"https:\/\/ggi.turtl.co\/story\/ggi-fyi-international-taxation-news-no-24-april-2026\/page\/1\">GGI FYI International Taxation Newsletter (Spring 2026)<\/a>, Oliver Biernat<\/li><li><a href=\"https:\/\/www.benefitax.de\/en\/tax-information-april-2026\/#7\" target=\"_blank\" rel=\"noopener\">Changes in the international tax treatment of Home-Office work as permanent Establishments (PEs)<\/a> Benefitax Newsletter April 2026 (Oliver Biernat)<\/li><li><a href=\"https:\/\/www.benefitax.de\/en\/tax-information-april-2026\/#6\" target=\"_blank\" rel=\"noopener\">Criminal Tax Law Risks Associated with Cryptocurrencies<\/a> Benefitax Newsletter April 2026 (Garvin Singh)<\/li><li><a href=\"https:\/\/www.benefitax.de\/en\/tax-information-april-2026\/#5\" target=\"_blank\" rel=\"noopener\">Criminal Tax Law Risks in Tax Audits \u2013 Special Responsibilities of GmbH Managing Directors<\/a> Benefitax Newsletter April 2026 (Garvin Singh)<\/li><li><a href=\"https:\/\/www.benefitax.de\/en\/tax-information-april-2026\/#4\" target=\"_blank\" rel=\"noopener\">Can taxes paid abroad be credited against the German tax liability?<\/a> Benefitax Newsletter April 2026 (Garvin Singh)<\/li><li><a href=\"https:\/\/www.benefitax.de\/en\/tax-information-april-2026\/#3\" target=\"_blank\" rel=\"noopener\">The question of how long initial losses of a subsidiary are tolerated<\/a> Benefitax Newsletter April 2026 (Oliver Biernat)<\/li><li><a href=\"https:\/\/www.benefitax.de\/en\/tax-information-april-2026\/#2\" target=\"_blank\" rel=\"noopener\">Problems with &#8220;actual&#8221; performing shareholder loans<\/a> Benefitax Newsletter April 2026 (Oliver Biernat)<\/li><li><a href=\"https:\/\/www.benefitax.de\/en\/tax-information-december-2025\/#2\" target=\"_blank\" rel=\"noopener\">Accidental unlimited tax liability in Germany of a foreign corporation<\/a> Benefitax Newsletter December 2025 (Oliver Biernat)<\/li><li><a href=\"https:\/\/www.benefitax.de\/en\/tax-information-december-2025\/#3\" target=\"_blank\" rel=\"noopener\">Emigration can be expensive: New tax liability for investment fund holders when moving abroad<\/a> Benefitax Newsletter December 2025 (Oliver Biernat)<\/li><li><a href=\"https:\/\/www.benefitax.de\/en\/tax-information-december-2025\/#4\" target=\"_blank\" rel=\"noopener\">Interest on capital gains tax when refund takes long<\/a> Benefitax Newsletter December 2025 (Oliver Biernat)<\/li><li><a href=\"https:\/\/www.benefitax.de\/en\/tax-information-december-2025\/#5\" target=\"_blank\" rel=\"noopener\">Tax treatment of wages under Double Taxation Treaties<\/a> Benefitax Newsletter December 2025 (Oliver Biernat)<\/li><li><a href=\"https:\/\/www.benefitax.de\/en\/tax-information-december-2025\/#6\" target=\"_blank\" rel=\"noopener\">Transfer Pricing Court decisions<\/a> Benefitax Newsletter December 2025 (Oliver Biernat)<\/li><li><a href=\"https:\/\/www.benefitax.de\/en\/tax-information-december-2025\/#7\" target=\"_blank\" rel=\"noopener\">Changes in 2026<\/a> Benefitax Newsletter December 2025 (Oliver Biernat)<\/li><li><a href=\"https:\/\/www.benefitax.de\/en\/tax-information-december-2025\/#8\" target=\"_blank\" rel=\"noopener\">Proper Invoices \u2013 What You Need to Know in VAT<\/a> Benefitax Newsletter December 2025 (Garvin Singh)<\/li><li><a href=\"https:\/\/www.benefitax.de\/en\/tax-information-december-2025\/#9\" target=\"_blank\" rel=\"noopener\">Verification of VAT IDs for Intra-Community Supplies<\/a> Benefitax Newsletter December 2025 (Garvin Singh)<\/li><li><a href=\"https:\/\/www.benefitax.de\/en\/tax-information-october-2025\/#2\" target=\"_blank\" rel=\"noopener\">New Court decisions on Permanent Establishments<\/a> Benefitax Newsletter October 2025 (Oliver Biernat)<\/li><li><a href=\"https:\/\/www.benefitax.de\/en\/tax-information-october-2025\/#3\" target=\"_blank\" rel=\"noopener\">Tax audit: New sanctions for insufficient cooperation<\/a> Benefitax Newsletter October 2025 (Oliver Biernat)<\/li><li><a href=\"https:\/\/www.benefitax.de\/en\/tax-information-october-2025\/#4\" target=\"_blank\" rel=\"noopener\">Over-indebtedness in the commercial balance-sheet- Consequences and possible remedies<\/a> Benefitax Newsletter October 2025 (Oliver Biernat)<\/li><li><a href=\"https:\/\/www.benefitax.de\/en\/tax-information-october-2025\/#5\" target=\"_blank\" rel=\"noopener\">Transfer Pricing: The new transaction matrix<\/a> Benefitax Newsletter October 2025 (Oliver Biernat)<\/li><li><a href=\"https:\/\/www.benefitax.de\/en\/tax-information-october-2025\/#6\" target=\"_blank\" rel=\"noopener\">Turbo Depreciation and New Benefits for Electric Company Cars<\/a> Benefitax Newsletter October 2025 (Garvin Singh)<\/li><li><a href=\"https:\/\/www.benefitax.de\/en\/tax-information-october-2025\/#5\" target=\"_blank\" rel=\"noopener\">Transfer Pricing: The new transaction matrix<\/a> Benefitax Newsletter October 2025 (Oliver Biernat)<\/li><li><a href=\"https:\/\/www.benefitax.de\/en\/tax-information-july-2025\/#2\" target=\"_blank\" rel=\"noopener\">Tax plans of the new German coalition\/Government<\/a> Benefitax Newsletter July 2025 (Oliver Biernat)<\/li><li><a href=\"https:\/\/www.benefitax.de\/en\/tax-information-july-2025\/#3\" target=\"_blank\" rel=\"noopener\">Changes in the Foreign Trade and Payments Ordinance (AWV)<\/a> Benefitax Newsletter July 2025 (Oliver Biernat)<\/li><li><a href=\"https:\/\/www.benefitax.de\/en\/tax-information-july-2025\/#4\" target=\"_blank\" rel=\"noopener\">Stricter requirements for earn-out clauses in Germany<\/a> Benefitax Newsletter July 2025 (Oliver Biernat)<\/li><li><a href=\"https:\/\/www.benefitax.de\/en\/tax-information-july-2025\/#5\" target=\"_blank\" rel=\"noopener\">Tax implications for influencers<\/a> Benefitax Newsletter July 2025 (Oliver Biernat)<\/li><li><a href=\"https:\/\/www.benefitax.de\/en\/tax-information-july-2025\/#6\" target=\"_blank\" rel=\"noopener\">Online verification of EU VAT Numbers only, starting July 2025<\/a> Benefitax Newsletter July 2025 (Garvin Singh)<\/li><li><a href=\"https:\/\/www.benefitax.de\/en\/tax-information-march-2025\/#2\" target=\"_blank\" rel=\"noopener\">Pay attention when including earn-out clauses in Company purchase agreement<\/a> Benefitax Newsletter March 2025 (Oliver Biernat)<\/li><li><a href=\"https:\/\/www.benefitax.de\/en\/tax-information-march-2025\/#3\" target=\"_blank\" rel=\"noopener\">Double holding structure before the sale of shares<\/a> Benefitax Newsletter March 2025 (Oliver Biernat)<\/li><li><a href=\"https:\/\/www.benefitax.de\/en\/tax-information-march-2025\/#4\" target=\"_blank\" rel=\"noopener\">When are shareholder managing directors of German limited liability companies exempt from German social security contributions?<\/a> Benefitax Newsletter March 2025 (Oliver Biernat)<\/li><li><a href=\"https:\/\/www.benefitax.de\/en\/tax-information-march-2025\/#5\" target=\"_blank\" rel=\"noopener\">Be careful with Triangular transactions as far as VAT is concerned<\/a> Benefitax Newsletter March 2025 (Garvin Singh)<\/li><li><a href=\"https:\/\/www.benefitax.de\/en\/tax-information-march-2025\/#6\" target=\"_blank\" rel=\"noopener\">Withholding Tax on Capital Gains and EU Law<\/a> Benefitax Newsletter March 2025 (Garvin Singh)<\/li><li><a href=\"https:\/\/ggi.turtl.co\/story\/ggi-insider-no-140-november-2025\/page\/9\" target=\"_blank\" rel=\"noopener\">Tips for avoiding an accidential unlimited tax liability of a foreign corporation.<\/a> GGI Insider 140,\u00a0 november 2025\u00a0<\/li><li><a href=\"https:\/\/ggi.turtl.co\/story\/ggi-fyi-international-taxation-news-no-22-april-2025\/page\/10\" target=\"_blank\" rel=\"noopener\">Tax pitfalls of waiver of shareholder loans with rising interes rates<\/a>. <a href=\"https:\/\/ggi.turtl.co\/story\/ggi-fyi-international-taxation-news-no-22-april-2025\/page\/1\" target=\"_blank\" rel=\"noopener\">GGI FYI International Taxation <\/a>\u00a0(Spring 2025), Emre Sahin<\/li><li><a href=\"https:\/\/ggi.turtl.co\/story\/ggi-fyi-gms-news-no-07-march-2025\/page\/4\" target=\"_blank\" rel=\"noopener\">International tax treaties and double taxation challenges<\/a>. <a href=\"https:\/\/ggi.turtl.co\/story\/ggi-fyi-gms-news-no-07-march-2025\/page\/1\" target=\"_blank\" rel=\"noopener\">GGI FYI Global Mobility Solution News<\/a> (March 2025), Oliver Biernat and Feliza Bahamonde<\/li><li><a href=\"https:\/\/ggi.turtl.co\/story\/ggi-fyi-international-taxation-news-no-21-october-2024\/page\/8\">Taxable income from foreign investment funds without sale or distribution!<\/a> <a href=\"https:\/\/ggi.turtl.co\/story\/ggi-fyi-international-taxation-news-no-21-october-2024\/page\/1\">GGI FYI International Taxation News<\/a> (Autum 2024), Oliver Biernat<\/li><li><a href=\"https:\/\/ggi.turtl.co\/story\/ggi-fyi-itpg-news-no-20-spring-2024\/page\/9\">How to increase the net salary of employees in Germany: Tax free benefits<\/a> <a href=\"https:\/\/ggi.turtl.co\/story\/ggi-fyi-itpg-news-no-20-spring-2024\/page\/1\">GGI FYI Newsletter International Taxation (Spring 2024)<\/a>, (Oliver Biernat)<\/li><li><a href=\"https:\/\/ggi.turtl.co\/story\/ggi-itpg-special-edition-news-no-3-2023-transfer-pricing-filing-obligations\/page\/7\">Key information on International Transfer Pricing Filing Regulations in Gemany<\/a>; GGI FYI Newsletter Special Edition &#8220;Transfer Pricing&#8221;, Autmn 2023, (Oliver Biernat)<\/li><li><a href=\"https:\/\/www.benefitax.de\/wp-content\/uploads\/2025\/02\/ggi_itpg_newsletter_16_spring_2022_article-Biernat-Rajah-Bairagra.pdf\" target=\"_blank\" rel=\"noopener\">Global minimum tax agreement<\/a> GGI FYI Newsletter International Taxation (Spring 2022), (Oliver Biernat, Ashish Bairagra, Alan Rajah)<\/li><li><a href=\"https:\/\/www.benefitax.de\/wp-content\/uploads\/2025\/02\/ggi_itpg_newsletter_16_spring_2022_article-Biernat-Rajah-Bairagra.pdf\" target=\"_blank\" rel=\"noopener\">VAT registration needed for sales in online marketplaces in Germany despite purely VAT exempt sale<\/a> GGI FYI Newsletter Indirekt Taxes (Spring 2022), (Martin Thieslauk)<\/li><li><a href=\"https:\/\/www.benefitax.de\/wp-content\/uploads\/2025\/02\/ggi_tep_newsletter_08_autumn_2021_Artikel-MT-ZV.pdf\" target=\"_blank\" rel=\"noopener\">Gift tax trap for intra-family transactions in Germany<\/a>, <a href=\"https:\/\/www.benefitax.de\/wp-content\/uploads\/2025\/02\/ggi_tep_newsletter_08_autumn_2021.pdf\" target=\"_blank\" rel=\"noopener\">GGI FYI Newsletter Trust &amp; Estate Planning, (Autumn 2021)<\/a> (Martin Thieslauk &amp; Zlata Velagic)<\/li><li><a href=\"https:\/\/www.benefitax.de\/wp-content\/uploads\/2025\/02\/ggi_itpg_newsletter_15_autumn_2021_Artikel-Biernat.pdf\" target=\"_blank\" rel=\"noopener\">10 Tax Tips You Should be Aware of Before Relocating to Germany<\/a>, GGI FYI Newsletter International Taxation, (Autumn 2021) (Oliver Biernat)<\/li><li><a href=\"https:\/\/www.benefitax.de\/wp-content\/uploads\/2025\/02\/ggi_itpg_newsletter_14_spring_2021_Artikel_Biernat.pdf\" target=\"_blank\" rel=\"noopener\">Considerations of Financing Inbound Investments into Germany, <\/a> GGI FYI Newsletter International Taxation, (Spring 2021) (Oliver Biernat)<\/li><li><a href=\"https:\/\/www.benefitax.de\/wp-content\/uploads\/2025\/02\/ggi_dcri_se_01_corona_june_2020_Artikel_Biernat.pdf\">Extraordinary Insolvency Filing Rules Resulting from COVID-19 in Germany,<\/a> GGI FYI Newsletter Debt, Collection, Restructuring &amp; Insolvency (Special Edition 01\/2020) (Oliver Biernat)<\/li><li><a href=\"https:\/\/www.benefitax.de\/wp-content\/uploads\/2025\/02\/ggi_fyi_05_2020_Trust-Estate-Planning_article_Biernat.pdf\" target=\"_blank\" rel=\"noopener\">Tax Implications of Beneficiaries of Foreign Trusts Moving to Germany.<\/a> GGI FYI Newsetter Trust and Estate Planning (Spring 2020) (Oliver Biernat)<\/li><li><a href=\"https:\/\/www.benefitax.de\/wp-content\/uploads\/2025\/02\/Ovierview_Regulations_in_Germany.pdf\" target=\"_blank\" rel=\"noopener\">Quick Overview of the International Tax Compliance Regulations in Germany<\/a>. GGI FYI International Taxation News, Special Edition: <a href=\"https:\/\/www.benefitax.de\/wp-content\/uploads\/2025\/02\/ggi_itpg_tax_compliance_special.pdf\" target=\"_blank\" rel=\"noopener\">Working Together to Optimize International Tax Compliance<\/a>, February 2020 (Oliver Biernat)<\/li><li>Operators of Internet Marketplaces are Liable for the VAT of Their Traders, <a href=\"https:\/\/www.benefitax.de\/wp-content\/uploads\/2025\/02\/GGI_Indirect_Taxes_Spring_2019.pdf\" target=\"_blank\" rel=\"noopener\">GGI FYI International Newsletter, Indirect Taxes<\/a>, April 2019 (Susann Roll)<\/li><li>Donations and Inheritances &#8211; When do You Need to Inform German Tax Authorities, <a href=\"https:\/\/www.benefitax.de\/wp-content\/uploads\/2025\/02\/GGI_Trust_Estate_Planing_Spring_2019.pdf\" target=\"_blank\" rel=\"noopener\">GGI FYI International Newsletter, Trust Estate &amp; Planning,\u00a0<\/a> April 2019 (Oliver Biernat)<\/li><li>Trade or private activity? <a href=\"https:\/\/www.benefitax.de\/wp-content\/uploads\/2019\/07\/Trading-or-privat-activity.pdf\">GGI FYI International Taxation News, Special Edition: The Taxation of Income of Cryptocurrencies in Varoious Jurisdictions<\/a>, March 2019 (Oliver Biernat)<\/li><li>Segmentation of loss-making activities within a company, <a href=\"https:\/\/www.benefitax.de\/wp-content\/uploads\/2025\/02\/GGI_Trust_Estate_Planing_Spring_2019.pdf\" target=\"_blank\" rel=\"noopener\">GGI FYI International Taxation Newsletter<\/a>, October 2018 (Oliver Biernat)<\/li><li><a href=\"https:\/\/www.benefitax.de\/wp-content\/uploads\/2025\/02\/Insider_Bitcoin_2018_97.pdf\" target=\"_blank\" rel=\"noopener\">Tax Treatment of cryptocurrencies such as Bitcoin in Germany<\/a>, article published in GGI Insider No. 95, page 29, (by Oliver Biernat), article also available <a href=\"https:\/\/www.benefitax.de\/steuerliche-behandlung-von-kryptowaehrungen-wie-bitcoins-co\/\">here<\/a> on the homepage<\/li><li>Investing in Germany &#8211; business delegation of the greater Frankfurt region in India: <a href=\"https:\/\/www.benefitax.de\/wp-content\/uploads\/2025\/02\/2013_India_Automotive_PR.pdf\" target=\"_blank\" rel=\"noopener\">Automotive<\/a> and IT, MOTORINDIA, 12\/2013<\/li><li>Press series\u00a0on &#8216;Establishing a Business in Germany&#8217;, &#8216;Traps when Running a Business in Germany&#8217; and &#8216;Traps when Optimizing the Tax Structure of a German Unit&#8217;, published in <a href=\"https:\/\/www.benefitax.de\/wp-content\/uploads\/2025\/02\/Schreenshots_Englisch_Alternat.pdf\" target=\"_blank\" rel=\"noopener\">English<\/a> and <a href=\"https:\/\/www.benefitax.de\/wp-content\/uploads\/2025\/02\/Screenshots_Spanisch.pdf\" target=\"_blank\" rel=\"noopener\">Spanish<\/a><\/li><li><a href=\"https:\/\/www.benefitax.de\/wp-content\/uploads\/2025\/02\/SuccessfulBusiness_Auszug.pdf\" target=\"_blank\" rel=\"noopener\">Successful Business in Germany<\/a> -Law\u00a0and\u00a0Tax\u00a0Guide, by Benefitax GmbH &amp; Salger Rechtsanw\u00e4lte, 10\/2011 (see abstract)<\/li><\/ul>\t\t\t\t\t\t\t\t<\/div>\n\t\t\t\t<\/div>\n\t\t\t\t\t<\/div>\n\t\t<\/div>\n\t\t\t\t\t<\/div>\n\t\t<\/section>\n\t\t\t\t\t<\/div>\n\t\t<\/div>\n\t\t\t\t\t<\/div>\n\t\t<\/section>\n\t\t\t\t<\/div>\n\t\t","protected":false},"excerpt":{"rendered":"<p>Specialist articles on tax consulting and auditing Articles \/ judgment reviews \/ publications Do I have to report income from abroad on my German tax return? GGI FYI International Taxation Newsletter (Spring 2026), Oliver Biernat Changes in the international tax treatment of Home-Office work as permanent Establishments (PEs) Benefitax Newsletter April 2026 (Oliver Biernat) Criminal [&hellip;]<\/p>\n","protected":false},"author":2,"featured_media":0,"parent":0,"menu_order":0,"comment_status":"closed","ping_status":"closed","template":"","meta":{"_acf_changed":false,"footnotes":""},"class_list":["post-6620","page","type-page","status-publish","hentry"],"acf":[],"yoast_head":"<!-- This site is optimized with the Yoast SEO plugin v27.4 - https:\/\/yoast.com\/product\/yoast-seo-wordpress\/ -->\n<title>Releases - Steuerberatung | Wirtschaftspr\u00fcfung<\/title>\n<meta name=\"description\" content=\"Our specialist articles on tax consulting and auditing - publications with added information value for taxpayers and companies.\" \/>\n<meta name=\"robots\" content=\"index, follow, max-snippet:-1, max-image-preview:large, max-video-preview:-1\" \/>\n<link rel=\"canonical\" href=\"https:\/\/www.benefitax.de\/en\/releases\/\" \/>\n<meta property=\"og:locale\" content=\"en_US\" \/>\n<meta property=\"og:type\" content=\"article\" \/>\n<meta property=\"og:title\" content=\"Releases - Steuerberatung | Wirtschaftspr\u00fcfung\" \/>\n<meta property=\"og:description\" content=\"Our specialist articles on tax consulting and auditing - publications with added information value for taxpayers and companies.\" \/>\n<meta property=\"og:url\" content=\"https:\/\/www.benefitax.de\/en\/releases\/\" \/>\n<meta property=\"og:site_name\" content=\"Steuerberatung | Wirtschaftspr\u00fcfung\" \/>\n<meta property=\"article:publisher\" content=\"https:\/\/www.facebook.com\/Benefitax\/\" \/>\n<meta property=\"article:modified_time\" content=\"2026-04-20T14:51:56+00:00\" \/>\n<meta name=\"twitter:card\" content=\"summary_large_image\" \/>\n<meta name=\"twitter:site\" content=\"@Benefitax\" \/>\n<meta name=\"twitter:label1\" content=\"Est. reading time\" \/>\n\t<meta name=\"twitter:data1\" content=\"5 minutes\" \/>\n<script type=\"application\/ld+json\" class=\"yoast-schema-graph\">{\"@context\":\"https:\\\/\\\/schema.org\",\"@graph\":[{\"@type\":\"WebPage\",\"@id\":\"https:\\\/\\\/www.benefitax.de\\\/en\\\/releases\\\/\",\"url\":\"https:\\\/\\\/www.benefitax.de\\\/en\\\/releases\\\/\",\"name\":\"Releases - Steuerberatung | Wirtschaftspr\u00fcfung\",\"isPartOf\":{\"@id\":\"https:\\\/\\\/www.benefitax.de\\\/en\\\/#website\"},\"datePublished\":\"2024-12-10T13:41:44+00:00\",\"dateModified\":\"2026-04-20T14:51:56+00:00\",\"description\":\"Our specialist articles on tax consulting and auditing - publications with added information value for taxpayers and companies.\",\"breadcrumb\":{\"@id\":\"https:\\\/\\\/www.benefitax.de\\\/en\\\/releases\\\/#breadcrumb\"},\"inLanguage\":\"en-US\",\"potentialAction\":[{\"@type\":\"ReadAction\",\"target\":[\"https:\\\/\\\/www.benefitax.de\\\/en\\\/releases\\\/\"]}]},{\"@type\":\"BreadcrumbList\",\"@id\":\"https:\\\/\\\/www.benefitax.de\\\/en\\\/releases\\\/#breadcrumb\",\"itemListElement\":[{\"@type\":\"ListItem\",\"position\":1,\"name\":\"Startseite\",\"item\":\"https:\\\/\\\/www.benefitax.de\\\/en\\\/\"},{\"@type\":\"ListItem\",\"position\":2,\"name\":\"Releases\"}]},{\"@type\":\"WebSite\",\"@id\":\"https:\\\/\\\/www.benefitax.de\\\/en\\\/#website\",\"url\":\"https:\\\/\\\/www.benefitax.de\\\/en\\\/\",\"name\":\"Steuerberatung | Wirtschaftspr\u00fcfung\",\"description\":\"Steuerberater f\u00fcr den Mittelstand und f\u00fcr verm\u00f6gende Privatpersonen\",\"publisher\":{\"@id\":\"https:\\\/\\\/www.benefitax.de\\\/en\\\/#organization\"},\"potentialAction\":[{\"@type\":\"SearchAction\",\"target\":{\"@type\":\"EntryPoint\",\"urlTemplate\":\"https:\\\/\\\/www.benefitax.de\\\/en\\\/?s={search_term_string}\"},\"query-input\":{\"@type\":\"PropertyValueSpecification\",\"valueRequired\":true,\"valueName\":\"search_term_string\"}}],\"inLanguage\":\"en-US\"},{\"@type\":\"Organization\",\"@id\":\"https:\\\/\\\/www.benefitax.de\\\/en\\\/#organization\",\"name\":\"Steuerberatung | Wirtschaftspr\u00fcfung\",\"url\":\"https:\\\/\\\/www.benefitax.de\\\/en\\\/\",\"logo\":{\"@type\":\"ImageObject\",\"inLanguage\":\"en-US\",\"@id\":\"https:\\\/\\\/www.benefitax.de\\\/en\\\/#\\\/schema\\\/logo\\\/image\\\/\",\"url\":\"https:\\\/\\\/www.benefitax.de\\\/wp-content\\\/uploads\\\/2022\\\/12\\\/Logo2009_RGB_0_81_205-300x120-1.jpg\",\"contentUrl\":\"https:\\\/\\\/www.benefitax.de\\\/wp-content\\\/uploads\\\/2022\\\/12\\\/Logo2009_RGB_0_81_205-300x120-1.jpg\",\"width\":300,\"height\":120,\"caption\":\"Steuerberatung | Wirtschaftspr\u00fcfung\"},\"image\":{\"@id\":\"https:\\\/\\\/www.benefitax.de\\\/en\\\/#\\\/schema\\\/logo\\\/image\\\/\"},\"sameAs\":[\"https:\\\/\\\/www.facebook.com\\\/Benefitax\\\/\",\"https:\\\/\\\/x.com\\\/Benefitax\",\"https:\\\/\\\/www.xing.com\\\/pages\\\/benefitaxgmbh\"]}]}<\/script>\n<!-- \/ Yoast SEO plugin. -->","yoast_head_json":{"title":"Releases - Steuerberatung | Wirtschaftspr\u00fcfung","description":"Our specialist articles on tax consulting and auditing - publications with added information value for taxpayers and companies.","robots":{"index":"index","follow":"follow","max-snippet":"max-snippet:-1","max-image-preview":"max-image-preview:large","max-video-preview":"max-video-preview:-1"},"canonical":"https:\/\/www.benefitax.de\/en\/releases\/","og_locale":"en_US","og_type":"article","og_title":"Releases - Steuerberatung | Wirtschaftspr\u00fcfung","og_description":"Our specialist articles on tax consulting and auditing - publications with added information value for taxpayers and companies.","og_url":"https:\/\/www.benefitax.de\/en\/releases\/","og_site_name":"Steuerberatung | Wirtschaftspr\u00fcfung","article_publisher":"https:\/\/www.facebook.com\/Benefitax\/","article_modified_time":"2026-04-20T14:51:56+00:00","twitter_card":"summary_large_image","twitter_site":"@Benefitax","twitter_misc":{"Est. reading time":"5 minutes"},"schema":{"@context":"https:\/\/schema.org","@graph":[{"@type":"WebPage","@id":"https:\/\/www.benefitax.de\/en\/releases\/","url":"https:\/\/www.benefitax.de\/en\/releases\/","name":"Releases - Steuerberatung | Wirtschaftspr\u00fcfung","isPartOf":{"@id":"https:\/\/www.benefitax.de\/en\/#website"},"datePublished":"2024-12-10T13:41:44+00:00","dateModified":"2026-04-20T14:51:56+00:00","description":"Our specialist articles on tax consulting and auditing - publications with added information value for taxpayers and companies.","breadcrumb":{"@id":"https:\/\/www.benefitax.de\/en\/releases\/#breadcrumb"},"inLanguage":"en-US","potentialAction":[{"@type":"ReadAction","target":["https:\/\/www.benefitax.de\/en\/releases\/"]}]},{"@type":"BreadcrumbList","@id":"https:\/\/www.benefitax.de\/en\/releases\/#breadcrumb","itemListElement":[{"@type":"ListItem","position":1,"name":"Startseite","item":"https:\/\/www.benefitax.de\/en\/"},{"@type":"ListItem","position":2,"name":"Releases"}]},{"@type":"WebSite","@id":"https:\/\/www.benefitax.de\/en\/#website","url":"https:\/\/www.benefitax.de\/en\/","name":"Steuerberatung | Wirtschaftspr\u00fcfung","description":"Steuerberater f\u00fcr den Mittelstand und f\u00fcr verm\u00f6gende Privatpersonen","publisher":{"@id":"https:\/\/www.benefitax.de\/en\/#organization"},"potentialAction":[{"@type":"SearchAction","target":{"@type":"EntryPoint","urlTemplate":"https:\/\/www.benefitax.de\/en\/?s={search_term_string}"},"query-input":{"@type":"PropertyValueSpecification","valueRequired":true,"valueName":"search_term_string"}}],"inLanguage":"en-US"},{"@type":"Organization","@id":"https:\/\/www.benefitax.de\/en\/#organization","name":"Steuerberatung | Wirtschaftspr\u00fcfung","url":"https:\/\/www.benefitax.de\/en\/","logo":{"@type":"ImageObject","inLanguage":"en-US","@id":"https:\/\/www.benefitax.de\/en\/#\/schema\/logo\/image\/","url":"https:\/\/www.benefitax.de\/wp-content\/uploads\/2022\/12\/Logo2009_RGB_0_81_205-300x120-1.jpg","contentUrl":"https:\/\/www.benefitax.de\/wp-content\/uploads\/2022\/12\/Logo2009_RGB_0_81_205-300x120-1.jpg","width":300,"height":120,"caption":"Steuerberatung | Wirtschaftspr\u00fcfung"},"image":{"@id":"https:\/\/www.benefitax.de\/en\/#\/schema\/logo\/image\/"},"sameAs":["https:\/\/www.facebook.com\/Benefitax\/","https:\/\/x.com\/Benefitax","https:\/\/www.xing.com\/pages\/benefitaxgmbh"]}]}},"_links":{"self":[{"href":"https:\/\/www.benefitax.de\/en\/wp-json\/wp\/v2\/pages\/6620","targetHints":{"allow":["GET"]}}],"collection":[{"href":"https:\/\/www.benefitax.de\/en\/wp-json\/wp\/v2\/pages"}],"about":[{"href":"https:\/\/www.benefitax.de\/en\/wp-json\/wp\/v2\/types\/page"}],"author":[{"embeddable":true,"href":"https:\/\/www.benefitax.de\/en\/wp-json\/wp\/v2\/users\/2"}],"replies":[{"embeddable":true,"href":"https:\/\/www.benefitax.de\/en\/wp-json\/wp\/v2\/comments?post=6620"}],"version-history":[{"count":5,"href":"https:\/\/www.benefitax.de\/en\/wp-json\/wp\/v2\/pages\/6620\/revisions"}],"predecessor-version":[{"id":26156,"href":"https:\/\/www.benefitax.de\/en\/wp-json\/wp\/v2\/pages\/6620\/revisions\/26156"}],"wp:attachment":[{"href":"https:\/\/www.benefitax.de\/en\/wp-json\/wp\/v2\/media?parent=6620"}],"curies":[{"name":"wp","href":"https:\/\/api.w.org\/{rel}","templated":true}]}}