{"id":6893,"date":"2024-02-08T12:34:05","date_gmt":"2024-02-08T11:34:05","guid":{"rendered":"https:\/\/www.benefitax.de\/german-income-tax-returns-for-foreigners\/"},"modified":"2025-04-15T12:17:01","modified_gmt":"2025-04-15T10:17:01","slug":"german-income-tax-returns-for-foreigners","status":"publish","type":"page","link":"https:\/\/www.benefitax.de\/en\/german-income-tax-returns-for-foreigners\/","title":{"rendered":"German income tax returns for foreigners"},"content":{"rendered":"\t\t<div data-elementor-type=\"wp-page\" data-elementor-id=\"6893\" class=\"elementor elementor-6893 elementor-2785\" data-elementor-post-type=\"page\">\n\t\t\t\t\t\t<section class=\"elementor-section elementor-top-section elementor-element elementor-element-7fd3cab elementor-section-height-min-height elementor-section-boxed elementor-section-height-default elementor-section-items-middle\" data-id=\"7fd3cab\" data-element_type=\"section\" data-e-type=\"section\" data-settings=\"{&quot;background_background&quot;:&quot;classic&quot;}\">\n\t\t\t\t\t\t<div class=\"elementor-container elementor-column-gap-default\">\n\t\t\t\t\t<div class=\"elementor-column elementor-col-100 elementor-top-column elementor-element elementor-element-b291cc7\" data-id=\"b291cc7\" data-element_type=\"column\" data-e-type=\"column\">\n\t\t\t<div class=\"elementor-widget-wrap elementor-element-populated\">\n\t\t\t\t\t\t<div class=\"elementor-element elementor-element-a9e681b elementor-widget elementor-widget-heading\" data-id=\"a9e681b\" data-element_type=\"widget\" data-e-type=\"widget\" data-widget_type=\"heading.default\">\n\t\t\t\t<div class=\"elementor-widget-container\">\n\t\t\t\t\t<h1 class=\"elementor-heading-title elementor-size-default\">German income tax returns for foreigners with German income<\/h1>\t\t\t\t<\/div>\n\t\t\t\t<\/div>\n\t\t\t\t\t<\/div>\n\t\t<\/div>\n\t\t\t\t\t<\/div>\n\t\t<\/section>\n\t\t\t\t<section class=\"elementor-section elementor-top-section elementor-element elementor-element-c5ca5fb elementor-section-boxed elementor-section-height-default elementor-section-height-default\" data-id=\"c5ca5fb\" data-element_type=\"section\" data-e-type=\"section\">\n\t\t\t\t\t\t<div class=\"elementor-container elementor-column-gap-default\">\n\t\t\t\t\t<div class=\"elementor-column elementor-col-100 elementor-top-column elementor-element elementor-element-0bd6b9b\" data-id=\"0bd6b9b\" data-element_type=\"column\" data-e-type=\"column\">\n\t\t\t<div class=\"elementor-widget-wrap elementor-element-populated\">\n\t\t\t\t\t\t<div class=\"elementor-element elementor-element-1c3cd2e elementor-widget elementor-widget-spacer\" data-id=\"1c3cd2e\" data-element_type=\"widget\" data-e-type=\"widget\" data-widget_type=\"spacer.default\">\n\t\t\t\t<div class=\"elementor-widget-container\">\n\t\t\t\t\t\t\t<div class=\"elementor-spacer\">\n\t\t\t<div class=\"elementor-spacer-inner\"><\/div>\n\t\t<\/div>\n\t\t\t\t\t\t<\/div>\n\t\t\t\t<\/div>\n\t\t\t\t<div class=\"elementor-element elementor-element-119df69 elementor-widget elementor-widget-heading\" data-id=\"119df69\" data-element_type=\"widget\" data-e-type=\"widget\" data-widget_type=\"heading.default\">\n\t\t\t\t<div class=\"elementor-widget-container\">\n\t\t\t\t\t<h2 class=\"elementor-heading-title elementor-size-default\">Living outside Germany - receiving income from Germany\n<\/h2>\t\t\t\t<\/div>\n\t\t\t\t<\/div>\n\t\t\t\t<section class=\"elementor-section elementor-inner-section elementor-element elementor-element-3116784 elementor-section-boxed elementor-section-height-default elementor-section-height-default\" data-id=\"3116784\" data-element_type=\"section\" data-e-type=\"section\">\n\t\t\t\t\t\t<div class=\"elementor-container elementor-column-gap-default\">\n\t\t\t\t\t<div class=\"elementor-column elementor-col-100 elementor-inner-column elementor-element elementor-element-b55c4e4\" data-id=\"b55c4e4\" data-element_type=\"column\" data-e-type=\"column\">\n\t\t\t<div class=\"elementor-widget-wrap elementor-element-populated\">\n\t\t\t\t\t\t<div class=\"elementor-element elementor-element-9835c9f elementor-widget elementor-widget-text-editor\" data-id=\"9835c9f\" data-element_type=\"widget\" data-e-type=\"widget\" data-widget_type=\"text-editor.default\">\n\t\t\t\t<div class=\"elementor-widget-container\">\n\t\t\t\t\t\t\t\t\t<p>Anyone who lives outside Germany and earns income from German sources is generally taxed in&nbsp;<strong>Germany only subject to limited tax liability<\/strong>. In this case, you do not have to declare all your income worldwide, but only the income from German sources here. We will be happy to clarify for you whether you have limited or unlimited tax liability in Germany or whether you have to submit a declaration at all, based on your place of residence, habitual abode and type of income.  &nbsp;<\/p>\t\t\t\t\t\t\t\t<\/div>\n\t\t\t\t<\/div>\n\t\t\t\t\t<\/div>\n\t\t<\/div>\n\t\t\t\t\t<\/div>\n\t\t<\/section>\n\t\t\t\t<section class=\"elementor-section elementor-inner-section elementor-element elementor-element-73a1520 elementor-section-boxed elementor-section-height-default elementor-section-height-default\" data-id=\"73a1520\" data-element_type=\"section\" data-e-type=\"section\">\n\t\t\t\t\t\t<div class=\"elementor-container elementor-column-gap-default\">\n\t\t\t\t\t<div class=\"elementor-column elementor-col-50 elementor-inner-column elementor-element elementor-element-d4e5c83\" data-id=\"d4e5c83\" data-element_type=\"column\" data-e-type=\"column\">\n\t\t\t<div class=\"elementor-widget-wrap elementor-element-populated\">\n\t\t\t\t\t\t<div class=\"elementor-element elementor-element-8862a2e elementor-widget elementor-widget-heading\" data-id=\"8862a2e\" data-element_type=\"widget\" data-e-type=\"widget\" data-widget_type=\"heading.default\">\n\t\t\t\t<div class=\"elementor-widget-container\">\n\t\t\t\t\t<h4 class=\"elementor-heading-title elementor-size-default\">Limited tax liability in Germany also means that not all taxes are deductible<\/h4>\t\t\t\t<\/div>\n\t\t\t\t<\/div>\n\t\t\t\t<div class=\"elementor-element elementor-element-ea576d0 elementor-widget elementor-widget-text-editor\" data-id=\"ea576d0\" data-element_type=\"widget\" data-e-type=\"widget\" data-widget_type=\"text-editor.default\">\n\t\t\t\t<div class=\"elementor-widget-container\">\n\t\t\t\t\t\t\t\t\t<p>If you have income abroad, e.g. from a German company, the fact that you have limited tax liability will also reduce the amount of deductible expenses. Not all expenses that would be deductible for a person with unlimited tax liability are tax deductible here. <\/p>\t\t\t\t\t\t\t\t<\/div>\n\t\t\t\t<\/div>\n\t\t\t\t<div class=\"elementor-element elementor-element-f666e36 elementor-align-center elementor-widget elementor-widget-button\" data-id=\"f666e36\" data-element_type=\"widget\" data-e-type=\"widget\" data-widget_type=\"button.default\">\n\t\t\t\t<div class=\"elementor-widget-container\">\n\t\t\t\t\t\t\t\t\t<div class=\"elementor-button-wrapper\">\n\t\t\t\t\t<a class=\"elementor-button elementor-button-link elementor-size-sm\" href=\"https:\/\/www.benefitax.de\/en\/contact\/\">\n\t\t\t\t\t\t<span class=\"elementor-button-content-wrapper\">\n\t\t\t\t\t\t\t\t\t<span class=\"elementor-button-text\">Contact us now<\/span>\n\t\t\t\t\t<\/span>\n\t\t\t\t\t<\/a>\n\t\t\t\t<\/div>\n\t\t\t\t\t\t\t\t<\/div>\n\t\t\t\t<\/div>\n\t\t\t\t\t<\/div>\n\t\t<\/div>\n\t\t\t\t<div class=\"elementor-column elementor-col-50 elementor-inner-column elementor-element elementor-element-dfc6e41\" data-id=\"dfc6e41\" data-element_type=\"column\" data-e-type=\"column\">\n\t\t\t<div class=\"elementor-widget-wrap elementor-element-populated\">\n\t\t\t\t\t\t<div class=\"elementor-element elementor-element-ca8c981 elementor-widget elementor-widget-image\" data-id=\"ca8c981\" data-element_type=\"widget\" data-e-type=\"widget\" data-widget_type=\"image.default\">\n\t\t\t\t<div class=\"elementor-widget-container\">\n\t\t\t\t\t\t\t\t\t\t\t\t\t\t\t<img fetchpriority=\"high\" decoding=\"async\" width=\"430\" height=\"286\" src=\"https:\/\/www.benefitax.de\/wp-content\/uploads\/2024\/02\/Deutsche-Einkommensteuererklaerungen-fuer-Auslaender-430x286-1.jpg\" class=\"attachment-large size-large wp-image-3680\" alt=\"\" srcset=\"https:\/\/www.benefitax.de\/wp-content\/uploads\/2024\/02\/Deutsche-Einkommensteuererklaerungen-fuer-Auslaender-430x286-1.jpg 430w, https:\/\/www.benefitax.de\/wp-content\/uploads\/2024\/02\/Deutsche-Einkommensteuererklaerungen-fuer-Auslaender-430x286-1-300x200.jpg 300w\" sizes=\"(max-width: 430px) 100vw, 430px\" \/>\t\t\t\t\t\t\t\t\t\t\t\t\t\t\t<\/div>\n\t\t\t\t<\/div>\n\t\t\t\t\t<\/div>\n\t\t<\/div>\n\t\t\t\t\t<\/div>\n\t\t<\/section>\n\t\t\t\t\t<\/div>\n\t\t<\/div>\n\t\t\t\t\t<\/div>\n\t\t<\/section>\n\t\t\t\t<section class=\"elementor-section elementor-top-section elementor-element elementor-element-26865bd elementor-section-boxed elementor-section-height-default elementor-section-height-default\" data-id=\"26865bd\" data-element_type=\"section\" data-e-type=\"section\" data-settings=\"{&quot;background_background&quot;:&quot;classic&quot;}\">\n\t\t\t\t\t\t<div class=\"elementor-container elementor-column-gap-default\">\n\t\t\t\t\t<div class=\"elementor-column elementor-col-50 elementor-top-column elementor-element elementor-element-e1c0b18\" data-id=\"e1c0b18\" data-element_type=\"column\" data-e-type=\"column\">\n\t\t\t<div class=\"elementor-widget-wrap elementor-element-populated\">\n\t\t\t\t\t\t<div class=\"elementor-element elementor-element-1955a81 elementor-widget elementor-widget-heading\" data-id=\"1955a81\" data-element_type=\"widget\" data-e-type=\"widget\" data-widget_type=\"heading.default\">\n\t\t\t\t<div class=\"elementor-widget-container\">\n\t\t\t\t\t<h4 class=\"elementor-heading-title elementor-size-default\">What do you have to pay tax on in Germany from abroad? Ask us! <\/h4>\t\t\t\t<\/div>\n\t\t\t\t<\/div>\n\t\t\t\t<div class=\"elementor-element elementor-element-1e992f4 elementor-widget elementor-widget-text-editor\" data-id=\"1e992f4\" data-element_type=\"widget\" data-e-type=\"widget\" data-widget_type=\"text-editor.default\">\n\t\t\t\t<div class=\"elementor-widget-container\">\n\t\t\t\t\t\t\t\t\t<p>We can advise you on which income you have to pay tax on in Germany. Perhaps withholding tax has already been deducted and withheld from your income to cover your German tax liability? This usually depends on the type of income. If you are unsure whether you have to declare income in Germany, we will check this for you. If you have a tax liability and do not comply with it within the deadlines, this is tax evasion and can be punished accordingly.    <\/p>\t\t\t\t\t\t\t\t<\/div>\n\t\t\t\t<\/div>\n\t\t\t\t\t<\/div>\n\t\t<\/div>\n\t\t\t\t<div class=\"elementor-column elementor-col-50 elementor-top-column elementor-element elementor-element-59d3f5e\" data-id=\"59d3f5e\" data-element_type=\"column\" data-e-type=\"column\">\n\t\t\t<div class=\"elementor-widget-wrap elementor-element-populated\">\n\t\t\t\t\t\t<div class=\"elementor-element elementor-element-77e2b9a elementor-widget elementor-widget-heading\" data-id=\"77e2b9a\" data-element_type=\"widget\" data-e-type=\"widget\" data-widget_type=\"heading.default\">\n\t\t\t\t<div class=\"elementor-widget-container\">\n\t\t\t\t\t<h4 class=\"elementor-heading-title elementor-size-default\">Let us prepare your income tax returns and represent you at the tax office!<\/h4>\t\t\t\t<\/div>\n\t\t\t\t<\/div>\n\t\t\t\t<div class=\"elementor-element elementor-element-f19f8fb elementor-widget elementor-widget-text-editor\" data-id=\"f19f8fb\" data-element_type=\"widget\" data-e-type=\"widget\" data-widget_type=\"text-editor.default\">\n\t\t\t\t<div class=\"elementor-widget-container\">\n\t\t\t\t\t\t\t\t\t<p>If required, you are welcome to hand over the preparation of German <a href=\"https:\/\/www.benefitax.de\/en\/income-tax-and-income-tax-return\/\" target=\"_blank\" rel=\"noopener\">income tax returns <\/a>to us and also leave the communication with the tax office to us. We do not prepare tax returns in other countries. But we probably know an expert there who can do this for you. If you would like us to put you in touch with one, please do not hesitate to contact us.<\/p>\t\t\t\t\t\t\t\t<\/div>\n\t\t\t\t<\/div>\n\t\t\t\t\t<\/div>\n\t\t<\/div>\n\t\t\t\t\t<\/div>\n\t\t<\/section>\n\t\t\t\t<section class=\"elementor-section elementor-top-section elementor-element elementor-element-bacf7a1 elementor-section-boxed elementor-section-height-default elementor-section-height-default\" data-id=\"bacf7a1\" data-element_type=\"section\" data-e-type=\"section\">\n\t\t\t\t\t\t<div class=\"elementor-container elementor-column-gap-default\">\n\t\t\t\t\t<div class=\"elementor-column elementor-col-100 elementor-top-column elementor-element elementor-element-b7c31fc\" data-id=\"b7c31fc\" data-element_type=\"column\" data-e-type=\"column\">\n\t\t\t<div class=\"elementor-widget-wrap elementor-element-populated\">\n\t\t\t\t\t\t<div class=\"elementor-element elementor-element-81fbfcf elementor-widget elementor-widget-spacer\" data-id=\"81fbfcf\" data-element_type=\"widget\" data-e-type=\"widget\" data-widget_type=\"spacer.default\">\n\t\t\t\t<div class=\"elementor-widget-container\">\n\t\t\t\t\t\t\t<div class=\"elementor-spacer\">\n\t\t\t<div class=\"elementor-spacer-inner\"><\/div>\n\t\t<\/div>\n\t\t\t\t\t\t<\/div>\n\t\t\t\t<\/div>\n\t\t\t\t<div class=\"elementor-element elementor-element-f00a9ab elementor-widget elementor-widget-text-editor\" data-id=\"f00a9ab\" data-element_type=\"widget\" data-e-type=\"widget\" data-widget_type=\"text-editor.default\">\n\t\t\t\t<div class=\"elementor-widget-container\">\n\t\t\t\t\t\t\t\t\t<div class=\"hr av-h6898-1173ed3245746d4c67c6ca245f66ee90 hr-invisible avia-builder-el-11 el_before_av_textblock avia-builder-el-first \"><h4>Live abroad and receive income from Germany.<\/h4><h4>Remember that these may be taxable in Germany.<\/h4><\/div><h2 class=\"av-special-heading-tag\">Give us a call: +49<a href=\"tel:+496925622760\">69-25622760<\/a><br>Write to us: <a href=\"mailto:info@benefitax.de\">info@benefitax.de<\/a><\/h2>\t\t\t\t\t\t\t\t<\/div>\n\t\t\t\t<\/div>\n\t\t\t\t\t<\/div>\n\t\t<\/div>\n\t\t\t\t\t<\/div>\n\t\t<\/section>\n\t\t\t\t<\/div>\n\t\t","protected":false},"excerpt":{"rendered":"<p>German income tax returns for foreigners with German income Living outside Germany &#8211; receiving income from Germany Anyone who lives outside Germany and earns income from German sources is generally taxed in&nbsp;Germany only subject to limited tax liability. In this case, you do not have to declare all your income worldwide, but only the income [&hellip;]<\/p>\n","protected":false},"author":2,"featured_media":0,"parent":0,"menu_order":0,"comment_status":"closed","ping_status":"closed","template":"","meta":{"_acf_changed":false,"footnotes":""},"class_list":["post-6893","page","type-page","status-publish","hentry"],"acf":[],"yoast_head":"<!-- This site is optimized with the Yoast SEO plugin v27.4 - https:\/\/yoast.com\/product\/yoast-seo-wordpress\/ -->\n<title>Foreigners with German income: Income tax | Benefitax GmbH<\/title>\n<meta name=\"description\" content=\"German income tax returns for foreigners with German income \u25b7 What do you have to pay tax on? \u25b7 What can you deduct? \u25b7 +49-69-25622760\" \/>\n<meta name=\"robots\" content=\"index, follow, max-snippet:-1, max-image-preview:large, max-video-preview:-1\" \/>\n<link rel=\"canonical\" href=\"https:\/\/www.benefitax.de\/en\/german-income-tax-returns-for-foreigners\/\" \/>\n<meta property=\"og:locale\" content=\"en_US\" \/>\n<meta property=\"og:type\" content=\"article\" \/>\n<meta property=\"og:title\" content=\"Foreigners with German income: Income tax | Benefitax GmbH\" \/>\n<meta property=\"og:description\" content=\"German income tax returns for foreigners with German income \u25b7 What do you have to pay tax on? \u25b7 What can you deduct? \u25b7 +49-69-25622760\" \/>\n<meta property=\"og:url\" content=\"https:\/\/www.benefitax.de\/en\/german-income-tax-returns-for-foreigners\/\" \/>\n<meta property=\"og:site_name\" content=\"Steuerberatung | Wirtschaftspr\u00fcfung\" \/>\n<meta property=\"article:publisher\" content=\"https:\/\/www.facebook.com\/Benefitax\/\" \/>\n<meta property=\"article:modified_time\" content=\"2025-04-15T10:17:01+00:00\" \/>\n<meta property=\"og:image\" content=\"https:\/\/www.benefitax.de\/wp-content\/uploads\/2024\/02\/Deutsche-Einkommensteuererklaerungen-fuer-Auslaender-430x286-1.jpg\" \/>\n<meta name=\"twitter:card\" content=\"summary_large_image\" \/>\n<meta name=\"twitter:site\" content=\"@Benefitax\" \/>\n<meta name=\"twitter:label1\" content=\"Est. reading time\" \/>\n\t<meta name=\"twitter:data1\" content=\"2 minutes\" \/>\n<script type=\"application\/ld+json\" class=\"yoast-schema-graph\">{\"@context\":\"https:\\\/\\\/schema.org\",\"@graph\":[{\"@type\":\"WebPage\",\"@id\":\"https:\\\/\\\/www.benefitax.de\\\/en\\\/german-income-tax-returns-for-foreigners\\\/\",\"url\":\"https:\\\/\\\/www.benefitax.de\\\/en\\\/german-income-tax-returns-for-foreigners\\\/\",\"name\":\"Foreigners with German income: Income tax | Benefitax GmbH\",\"isPartOf\":{\"@id\":\"https:\\\/\\\/www.benefitax.de\\\/en\\\/#website\"},\"primaryImageOfPage\":{\"@id\":\"https:\\\/\\\/www.benefitax.de\\\/en\\\/german-income-tax-returns-for-foreigners\\\/#primaryimage\"},\"image\":{\"@id\":\"https:\\\/\\\/www.benefitax.de\\\/en\\\/german-income-tax-returns-for-foreigners\\\/#primaryimage\"},\"thumbnailUrl\":\"https:\\\/\\\/www.benefitax.de\\\/wp-content\\\/uploads\\\/2024\\\/02\\\/Deutsche-Einkommensteuererklaerungen-fuer-Auslaender-430x286-1.jpg\",\"datePublished\":\"2024-02-08T11:34:05+00:00\",\"dateModified\":\"2025-04-15T10:17:01+00:00\",\"description\":\"German income tax returns for foreigners with German income \u25b7 What do you have to pay tax on? \u25b7 What can you deduct? \u25b7 +49-69-25622760\",\"breadcrumb\":{\"@id\":\"https:\\\/\\\/www.benefitax.de\\\/en\\\/german-income-tax-returns-for-foreigners\\\/#breadcrumb\"},\"inLanguage\":\"en-US\",\"potentialAction\":[{\"@type\":\"ReadAction\",\"target\":[\"https:\\\/\\\/www.benefitax.de\\\/en\\\/german-income-tax-returns-for-foreigners\\\/\"]}]},{\"@type\":\"ImageObject\",\"inLanguage\":\"en-US\",\"@id\":\"https:\\\/\\\/www.benefitax.de\\\/en\\\/german-income-tax-returns-for-foreigners\\\/#primaryimage\",\"url\":\"https:\\\/\\\/www.benefitax.de\\\/wp-content\\\/uploads\\\/2024\\\/02\\\/Deutsche-Einkommensteuererklaerungen-fuer-Auslaender-430x286-1.jpg\",\"contentUrl\":\"https:\\\/\\\/www.benefitax.de\\\/wp-content\\\/uploads\\\/2024\\\/02\\\/Deutsche-Einkommensteuererklaerungen-fuer-Auslaender-430x286-1.jpg\"},{\"@type\":\"BreadcrumbList\",\"@id\":\"https:\\\/\\\/www.benefitax.de\\\/en\\\/german-income-tax-returns-for-foreigners\\\/#breadcrumb\",\"itemListElement\":[{\"@type\":\"ListItem\",\"position\":1,\"name\":\"Startseite\",\"item\":\"https:\\\/\\\/www.benefitax.de\\\/en\\\/\"},{\"@type\":\"ListItem\",\"position\":2,\"name\":\"German income tax returns for foreigners\"}]},{\"@type\":\"WebSite\",\"@id\":\"https:\\\/\\\/www.benefitax.de\\\/en\\\/#website\",\"url\":\"https:\\\/\\\/www.benefitax.de\\\/en\\\/\",\"name\":\"Steuerberatung | Wirtschaftspr\u00fcfung\",\"description\":\"Steuerberater f\u00fcr den Mittelstand und f\u00fcr verm\u00f6gende Privatpersonen\",\"publisher\":{\"@id\":\"https:\\\/\\\/www.benefitax.de\\\/en\\\/#organization\"},\"potentialAction\":[{\"@type\":\"SearchAction\",\"target\":{\"@type\":\"EntryPoint\",\"urlTemplate\":\"https:\\\/\\\/www.benefitax.de\\\/en\\\/?s={search_term_string}\"},\"query-input\":{\"@type\":\"PropertyValueSpecification\",\"valueRequired\":true,\"valueName\":\"search_term_string\"}}],\"inLanguage\":\"en-US\"},{\"@type\":\"Organization\",\"@id\":\"https:\\\/\\\/www.benefitax.de\\\/en\\\/#organization\",\"name\":\"Steuerberatung | Wirtschaftspr\u00fcfung\",\"url\":\"https:\\\/\\\/www.benefitax.de\\\/en\\\/\",\"logo\":{\"@type\":\"ImageObject\",\"inLanguage\":\"en-US\",\"@id\":\"https:\\\/\\\/www.benefitax.de\\\/en\\\/#\\\/schema\\\/logo\\\/image\\\/\",\"url\":\"https:\\\/\\\/www.benefitax.de\\\/wp-content\\\/uploads\\\/2022\\\/12\\\/Logo2009_RGB_0_81_205-300x120-1.jpg\",\"contentUrl\":\"https:\\\/\\\/www.benefitax.de\\\/wp-content\\\/uploads\\\/2022\\\/12\\\/Logo2009_RGB_0_81_205-300x120-1.jpg\",\"width\":300,\"height\":120,\"caption\":\"Steuerberatung | Wirtschaftspr\u00fcfung\"},\"image\":{\"@id\":\"https:\\\/\\\/www.benefitax.de\\\/en\\\/#\\\/schema\\\/logo\\\/image\\\/\"},\"sameAs\":[\"https:\\\/\\\/www.facebook.com\\\/Benefitax\\\/\",\"https:\\\/\\\/x.com\\\/Benefitax\",\"https:\\\/\\\/www.xing.com\\\/pages\\\/benefitaxgmbh\"]}]}<\/script>\n<!-- \/ Yoast SEO plugin. -->","yoast_head_json":{"title":"Foreigners with German income: Income tax | Benefitax GmbH","description":"German income tax returns for foreigners with German income \u25b7 What do you have to pay tax on? \u25b7 What can you deduct? \u25b7 +49-69-25622760","robots":{"index":"index","follow":"follow","max-snippet":"max-snippet:-1","max-image-preview":"max-image-preview:large","max-video-preview":"max-video-preview:-1"},"canonical":"https:\/\/www.benefitax.de\/en\/german-income-tax-returns-for-foreigners\/","og_locale":"en_US","og_type":"article","og_title":"Foreigners with German income: Income tax | Benefitax GmbH","og_description":"German income tax returns for foreigners with German income \u25b7 What do you have to pay tax on? \u25b7 What can you deduct? \u25b7 +49-69-25622760","og_url":"https:\/\/www.benefitax.de\/en\/german-income-tax-returns-for-foreigners\/","og_site_name":"Steuerberatung | Wirtschaftspr\u00fcfung","article_publisher":"https:\/\/www.facebook.com\/Benefitax\/","article_modified_time":"2025-04-15T10:17:01+00:00","og_image":[{"url":"https:\/\/www.benefitax.de\/wp-content\/uploads\/2024\/02\/Deutsche-Einkommensteuererklaerungen-fuer-Auslaender-430x286-1.jpg","type":"","width":"","height":""}],"twitter_card":"summary_large_image","twitter_site":"@Benefitax","twitter_misc":{"Est. reading time":"2 minutes"},"schema":{"@context":"https:\/\/schema.org","@graph":[{"@type":"WebPage","@id":"https:\/\/www.benefitax.de\/en\/german-income-tax-returns-for-foreigners\/","url":"https:\/\/www.benefitax.de\/en\/german-income-tax-returns-for-foreigners\/","name":"Foreigners with German income: Income tax | Benefitax GmbH","isPartOf":{"@id":"https:\/\/www.benefitax.de\/en\/#website"},"primaryImageOfPage":{"@id":"https:\/\/www.benefitax.de\/en\/german-income-tax-returns-for-foreigners\/#primaryimage"},"image":{"@id":"https:\/\/www.benefitax.de\/en\/german-income-tax-returns-for-foreigners\/#primaryimage"},"thumbnailUrl":"https:\/\/www.benefitax.de\/wp-content\/uploads\/2024\/02\/Deutsche-Einkommensteuererklaerungen-fuer-Auslaender-430x286-1.jpg","datePublished":"2024-02-08T11:34:05+00:00","dateModified":"2025-04-15T10:17:01+00:00","description":"German income tax returns for foreigners with German income \u25b7 What do you have to pay tax on? \u25b7 What can you deduct? \u25b7 +49-69-25622760","breadcrumb":{"@id":"https:\/\/www.benefitax.de\/en\/german-income-tax-returns-for-foreigners\/#breadcrumb"},"inLanguage":"en-US","potentialAction":[{"@type":"ReadAction","target":["https:\/\/www.benefitax.de\/en\/german-income-tax-returns-for-foreigners\/"]}]},{"@type":"ImageObject","inLanguage":"en-US","@id":"https:\/\/www.benefitax.de\/en\/german-income-tax-returns-for-foreigners\/#primaryimage","url":"https:\/\/www.benefitax.de\/wp-content\/uploads\/2024\/02\/Deutsche-Einkommensteuererklaerungen-fuer-Auslaender-430x286-1.jpg","contentUrl":"https:\/\/www.benefitax.de\/wp-content\/uploads\/2024\/02\/Deutsche-Einkommensteuererklaerungen-fuer-Auslaender-430x286-1.jpg"},{"@type":"BreadcrumbList","@id":"https:\/\/www.benefitax.de\/en\/german-income-tax-returns-for-foreigners\/#breadcrumb","itemListElement":[{"@type":"ListItem","position":1,"name":"Startseite","item":"https:\/\/www.benefitax.de\/en\/"},{"@type":"ListItem","position":2,"name":"German income tax returns for foreigners"}]},{"@type":"WebSite","@id":"https:\/\/www.benefitax.de\/en\/#website","url":"https:\/\/www.benefitax.de\/en\/","name":"Steuerberatung | Wirtschaftspr\u00fcfung","description":"Steuerberater f\u00fcr den Mittelstand und f\u00fcr verm\u00f6gende Privatpersonen","publisher":{"@id":"https:\/\/www.benefitax.de\/en\/#organization"},"potentialAction":[{"@type":"SearchAction","target":{"@type":"EntryPoint","urlTemplate":"https:\/\/www.benefitax.de\/en\/?s={search_term_string}"},"query-input":{"@type":"PropertyValueSpecification","valueRequired":true,"valueName":"search_term_string"}}],"inLanguage":"en-US"},{"@type":"Organization","@id":"https:\/\/www.benefitax.de\/en\/#organization","name":"Steuerberatung | Wirtschaftspr\u00fcfung","url":"https:\/\/www.benefitax.de\/en\/","logo":{"@type":"ImageObject","inLanguage":"en-US","@id":"https:\/\/www.benefitax.de\/en\/#\/schema\/logo\/image\/","url":"https:\/\/www.benefitax.de\/wp-content\/uploads\/2022\/12\/Logo2009_RGB_0_81_205-300x120-1.jpg","contentUrl":"https:\/\/www.benefitax.de\/wp-content\/uploads\/2022\/12\/Logo2009_RGB_0_81_205-300x120-1.jpg","width":300,"height":120,"caption":"Steuerberatung | Wirtschaftspr\u00fcfung"},"image":{"@id":"https:\/\/www.benefitax.de\/en\/#\/schema\/logo\/image\/"},"sameAs":["https:\/\/www.facebook.com\/Benefitax\/","https:\/\/x.com\/Benefitax","https:\/\/www.xing.com\/pages\/benefitaxgmbh"]}]}},"_links":{"self":[{"href":"https:\/\/www.benefitax.de\/en\/wp-json\/wp\/v2\/pages\/6893","targetHints":{"allow":["GET"]}}],"collection":[{"href":"https:\/\/www.benefitax.de\/en\/wp-json\/wp\/v2\/pages"}],"about":[{"href":"https:\/\/www.benefitax.de\/en\/wp-json\/wp\/v2\/types\/page"}],"author":[{"embeddable":true,"href":"https:\/\/www.benefitax.de\/en\/wp-json\/wp\/v2\/users\/2"}],"replies":[{"embeddable":true,"href":"https:\/\/www.benefitax.de\/en\/wp-json\/wp\/v2\/comments?post=6893"}],"version-history":[{"count":5,"href":"https:\/\/www.benefitax.de\/en\/wp-json\/wp\/v2\/pages\/6893\/revisions"}],"predecessor-version":[{"id":24018,"href":"https:\/\/www.benefitax.de\/en\/wp-json\/wp\/v2\/pages\/6893\/revisions\/24018"}],"wp:attachment":[{"href":"https:\/\/www.benefitax.de\/en\/wp-json\/wp\/v2\/media?parent=6893"}],"curies":[{"name":"wp","href":"https:\/\/api.w.org\/{rel}","templated":true}]}}