{"id":6897,"date":"2024-06-06T22:53:43","date_gmt":"2024-06-06T20:53:43","guid":{"rendered":"https:\/\/www.benefitax.de\/worth-knowing\/"},"modified":"2025-03-19T17:18:38","modified_gmt":"2025-03-19T16:18:38","slug":"good-to-know","status":"publish","type":"page","link":"https:\/\/www.benefitax.de\/en\/good-to-know\/","title":{"rendered":"Good to Know"},"content":{"rendered":"\t\t<div data-elementor-type=\"wp-page\" data-elementor-id=\"6897\" class=\"elementor elementor-6897 elementor-3805\" data-elementor-post-type=\"page\">\n\t\t\t\t\t\t<section class=\"elementor-section elementor-top-section elementor-element elementor-element-d6b1a7b elementor-section-boxed elementor-section-height-default elementor-section-height-default\" data-id=\"d6b1a7b\" data-element_type=\"section\" data-e-type=\"section\">\n\t\t\t\t\t\t<div class=\"elementor-container elementor-column-gap-default\">\n\t\t\t\t\t<div class=\"elementor-column elementor-col-100 elementor-top-column elementor-element elementor-element-37d14a6\" data-id=\"37d14a6\" data-element_type=\"column\" data-e-type=\"column\">\n\t\t\t<div class=\"elementor-widget-wrap elementor-element-populated\">\n\t\t\t\t\t\t\t<\/div>\n\t\t<\/div>\n\t\t\t\t\t<\/div>\n\t\t<\/section>\n\t\t\t\t<\/div>\n\t\t","protected":false},"excerpt":{"rendered":"","protected":false},"author":1,"featured_media":0,"parent":0,"menu_order":0,"comment_status":"closed","ping_status":"closed","template":"","meta":{"_acf_changed":false,"footnotes":""},"class_list":["post-6897","page","type-page","status-publish","hentry"],"acf":[],"yoast_head":"<!-- This site is optimized with the Yoast SEO plugin v27.3 - https:\/\/yoast.com\/product\/yoast-seo-wordpress\/ -->\n<title>Good to Know - Steuerberatung | Wirtschaftspr\u00fcfung<\/title>\n<meta name=\"robots\" content=\"index, follow, max-snippet:-1, max-image-preview:large, max-video-preview:-1\" \/>\n<link rel=\"canonical\" href=\"https:\/\/www.benefitax.de\/en\/good-to-know\/\" \/>\n<meta property=\"og:locale\" content=\"en_US\" \/>\n<meta property=\"og:type\" content=\"article\" \/>\n<meta property=\"og:title\" content=\"Good to Know - Steuerberatung | Wirtschaftspr\u00fcfung\" \/>\n<meta property=\"og:url\" content=\"https:\/\/www.benefitax.de\/en\/good-to-know\/\" \/>\n<meta property=\"og:site_name\" content=\"Steuerberatung | Wirtschaftspr\u00fcfung\" \/>\n<meta property=\"article:publisher\" content=\"https:\/\/www.facebook.com\/Benefitax\/\" \/>\n<meta property=\"article:modified_time\" content=\"2025-03-19T16:18:38+00:00\" \/>\n<meta name=\"twitter:card\" content=\"summary_large_image\" \/>\n<meta name=\"twitter:site\" content=\"@Benefitax\" \/>\n<script type=\"application\/ld+json\" class=\"yoast-schema-graph\">{\"@context\":\"https:\\\/\\\/schema.org\",\"@graph\":[{\"@type\":\"WebPage\",\"@id\":\"https:\\\/\\\/www.benefitax.de\\\/en\\\/good-to-know\\\/\",\"url\":\"https:\\\/\\\/www.benefitax.de\\\/en\\\/good-to-know\\\/\",\"name\":\"Good to Know - Steuerberatung | Wirtschaftspr\u00fcfung\",\"isPartOf\":{\"@id\":\"https:\\\/\\\/www.benefitax.de\\\/en\\\/#website\"},\"datePublished\":\"2024-06-06T20:53:43+00:00\",\"dateModified\":\"2025-03-19T16:18:38+00:00\",\"breadcrumb\":{\"@id\":\"https:\\\/\\\/www.benefitax.de\\\/en\\\/good-to-know\\\/#breadcrumb\"},\"inLanguage\":\"en-US\",\"potentialAction\":[{\"@type\":\"ReadAction\",\"target\":[\"https:\\\/\\\/www.benefitax.de\\\/en\\\/good-to-know\\\/\"]}]},{\"@type\":\"BreadcrumbList\",\"@id\":\"https:\\\/\\\/www.benefitax.de\\\/en\\\/good-to-know\\\/#breadcrumb\",\"itemListElement\":[{\"@type\":\"ListItem\",\"position\":1,\"name\":\"Startseite\",\"item\":\"https:\\\/\\\/www.benefitax.de\\\/en\\\/\"},{\"@type\":\"ListItem\",\"position\":2,\"name\":\"Good to Know\"}]},{\"@type\":\"WebSite\",\"@id\":\"https:\\\/\\\/www.benefitax.de\\\/en\\\/#website\",\"url\":\"https:\\\/\\\/www.benefitax.de\\\/en\\\/\",\"name\":\"Steuerberatung | Wirtschaftspr\u00fcfung\",\"description\":\"Steuerberater f\u00fcr den Mittelstand und f\u00fcr verm\u00f6gende Privatpersonen\",\"publisher\":{\"@id\":\"https:\\\/\\\/www.benefitax.de\\\/en\\\/#organization\"},\"potentialAction\":[{\"@type\":\"SearchAction\",\"target\":{\"@type\":\"EntryPoint\",\"urlTemplate\":\"https:\\\/\\\/www.benefitax.de\\\/en\\\/?s={search_term_string}\"},\"query-input\":{\"@type\":\"PropertyValueSpecification\",\"valueRequired\":true,\"valueName\":\"search_term_string\"}}],\"inLanguage\":\"en-US\"},{\"@type\":\"Organization\",\"@id\":\"https:\\\/\\\/www.benefitax.de\\\/en\\\/#organization\",\"name\":\"Steuerberatung | Wirtschaftspr\u00fcfung\",\"url\":\"https:\\\/\\\/www.benefitax.de\\\/en\\\/\",\"logo\":{\"@type\":\"ImageObject\",\"inLanguage\":\"en-US\",\"@id\":\"https:\\\/\\\/www.benefitax.de\\\/en\\\/#\\\/schema\\\/logo\\\/image\\\/\",\"url\":\"https:\\\/\\\/www.benefitax.de\\\/wp-content\\\/uploads\\\/2022\\\/12\\\/Logo2009_RGB_0_81_205-300x120-1.jpg\",\"contentUrl\":\"https:\\\/\\\/www.benefitax.de\\\/wp-content\\\/uploads\\\/2022\\\/12\\\/Logo2009_RGB_0_81_205-300x120-1.jpg\",\"width\":300,\"height\":120,\"caption\":\"Steuerberatung | Wirtschaftspr\u00fcfung\"},\"image\":{\"@id\":\"https:\\\/\\\/www.benefitax.de\\\/en\\\/#\\\/schema\\\/logo\\\/image\\\/\"},\"sameAs\":[\"https:\\\/\\\/www.facebook.com\\\/Benefitax\\\/\",\"https:\\\/\\\/x.com\\\/Benefitax\",\"https:\\\/\\\/www.xing.com\\\/pages\\\/benefitaxgmbh\"]}]}<\/script>\n<!-- \/ Yoast SEO plugin. -->","yoast_head_json":{"title":"Good to Know - Steuerberatung | Wirtschaftspr\u00fcfung","robots":{"index":"index","follow":"follow","max-snippet":"max-snippet:-1","max-image-preview":"max-image-preview:large","max-video-preview":"max-video-preview:-1"},"canonical":"https:\/\/www.benefitax.de\/en\/good-to-know\/","og_locale":"en_US","og_type":"article","og_title":"Good to Know - Steuerberatung | Wirtschaftspr\u00fcfung","og_url":"https:\/\/www.benefitax.de\/en\/good-to-know\/","og_site_name":"Steuerberatung | Wirtschaftspr\u00fcfung","article_publisher":"https:\/\/www.facebook.com\/Benefitax\/","article_modified_time":"2025-03-19T16:18:38+00:00","twitter_card":"summary_large_image","twitter_site":"@Benefitax","schema":{"@context":"https:\/\/schema.org","@graph":[{"@type":"WebPage","@id":"https:\/\/www.benefitax.de\/en\/good-to-know\/","url":"https:\/\/www.benefitax.de\/en\/good-to-know\/","name":"Good to Know - Steuerberatung | Wirtschaftspr\u00fcfung","isPartOf":{"@id":"https:\/\/www.benefitax.de\/en\/#website"},"datePublished":"2024-06-06T20:53:43+00:00","dateModified":"2025-03-19T16:18:38+00:00","breadcrumb":{"@id":"https:\/\/www.benefitax.de\/en\/good-to-know\/#breadcrumb"},"inLanguage":"en-US","potentialAction":[{"@type":"ReadAction","target":["https:\/\/www.benefitax.de\/en\/good-to-know\/"]}]},{"@type":"BreadcrumbList","@id":"https:\/\/www.benefitax.de\/en\/good-to-know\/#breadcrumb","itemListElement":[{"@type":"ListItem","position":1,"name":"Startseite","item":"https:\/\/www.benefitax.de\/en\/"},{"@type":"ListItem","position":2,"name":"Good to Know"}]},{"@type":"WebSite","@id":"https:\/\/www.benefitax.de\/en\/#website","url":"https:\/\/www.benefitax.de\/en\/","name":"Steuerberatung | Wirtschaftspr\u00fcfung","description":"Steuerberater f\u00fcr den Mittelstand und f\u00fcr verm\u00f6gende Privatpersonen","publisher":{"@id":"https:\/\/www.benefitax.de\/en\/#organization"},"potentialAction":[{"@type":"SearchAction","target":{"@type":"EntryPoint","urlTemplate":"https:\/\/www.benefitax.de\/en\/?s={search_term_string}"},"query-input":{"@type":"PropertyValueSpecification","valueRequired":true,"valueName":"search_term_string"}}],"inLanguage":"en-US"},{"@type":"Organization","@id":"https:\/\/www.benefitax.de\/en\/#organization","name":"Steuerberatung | Wirtschaftspr\u00fcfung","url":"https:\/\/www.benefitax.de\/en\/","logo":{"@type":"ImageObject","inLanguage":"en-US","@id":"https:\/\/www.benefitax.de\/en\/#\/schema\/logo\/image\/","url":"https:\/\/www.benefitax.de\/wp-content\/uploads\/2022\/12\/Logo2009_RGB_0_81_205-300x120-1.jpg","contentUrl":"https:\/\/www.benefitax.de\/wp-content\/uploads\/2022\/12\/Logo2009_RGB_0_81_205-300x120-1.jpg","width":300,"height":120,"caption":"Steuerberatung | Wirtschaftspr\u00fcfung"},"image":{"@id":"https:\/\/www.benefitax.de\/en\/#\/schema\/logo\/image\/"},"sameAs":["https:\/\/www.facebook.com\/Benefitax\/","https:\/\/x.com\/Benefitax","https:\/\/www.xing.com\/pages\/benefitaxgmbh"]}]}},"_links":{"self":[{"href":"https:\/\/www.benefitax.de\/en\/wp-json\/wp\/v2\/pages\/6897","targetHints":{"allow":["GET"]}}],"collection":[{"href":"https:\/\/www.benefitax.de\/en\/wp-json\/wp\/v2\/pages"}],"about":[{"href":"https:\/\/www.benefitax.de\/en\/wp-json\/wp\/v2\/types\/page"}],"author":[{"embeddable":true,"href":"https:\/\/www.benefitax.de\/en\/wp-json\/wp\/v2\/users\/1"}],"replies":[{"embeddable":true,"href":"https:\/\/www.benefitax.de\/en\/wp-json\/wp\/v2\/comments?post=6897"}],"version-history":[{"count":2,"href":"https:\/\/www.benefitax.de\/en\/wp-json\/wp\/v2\/pages\/6897\/revisions"}],"predecessor-version":[{"id":6899,"href":"https:\/\/www.benefitax.de\/en\/wp-json\/wp\/v2\/pages\/6897\/revisions\/6899"}],"wp:attachment":[{"href":"https:\/\/www.benefitax.de\/en\/wp-json\/wp\/v2\/media?parent=6897"}],"curies":[{"name":"wp","href":"https:\/\/api.w.org\/{rel}","templated":true}]}}